{"id":397,"date":"2025-12-24T05:46:23","date_gmt":"2025-12-24T05:46:23","guid":{"rendered":"https:\/\/bisigortayap.com\/?page_id=397"},"modified":"2025-12-24T05:50:41","modified_gmt":"2025-12-24T05:50:41","slug":"teminat","status":"publish","type":"page","link":"https:\/\/bisigortayap.com\/index.php\/teminat\/","title":{"rendered":"Teminat Y\u00f6netimi"},"content":{"rendered":"\t\t<div data-elementor-type=\"wp-page\" data-elementor-id=\"397\" class=\"elementor elementor-397\" data-elementor-post-type=\"page\">\n\t\t\t\t<div class=\"elementor-element elementor-element-0213643 e-flex e-con-boxed e-con e-parent\" data-id=\"0213643\" data-element_type=\"container\" data-e-type=\"container\">\n\t\t\t\t\t<div class=\"e-con-inner\">\n\t\t\t\t<div class=\"elementor-element elementor-element-cf157c3 elementor-widget elementor-widget-text-editor\" data-id=\"cf157c3\" data-element_type=\"widget\" data-e-type=\"widget\" data-widget_type=\"text-editor.default\">\n\t\t\t\t\t\t\t\t\t<h2 data-start=\"261\" data-end=\"316\">\ud83d\udd10 Teminat Y\u00f6netimi Nedir?\u00a0<\/h2><h3 data-start=\"318\" data-end=\"369\"><strong data-start=\"322\" data-end=\"369\">Teminat Y\u00f6netimi ile Sigortada Do\u011fru Koruma<\/strong><\/h3><p data-start=\"370\" data-end=\"642\">Sigorta poli\u00e7elerinde en \u00f6nemli unsur, do\u011fru teminatlar\u0131n do\u011fru limitlerle belirlenmesidir. <strong data-start=\"462\" data-end=\"482\">Teminat y\u00f6netimi<\/strong>, sigortal\u0131n\u0131n ihtiya\u00e7lar\u0131na uygun teminatlar\u0131n analiz edilmesi, gereksiz teminatlar\u0131n ay\u0131klanmas\u0131 ve olas\u0131 risklere kar\u015f\u0131 maksimum koruma sa\u011flanmas\u0131 s\u00fcrecidir.<\/p><p data-start=\"644\" data-end=\"935\">Bir\u00e7ok sigortal\u0131, poli\u00e7esindeki teminatlar\u0131n kapsam\u0131n\u0131 tam olarak bilmeden sigorta yapt\u0131rmaktad\u0131r. Bu durum, hasar an\u0131nda beklenmeyen ma\u011fduriyetlere yol a\u00e7abilir. Profesyonel teminat y\u00f6netimi sayesinde hem b\u00fct\u00e7enize uygun hem de risklerinizi eksiksiz kapsayan poli\u00e7elere sahip olabilirsiniz.<\/p><h3 data-start=\"937\" data-end=\"988\"><strong data-start=\"941\" data-end=\"988\">Neden Teminat Y\u00f6netimi Hizmeti Almal\u0131s\u0131n\u0131z?<\/strong><\/h3><ul data-start=\"989\" data-end=\"1288\"><li data-start=\"989\" data-end=\"1047\"><p data-start=\"991\" data-end=\"1047\">Poli\u00e7enizde <strong data-start=\"1003\" data-end=\"1047\">eksik veya fazla teminatlar\u0131 tespit eder<\/strong><\/p><\/li><li data-start=\"1048\" data-end=\"1100\"><p data-start=\"1050\" data-end=\"1100\">Hasar an\u0131nda <strong data-start=\"1063\" data-end=\"1100\">s\u00fcrprizlerle kar\u015f\u0131la\u015fman\u0131z\u0131 \u00f6nler<\/strong><\/p><\/li><li data-start=\"1101\" data-end=\"1153\"><p data-start=\"1103\" data-end=\"1153\">Ayn\u0131 primle <strong data-start=\"1115\" data-end=\"1146\">daha geni\u015f kapsaml\u0131 g\u00fcvence<\/strong> sa\u011flar<\/p><\/li><li data-start=\"1154\" data-end=\"1218\"><p data-start=\"1156\" data-end=\"1218\">G\u00fcncel mevzuat ve sigorta \u015fartlar\u0131na uygunluk kontrol\u00fc yap\u0131l\u0131r<\/p><\/li><li data-start=\"1219\" data-end=\"1288\"><p data-start=\"1221\" data-end=\"1288\">Farkl\u0131 sigorta \u015firketleri aras\u0131nda <strong data-start=\"1256\" data-end=\"1282\">kar\u015f\u0131la\u015ft\u0131rmal\u0131 analiz<\/strong> sunar<\/p><\/li><\/ul><h3 data-start=\"1290\" data-end=\"1342\"><strong data-start=\"1294\" data-end=\"1342\">Hangi Bran\u015flarda Teminat Y\u00f6netimi Yap\u0131yoruz?<\/strong><\/h3><ul data-start=\"1343\" data-end=\"1565\"><li data-start=\"1343\" data-end=\"1377\"><p data-start=\"1345\" data-end=\"1377\">\ud83d\ude97 <strong data-start=\"1348\" data-end=\"1377\">Kasko ve Trafik Sigortas\u0131<\/strong><\/p><\/li><li data-start=\"1378\" data-end=\"1402\"><p data-start=\"1380\" data-end=\"1402\">\ud83c\udfe0 <strong data-start=\"1383\" data-end=\"1402\">Konut Sigortas\u0131<\/strong><\/p><\/li><li data-start=\"1403\" data-end=\"1452\"><p data-start=\"1405\" data-end=\"1452\">\ud83c\udfe5 <strong data-start=\"1408\" data-end=\"1452\">Sa\u011fl\u0131k ve Tamamlay\u0131c\u0131 Sa\u011fl\u0131k Sigortalar\u0131<\/strong><\/p><\/li><li data-start=\"1453\" data-end=\"1499\"><p data-start=\"1455\" data-end=\"1499\">\ud83d\udc68\u200d\ud83d\udc69\u200d\ud83d\udc67 <strong data-start=\"1464\" data-end=\"1499\">Hayat ve Ferdi Kaza Sigortalar\u0131<\/strong><\/p><\/li><li data-start=\"1500\" data-end=\"1536\"><p data-start=\"1502\" data-end=\"1536\">\ud83c\udfe2 <strong data-start=\"1505\" data-end=\"1536\">\u0130\u015fyeri ve Ticari Sigortalar<\/strong><\/p><\/li><li data-start=\"1537\" data-end=\"1565\"><p data-start=\"1539\" data-end=\"1565\">\ud83c\udf0d <strong data-start=\"1542\" data-end=\"1565\">Seyahat Sigortalar\u0131<\/strong><\/p><\/li><\/ul><p data-start=\"1567\" data-end=\"1694\">Her bran\u015f i\u00e7in riskler farkl\u0131d\u0131r. Bu nedenle teminat y\u00f6netimi, standart de\u011fil <strong data-start=\"1645\" data-end=\"1673\">ki\u015fiye ve i\u015fletmeye \u00f6zel<\/strong> olarak yap\u0131lmal\u0131d\u0131r.<\/p><h3 data-start=\"1696\" data-end=\"1730\"><strong data-start=\"1700\" data-end=\"1730\">Teminat Y\u00f6netimi S\u00fcrecimiz<\/strong><\/h3><ol data-start=\"1731\" data-end=\"1984\"><li data-start=\"1731\" data-end=\"1782\"><p data-start=\"1734\" data-end=\"1782\">Mevcut poli\u00e7eleriniz detayl\u0131 \u015fekilde incelenir<\/p><\/li><li data-start=\"1783\" data-end=\"1827\"><p data-start=\"1786\" data-end=\"1827\">Risk analizi ve ihtiya\u00e7 tespiti yap\u0131l\u0131r<\/p><\/li><li data-start=\"1828\" data-end=\"1878\"><p data-start=\"1831\" data-end=\"1878\">Alternatif teminat ve limit \u00f6nerileri sunulur<\/p><\/li><li data-start=\"1879\" data-end=\"1925\"><p data-start=\"1882\" data-end=\"1925\">En uygun prim\u2013teminat dengesi olu\u015fturulur<\/p><\/li><li data-start=\"1926\" data-end=\"1984\"><p data-start=\"1929\" data-end=\"1984\">Poli\u00e7e yenileme d\u00f6nemlerinde d\u00fczenli kontrol sa\u011flan\u0131r<\/p><\/li><\/ol><h3 data-start=\"1986\" data-end=\"2024\"><strong data-start=\"1990\" data-end=\"2024\">Do\u011fru Teminat, G\u00fcvenli Gelecek<\/strong><\/h3><p data-start=\"2025\" data-end=\"2179\">Teminat y\u00f6netimi sayesinde yaln\u0131zca bir poli\u00e7e de\u011fil, <strong data-start=\"2079\" data-end=\"2101\">ger\u00e7ek bir g\u00fcvence<\/strong> sat\u0131n al\u0131rs\u0131n\u0131z. Sigortada \u00f6nemli olan ucuz prim de\u011fil, <strong data-start=\"2158\" data-end=\"2178\">do\u011fru teminatt\u0131r<\/strong>.<\/p><p data-start=\"2181\" data-end=\"2254\">\ud83d\udcde Teminatlar\u0131n\u0131z\u0131 birlikte g\u00f6zden ge\u00e7irmek i\u00e7in bizimle ileti\u015fime ge\u00e7in.<\/p>\t\t\t\t\t\t\t\t<\/div>\n\t\t\t\t\t<\/div>\n\t\t\t\t<\/div>\n\t\t<div class=\"elementor-element elementor-element-f2ea8f4 e-flex e-con-boxed e-con e-parent\" data-id=\"f2ea8f4\" data-element_type=\"container\" data-e-type=\"container\">\n\t\t\t\t\t<div class=\"e-con-inner\">\n\t\t<div class=\"elementor-element elementor-element-67edbd4 e-con-full e-flex e-con e-child\" data-id=\"67edbd4\" data-element_type=\"container\" data-e-type=\"container\">\n\t\t<div class=\"elementor-element elementor-element-81b05da e-con-full e-flex e-con e-child\" data-id=\"81b05da\" data-element_type=\"container\" data-e-type=\"container\">\n\t\t\t\t<div class=\"elementor-element elementor-element-f552ba2 elementor-widget elementor-widget-heading\" data-id=\"f552ba2\" data-element_type=\"widget\" data-e-type=\"widget\" data-widget_type=\"heading.default\">\n\t\t\t\t\t<h2 class=\"elementor-heading-title elementor-size-default\">Bize Ula\u015f\u0131n<\/h2>\t\t\t\t<\/div>\n\t\t\t\t<div class=\"elementor-element elementor-element-67b80a2 elementor-widget elementor-widget-heading\" data-id=\"67b80a2\" data-element_type=\"widget\" data-e-type=\"widget\" data-widget_type=\"heading.default\">\n\t\t\t\t\t<h2 class=\"elementor-heading-title elementor-size-default\">\u0130leti\u015fim Bilgileri<\/h2>\t\t\t\t<\/div>\n\t\t\t\t<div class=\"elementor-element elementor-element-1325dd0 elementor-widget elementor-widget-text-editor\" data-id=\"1325dd0\" data-element_type=\"widget\" data-e-type=\"widget\" data-widget_type=\"text-editor.default\">\n\t\t\t\t\t\t\t\t\t<p>Bizimle ileti\u015fime ge\u00e7mek i\u00e7in gerekli bilgileri a\u015fa\u011f\u0131da bulabilirsiniz. Size en k\u0131sa s\u00fcrede d\u00f6n\u00fc\u015f yapmaktan memnuniyet duyar\u0131z.<\/p>\t\t\t\t\t\t\t\t<\/div>\n\t\t\t\t<div class=\"elementor-element elementor-element-33effe8 elementor-tablet-align-start elementor-mobile-align-start elementor-icon-list--layout-traditional elementor-list-item-link-full_width elementor-widget elementor-widget-icon-list\" data-id=\"33effe8\" data-element_type=\"widget\" data-e-type=\"widget\" data-widget_type=\"icon-list.default\">\n\t\t\t\t\t\t\t<ul class=\"elementor-icon-list-items\">\n\t\t\t\t\t\t\t<li class=\"elementor-icon-list-item\">\n\t\t\t\t\t\t\t\t\t\t\t<span class=\"elementor-icon-list-icon\">\n\t\t\t\t\t\t\t<svg aria-hidden=\"true\" class=\"e-font-icon-svg e-fas-phone\" viewBox=\"0 0 512 512\" xmlns=\"http:\/\/www.w3.org\/2000\/svg\"><path d=\"M493.4 24.6l-104-24c-11.3-2.6-22.9 3.3-27.5 13.9l-48 112c-4.2 9.8-1.4 21.3 6.9 28l60.6 49.6c-36 76.7-98.9 140.5-177.2 177.2l-49.6-60.6c-6.8-8.3-18.2-11.1-28-6.9l-112 48C3.9 366.5-2 378.1.6 389.4l24 104C27.1 504.2 36.7 512 48 512c256.1 0 464-207.5 464-464 0-11.2-7.7-20.9-18.6-23.4z\"><\/path><\/svg>\t\t\t\t\t\t<\/span>\n\t\t\t\t\t\t\t\t\t\t<span class=\"elementor-icon-list-text\">+90 549 291 07 07<\/span>\n\t\t\t\t\t\t\t\t\t<\/li>\n\t\t\t\t\t\t\t\t<li class=\"elementor-icon-list-item\">\n\t\t\t\t\t\t\t\t\t\t\t<span class=\"elementor-icon-list-icon\">\n\t\t\t\t\t\t\t<svg aria-hidden=\"true\" class=\"e-font-icon-svg e-fas-envelope\" viewBox=\"0 0 512 512\" xmlns=\"http:\/\/www.w3.org\/2000\/svg\"><path d=\"M502.3 190.8c3.9-3.1 9.7-.2 9.7 4.7V400c0 26.5-21.5 48-48 48H48c-26.5 0-48-21.5-48-48V195.6c0-5 5.7-7.8 9.7-4.7 22.4 17.4 52.1 39.5 154.1 113.6 21.1 15.4 56.7 47.8 92.2 47.6 35.7.3 72-32.8 92.3-47.6 102-74.1 131.6-96.3 154-113.7zM256 320c23.2.4 56.6-29.2 73.4-41.4 132.7-96.3 142.8-104.7 173.4-128.7 5.8-4.5 9.2-11.5 9.2-18.9v-19c0-26.5-21.5-48-48-48H48C21.5 64 0 85.5 0 112v19c0 7.4 3.4 14.3 9.2 18.9 30.6 23.9 40.7 32.4 173.4 128.7 16.8 12.2 50.2 41.8 73.4 41.4z\"><\/path><\/svg>\t\t\t\t\t\t<\/span>\n\t\t\t\t\t\t\t\t\t\t<span class=\"elementor-icon-list-text\">sym@symsigorta.com<\/span>\n\t\t\t\t\t\t\t\t\t<\/li>\n\t\t\t\t\t\t\t\t<li class=\"elementor-icon-list-item\">\n\t\t\t\t\t\t\t\t\t\t\t<span class=\"elementor-icon-list-icon\">\n\t\t\t\t\t\t\t<svg aria-hidden=\"true\" class=\"e-font-icon-svg e-fas-map-marker-alt\" viewBox=\"0 0 384 512\" xmlns=\"http:\/\/www.w3.org\/2000\/svg\"><path d=\"M172.268 501.67C26.97 291.031 0 269.413 0 192 0 85.961 85.961 0 192 0s192 85.961 192 192c0 77.413-26.97 99.031-172.268 309.67-9.535 13.774-29.93 13.773-39.464 0zM192 272c44.183 0 80-35.817 80-80s-35.817-80-80-80-80 35.817-80 80 35.817 80 80 80z\"><\/path><\/svg>\t\t\t\t\t\t<\/span>\n\t\t\t\t\t\t\t\t\t\t<span class=\"elementor-icon-list-text\">Meltem Mh. 4. Cd. Belgen Sitesi 9.blok B Muratpa\u015fa Antalya<\/span>\n\t\t\t\t\t\t\t\t\t<\/li>\n\t\t\t\t\t\t<\/ul>\n\t\t\t\t\t\t<\/div>\n\t\t\t\t<div class=\"elementor-element elementor-element-6e4f829 e-grid-align-mobile-left elementor-shape-rounded elementor-grid-0 elementor-widget elementor-widget-social-icons\" data-id=\"6e4f829\" data-element_type=\"widget\" data-e-type=\"widget\" data-widget_type=\"social-icons.default\">\n\t\t\t\t\t\t\t<div class=\"elementor-social-icons-wrapper elementor-grid\" role=\"list\">\n\t\t\t\t\t\t\t<span class=\"elementor-grid-item\" role=\"listitem\">\n\t\t\t\t\t<a class=\"elementor-icon elementor-social-icon elementor-social-icon-facebook-f elementor-repeater-item-0267196\" href=\"https:\/\/www.facebook.com\/profile.php?id=100063577691944&#038;locale=gn_PY\" target=\"_blank\">\n\t\t\t\t\t\t<span class=\"elementor-screen-only\">Facebook-f<\/span>\n\t\t\t\t\t\t<svg aria-hidden=\"true\" class=\"e-font-icon-svg e-fab-facebook-f\" viewBox=\"0 0 320 512\" xmlns=\"http:\/\/www.w3.org\/2000\/svg\"><path d=\"M279.14 288l14.22-92.66h-88.91v-60.13c0-25.35 12.42-50.06 52.24-50.06h40.42V6.26S260.43 0 225.36 0c-73.22 0-121.08 44.38-121.08 124.72v70.62H22.89V288h81.39v224h100.17V288z\"><\/path><\/svg>\t\t\t\t\t<\/a>\n\t\t\t\t<\/span>\n\t\t\t\t\t\t\t<span class=\"elementor-grid-item\" role=\"listitem\">\n\t\t\t\t\t<a class=\"elementor-icon elementor-social-icon elementor-social-icon-whatsapp elementor-repeater-item-dc10550\" href=\"https:\/\/wa.me\/905492910707\" target=\"_blank\">\n\t\t\t\t\t\t<span class=\"elementor-screen-only\">Whatsapp<\/span>\n\t\t\t\t\t\t<svg aria-hidden=\"true\" class=\"e-font-icon-svg e-fab-whatsapp\" viewBox=\"0 0 448 512\" xmlns=\"http:\/\/www.w3.org\/2000\/svg\"><path d=\"M380.9 97.1C339 55.1 283.2 32 223.9 32c-122.4 0-222 99.6-222 222 0 39.1 10.2 77.3 29.6 111L0 480l117.7-30.9c32.4 17.7 68.9 27 106.1 27h.1c122.3 0 224.1-99.6 224.1-222 0-59.3-25.2-115-67.1-157zm-157 341.6c-33.2 0-65.7-8.9-94-25.7l-6.7-4-69.8 18.3L72 359.2l-4.4-7c-18.5-29.4-28.2-63.3-28.2-98.2 0-101.7 82.8-184.5 184.6-184.5 49.3 0 95.6 19.2 130.4 54.1 34.8 34.9 56.2 81.2 56.1 130.5 0 101.8-84.9 184.6-186.6 184.6zm101.2-138.2c-5.5-2.8-32.8-16.2-37.9-18-5.1-1.9-8.8-2.8-12.5 2.8-3.7 5.6-14.3 18-17.6 21.8-3.2 3.7-6.5 4.2-12 1.4-32.6-16.3-54-29.1-75.5-66-5.7-9.8 5.7-9.1 16.3-30.3 1.8-3.7.9-6.9-.5-9.7-1.4-2.8-12.5-30.1-17.1-41.2-4.5-10.8-9.1-9.3-12.5-9.5-3.2-.2-6.9-.2-10.6-.2-3.7 0-9.7 1.4-14.8 6.9-5.1 5.6-19.4 19-19.4 46.3 0 27.3 19.9 53.7 22.6 57.4 2.8 3.7 39.1 59.7 94.8 83.8 35.2 15.2 49 16.5 66.6 13.9 10.7-1.6 32.8-13.4 37.4-26.4 4.6-13 4.6-24.1 3.2-26.4-1.3-2.5-5-3.9-10.5-6.6z\"><\/path><\/svg>\t\t\t\t\t<\/a>\n\t\t\t\t<\/span>\n\t\t\t\t\t\t\t<span class=\"elementor-grid-item\" role=\"listitem\">\n\t\t\t\t\t<a class=\"elementor-icon elementor-social-icon elementor-social-icon-instagram elementor-repeater-item-2146622\" href=\"https:\/\/www.instagram.com\/sym_sigorta_ltd_sti\/\" target=\"_blank\">\n\t\t\t\t\t\t<span class=\"elementor-screen-only\">Instagram<\/span>\n\t\t\t\t\t\t<svg aria-hidden=\"true\" class=\"e-font-icon-svg e-fab-instagram\" viewBox=\"0 0 448 512\" xmlns=\"http:\/\/www.w3.org\/2000\/svg\"><path d=\"M224.1 141c-63.6 0-114.9 51.3-114.9 114.9s51.3 114.9 114.9 114.9S339 319.5 339 255.9 287.7 141 224.1 141zm0 189.6c-41.1 0-74.7-33.5-74.7-74.7s33.5-74.7 74.7-74.7 74.7 33.5 74.7 74.7-33.6 74.7-74.7 74.7zm146.4-194.3c0 14.9-12 26.8-26.8 26.8-14.9 0-26.8-12-26.8-26.8s12-26.8 26.8-26.8 26.8 12 26.8 26.8zm76.1 27.2c-1.7-35.9-9.9-67.7-36.2-93.9-26.2-26.2-58-34.4-93.9-36.2-37-2.1-147.9-2.1-184.9 0-35.8 1.7-67.6 9.9-93.9 36.1s-34.4 58-36.2 93.9c-2.1 37-2.1 147.9 0 184.9 1.7 35.9 9.9 67.7 36.2 93.9s58 34.4 93.9 36.2c37 2.1 147.9 2.1 184.9 0 35.9-1.7 67.7-9.9 93.9-36.2 26.2-26.2 34.4-58 36.2-93.9 2.1-37 2.1-147.8 0-184.8zM398.8 388c-7.8 19.6-22.9 34.7-42.6 42.6-29.5 11.7-99.5 9-132.1 9s-102.7 2.6-132.1-9c-19.6-7.8-34.7-22.9-42.6-42.6-11.7-29.5-9-99.5-9-132.1s-2.6-102.7 9-132.1c7.8-19.6 22.9-34.7 42.6-42.6 29.5-11.7 99.5-9 132.1-9s102.7-2.6 132.1 9c19.6 7.8 34.7 22.9 42.6 42.6 11.7 29.5 9 99.5 9 132.1s2.7 102.7-9 132.1z\"><\/path><\/svg>\t\t\t\t\t<\/a>\n\t\t\t\t<\/span>\n\t\t\t\t\t<\/div>\n\t\t\t\t\t\t<\/div>\n\t\t\t\t<\/div>\n\t\t<div class=\"elementor-element elementor-element-5ed2b60 e-con-full e-flex e-con e-child\" data-id=\"5ed2b60\" data-element_type=\"container\" data-e-type=\"container\">\n\t\t\t\t<div class=\"elementor-element elementor-element-bb881f1 elementor-widget elementor-widget-google_maps\" data-id=\"bb881f1\" data-element_type=\"widget\" data-e-type=\"widget\" data-widget_type=\"google_maps.default\">\n\t\t\t\t\t\t\t<div class=\"elementor-custom-embed\">\n\t\t\t<iframe loading=\"lazy\"\n\t\t\t\t\tsrc=\"https:\/\/maps.google.com\/maps?q=sym%20sigorta&#038;t=m&#038;z=14&#038;output=embed&#038;iwloc=near\"\n\t\t\t\t\ttitle=\"sym sigorta\"\n\t\t\t\t\taria-label=\"sym sigorta\"\n\t\t\t><\/iframe>\n\t\t<\/div>\n\t\t\t\t\t\t<\/div>\n\t\t\t\t<\/div>\n\t\t\t\t<\/div>\n\t\t\t\t\t<\/div>\n\t\t\t\t<\/div>\n\t\t\t\t<\/div>\n\t\t","protected":false},"excerpt":{"rendered":"<p>\ud83d\udd10 Teminat Y\u00f6netimi Nedir?\u00a0 Teminat Y\u00f6netimi ile Sigortada Do\u011fru Koruma Sigorta poli\u00e7elerinde en \u00f6nemli unsur, do\u011fru teminatlar\u0131n do\u011fru limitlerle belirlenmesidir. Teminat y\u00f6netimi, sigortal\u0131n\u0131n ihtiya\u00e7lar\u0131na uygun teminatlar\u0131n analiz edilmesi, gereksiz teminatlar\u0131n ay\u0131klanmas\u0131 ve olas\u0131 risklere kar\u015f\u0131 maksimum koruma sa\u011flanmas\u0131 s\u00fcrecidir. Bir\u00e7ok sigortal\u0131, poli\u00e7esindeki teminatlar\u0131n kapsam\u0131n\u0131 tam olarak bilmeden sigorta yapt\u0131rmaktad\u0131r. Bu durum, hasar an\u0131nda beklenmeyen ma\u011fduriyetlere [&hellip;]<\/p>\n","protected":false},"author":1,"featured_media":0,"parent":0,"menu_order":0,"comment_status":"closed","ping_status":"closed","template":"","meta":{"footnotes":""},"class_list":["post-397","page","type-page","status-publish","hentry"],"_links":{"self":[{"href":"https:\/\/bisigortayap.com\/index.php\/wp-json\/wp\/v2\/pages\/397","targetHints":{"allow":["GET"]}}],"collection":[{"href":"https:\/\/bisigortayap.com\/index.php\/wp-json\/wp\/v2\/pages"}],"about":[{"href":"https:\/\/bisigortayap.com\/index.php\/wp-json\/wp\/v2\/types\/page"}],"author":[{"embeddable":true,"href":"https:\/\/bisigortayap.com\/index.php\/wp-json\/wp\/v2\/users\/1"}],"replies":[{"embeddable":true,"href":"https:\/\/bisigortayap.com\/index.php\/wp-json\/wp\/v2\/comments?post=397"}],"version-history":[{"count":5,"href":"https:\/\/bisigortayap.com\/index.php\/wp-json\/wp\/v2\/pages\/397\/revisions"}],"predecessor-version":[{"id":402,"href":"https:\/\/bisigortayap.com\/index.php\/wp-json\/wp\/v2\/pages\/397\/revisions\/402"}],"wp:attachment":[{"href":"https:\/\/bisigortayap.com\/index.php\/wp-json\/wp\/v2\/media?parent=397"}],"curies":[{"name":"wp","href":"https:\/\/api.w.org\/{rel}","templated":true}]}}