{"id":406,"date":"2025-12-24T05:55:27","date_gmt":"2025-12-24T05:55:27","guid":{"rendered":"https:\/\/bisigortayap.com\/?page_id=406"},"modified":"2025-12-24T05:57:17","modified_gmt":"2025-12-24T05:57:17","slug":"hayat-sigortasi","status":"publish","type":"page","link":"https:\/\/bisigortayap.com\/index.php\/hayat-sigortasi\/","title":{"rendered":"Hayat Sigortas\u0131"},"content":{"rendered":"\t\t<div data-elementor-type=\"wp-page\" data-elementor-id=\"406\" class=\"elementor elementor-406\" data-elementor-post-type=\"page\">\n\t\t\t\t<div class=\"elementor-element elementor-element-66ba9d1 e-flex e-con-boxed e-con e-parent\" data-id=\"66ba9d1\" data-element_type=\"container\" data-e-type=\"container\">\n\t\t\t\t\t<div class=\"e-con-inner\">\n\t\t\t\t<div class=\"elementor-element elementor-element-9f2d8c5 elementor-widget elementor-widget-text-editor\" data-id=\"9f2d8c5\" data-element_type=\"widget\" data-e-type=\"widget\" data-widget_type=\"text-editor.default\">\n\t\t\t\t\t\t\t\t\t<h2 data-start=\"249\" data-end=\"277\">\u2764\ufe0f Hayat Sigortas\u0131 Nedir?<\/h2><h3 data-start=\"279\" data-end=\"341\"><strong data-start=\"283\" data-end=\"341\">Hayat Sigortas\u0131 ile Sevdiklerinizi G\u00fcvence Alt\u0131na Al\u0131n<\/strong><\/h3><p data-start=\"342\" data-end=\"624\">Hayat sigortas\u0131, vefat, kal\u0131c\u0131 sakatl\u0131k veya kritik hastal\u0131k gibi beklenmedik durumlarda, sigortal\u0131n\u0131n kendisini ve sevdiklerini maddi g\u00fcvence alt\u0131na alan \u00f6nemli bir sigorta t\u00fcr\u00fcd\u00fcr. Hayat sigortas\u0131 sayesinde, ailenizin ya\u015fam standard\u0131 korunur ve gelece\u011fe g\u00fcvenle bakman\u0131z sa\u011flan\u0131r.<\/p><p data-start=\"626\" data-end=\"757\">Beklenmedik riskler her zaman vard\u0131r; \u00f6nemli olan bu risklere kar\u015f\u0131 <strong data-start=\"694\" data-end=\"717\">\u00f6nceden \u00f6nlem almak<\/strong> ve sevdiklerinizi yaln\u0131z b\u0131rakmamakt\u0131r.<\/p><hr data-start=\"759\" data-end=\"762\" \/><h2 data-start=\"764\" data-end=\"800\">\ud83c\udfaf Hayat Sigortas\u0131 Neleri Kapsar?<\/h2><p data-start=\"802\" data-end=\"879\">Hayat sigortas\u0131 poli\u00e7eleri, ihtiyaca g\u00f6re farkl\u0131 teminatlarla d\u00fczenlenebilir:<\/p><ul data-start=\"881\" data-end=\"1091\"><li data-start=\"881\" data-end=\"904\"><p data-start=\"883\" data-end=\"904\">\u26b0\ufe0f <strong data-start=\"886\" data-end=\"904\">Vefat Teminat\u0131<\/strong><\/p><\/li><li data-start=\"905\" data-end=\"941\"><p data-start=\"907\" data-end=\"941\">\u267f <strong data-start=\"909\" data-end=\"941\">Kal\u0131c\u0131 Tam ve K\u0131smi Sakatl\u0131k<\/strong><\/p><\/li><li data-start=\"942\" data-end=\"975\"><p data-start=\"944\" data-end=\"975\">\ud83c\udfe5 <strong data-start=\"947\" data-end=\"975\">Kritik Hastal\u0131k Teminat\u0131<\/strong><\/p><\/li><li data-start=\"976\" data-end=\"1021\"><p data-start=\"978\" data-end=\"1021\">\ud83d\udecf\ufe0f <strong data-start=\"982\" data-end=\"1021\">Hastal\u0131k veya Kaza Sonucu Maluliyet<\/strong><\/p><\/li><li data-start=\"1022\" data-end=\"1060\"><p data-start=\"1024\" data-end=\"1060\">\ud83d\udcb8 <strong data-start=\"1027\" data-end=\"1060\">G\u00fcnl\u00fck Hastane Yat\u0131\u015f Teminat\u0131<\/strong><\/p><\/li><li data-start=\"1061\" data-end=\"1091\"><p data-start=\"1063\" data-end=\"1091\">\ud83d\udcbc <strong data-start=\"1066\" data-end=\"1091\">Gelir Kayb\u0131 G\u00fcvencesi<\/strong><\/p><\/li><\/ul><p data-start=\"1093\" data-end=\"1177\">Teminatlar, sigortal\u0131n\u0131n ya\u015f\u0131, mesle\u011fi ve ya\u015fam tarz\u0131na g\u00f6re \u00f6zel olarak belirlenir.<\/p><hr data-start=\"1179\" data-end=\"1182\" \/><h2 data-start=\"1184\" data-end=\"1236\">\ud83d\udc68\u200d\ud83d\udc69\u200d\ud83d\udc67\u200d\ud83d\udc66 Hayat Sigortas\u0131 Kimler \u0130\u00e7in Uygundur?<\/h2><ul data-start=\"1238\" data-end=\"1506\"><li data-start=\"1238\" data-end=\"1294\"><p data-start=\"1240\" data-end=\"1294\">Ailesinin gelece\u011fini g\u00fcvence alt\u0131na almak isteyenler<\/p><\/li><li data-start=\"1295\" data-end=\"1361\"><p data-start=\"1297\" data-end=\"1361\">\u00c7ocuklar\u0131n\u0131n e\u011fitimini garanti alt\u0131na almak isteyen ebeveynler<\/p><\/li><li data-start=\"1362\" data-end=\"1404\"><p data-start=\"1364\" data-end=\"1404\">Kredi \u00e7eken veya borcu bulunan ki\u015filer<\/p><\/li><li data-start=\"1405\" data-end=\"1461\"><p data-start=\"1407\" data-end=\"1461\">Geliri kendisine ba\u011fl\u0131 olan serbest meslek sahipleri<\/p><\/li><li data-start=\"1462\" data-end=\"1506\"><p data-start=\"1464\" data-end=\"1506\">Uzun vadeli finansal plan yapan bireyler<\/p><\/li><\/ul><hr data-start=\"1508\" data-end=\"1511\" \/><h2 data-start=\"1513\" data-end=\"1551\">\ud83d\udca1 Hayat Sigortas\u0131 Neden \u00d6nemlidir?<\/h2><ul data-start=\"1553\" data-end=\"1817\"><li data-start=\"1553\" data-end=\"1608\"><p data-start=\"1555\" data-end=\"1608\">Sevdiklerinizin <strong data-start=\"1571\" data-end=\"1608\">maddi y\u00fck alt\u0131nda kalmas\u0131n\u0131 \u00f6nler<\/strong><\/p><\/li><li data-start=\"1609\" data-end=\"1660\"><p data-start=\"1611\" data-end=\"1660\">Olas\u0131 risklere kar\u015f\u0131 <strong data-start=\"1632\" data-end=\"1660\">finansal istikrar sa\u011flar<\/strong><\/p><\/li><li data-start=\"1661\" data-end=\"1711\"><p data-start=\"1663\" data-end=\"1711\">Uzun vadede <strong data-start=\"1675\" data-end=\"1705\">planl\u0131 ve bilin\u00e7li g\u00fcvence<\/strong> sunar<\/p><\/li><li data-start=\"1712\" data-end=\"1762\"><p data-start=\"1714\" data-end=\"1762\">Vergi avantajlar\u0131 ile <strong data-start=\"1736\" data-end=\"1755\">tasarruf imk\u00e2n\u0131<\/strong> sa\u011flar<\/p><\/li><li data-start=\"1763\" data-end=\"1817\"><p data-start=\"1765\" data-end=\"1817\">Poli\u00e7e s\u00fcresince <strong data-start=\"1782\" data-end=\"1811\">esnek teminat se\u00e7enekleri<\/strong> sunar<\/p><\/li><\/ul><hr data-start=\"1819\" data-end=\"1822\" \/><h2 data-start=\"1824\" data-end=\"1878\">\ud83e\udded Hayat Sigortas\u0131 Se\u00e7erken Nelere Dikkat Edilmeli?<\/h2><ul data-start=\"1880\" data-end=\"2062\"><li data-start=\"1880\" data-end=\"1916\"><p data-start=\"1882\" data-end=\"1916\">Teminat tutar\u0131n\u0131n yeterli olmas\u0131<\/p><\/li><li data-start=\"1917\" data-end=\"1949\"><p data-start=\"1919\" data-end=\"1949\">Poli\u00e7e s\u00fcresi ve \u00f6deme plan\u0131<\/p><\/li><li data-start=\"1950\" data-end=\"1991\"><p data-start=\"1952\" data-end=\"1991\">Ek teminatlar\u0131n ihtiya\u00e7lara uygunlu\u011fu<\/p><\/li><li data-start=\"1992\" data-end=\"2024\"><p data-start=\"1994\" data-end=\"2024\">Sigorta \u015firketinin mali g\u00fcc\u00fc<\/p><\/li><li data-start=\"2025\" data-end=\"2062\"><p data-start=\"2027\" data-end=\"2062\">Hasar ve tazminat \u00f6deme s\u00fcre\u00e7leri<\/p><\/li><\/ul><p data-start=\"2064\" data-end=\"2146\">Uzman deste\u011fiyle yap\u0131lan hayat sigortas\u0131, sizi ve ailenizi en do\u011fru \u015fekilde korur.<\/p><hr data-start=\"2148\" data-end=\"2151\" \/><h2 data-start=\"2153\" data-end=\"2187\">\ud83d\udcdd Hayat Sigortas\u0131 Teklifi Al\u0131n<\/h2><p data-start=\"2188\" data-end=\"2346\">Size en uygun hayat sigortas\u0131 poli\u00e7esini belirlemek i\u00e7in ihtiya\u00e7lar\u0131n\u0131z\u0131 analiz ediyor, farkl\u0131 sigorta \u015firketlerinden <strong data-start=\"2306\" data-end=\"2335\">kar\u015f\u0131la\u015ft\u0131rmal\u0131 teklifler<\/strong> sunuyoruz.<\/p><p data-start=\"2348\" data-end=\"2421\">\ud83d\udcde <strong data-start=\"2351\" data-end=\"2421\">\u00dccretsiz dan\u0131\u015fmanl\u0131k ve teklif almak i\u00e7in bizimle ileti\u015fime ge\u00e7in.<\/strong><\/p>\t\t\t\t\t\t\t\t<\/div>\n\t\t\t\t\t<\/div>\n\t\t\t\t<\/div>\n\t\t<div class=\"elementor-element elementor-element-30500a5 e-flex e-con-boxed e-con e-parent\" data-id=\"30500a5\" data-element_type=\"container\" data-e-type=\"container\">\n\t\t\t\t\t<div class=\"e-con-inner\">\n\t\t<div class=\"elementor-element elementor-element-574ce99 e-con-full e-flex e-con e-child\" data-id=\"574ce99\" data-element_type=\"container\" data-e-type=\"container\">\n\t\t<div class=\"elementor-element elementor-element-af60b2a e-con-full e-flex e-con e-child\" data-id=\"af60b2a\" data-element_type=\"container\" data-e-type=\"container\">\n\t\t<div class=\"elementor-element elementor-element-81f7baf e-con-full e-flex e-con e-child\" data-id=\"81f7baf\" data-element_type=\"container\" data-e-type=\"container\">\n\t\t\t\t<div class=\"elementor-element elementor-element-206b241 elementor-widget elementor-widget-heading\" data-id=\"206b241\" data-element_type=\"widget\" data-e-type=\"widget\" data-widget_type=\"heading.default\">\n\t\t\t\t\t<h2 class=\"elementor-heading-title elementor-size-default\">Bize Ula\u015f\u0131n<\/h2>\t\t\t\t<\/div>\n\t\t\t\t<div class=\"elementor-element elementor-element-9c9bc67 elementor-widget elementor-widget-heading\" data-id=\"9c9bc67\" data-element_type=\"widget\" data-e-type=\"widget\" data-widget_type=\"heading.default\">\n\t\t\t\t\t<h2 class=\"elementor-heading-title elementor-size-default\">\u0130leti\u015fim Bilgileri<\/h2>\t\t\t\t<\/div>\n\t\t\t\t<div class=\"elementor-element elementor-element-694539a elementor-widget elementor-widget-text-editor\" data-id=\"694539a\" data-element_type=\"widget\" data-e-type=\"widget\" data-widget_type=\"text-editor.default\">\n\t\t\t\t\t\t\t\t\t<p>Bizimle ileti\u015fime ge\u00e7mek i\u00e7in gerekli bilgileri a\u015fa\u011f\u0131da bulabilirsiniz. Size en k\u0131sa s\u00fcrede d\u00f6n\u00fc\u015f yapmaktan memnuniyet duyar\u0131z.<\/p>\t\t\t\t\t\t\t\t<\/div>\n\t\t\t\t<div class=\"elementor-element elementor-element-936726c elementor-tablet-align-start elementor-mobile-align-start elementor-icon-list--layout-traditional elementor-list-item-link-full_width elementor-widget elementor-widget-icon-list\" data-id=\"936726c\" data-element_type=\"widget\" data-e-type=\"widget\" data-widget_type=\"icon-list.default\">\n\t\t\t\t\t\t\t<ul class=\"elementor-icon-list-items\">\n\t\t\t\t\t\t\t<li class=\"elementor-icon-list-item\">\n\t\t\t\t\t\t\t\t\t\t\t<span class=\"elementor-icon-list-icon\">\n\t\t\t\t\t\t\t<svg aria-hidden=\"true\" class=\"e-font-icon-svg e-fas-phone\" viewBox=\"0 0 512 512\" xmlns=\"http:\/\/www.w3.org\/2000\/svg\"><path d=\"M493.4 24.6l-104-24c-11.3-2.6-22.9 3.3-27.5 13.9l-48 112c-4.2 9.8-1.4 21.3 6.9 28l60.6 49.6c-36 76.7-98.9 140.5-177.2 177.2l-49.6-60.6c-6.8-8.3-18.2-11.1-28-6.9l-112 48C3.9 366.5-2 378.1.6 389.4l24 104C27.1 504.2 36.7 512 48 512c256.1 0 464-207.5 464-464 0-11.2-7.7-20.9-18.6-23.4z\"><\/path><\/svg>\t\t\t\t\t\t<\/span>\n\t\t\t\t\t\t\t\t\t\t<span class=\"elementor-icon-list-text\">+90 549 291 07 07<\/span>\n\t\t\t\t\t\t\t\t\t<\/li>\n\t\t\t\t\t\t\t\t<li class=\"elementor-icon-list-item\">\n\t\t\t\t\t\t\t\t\t\t\t<span class=\"elementor-icon-list-icon\">\n\t\t\t\t\t\t\t<svg aria-hidden=\"true\" class=\"e-font-icon-svg e-fas-envelope\" viewBox=\"0 0 512 512\" xmlns=\"http:\/\/www.w3.org\/2000\/svg\"><path d=\"M502.3 190.8c3.9-3.1 9.7-.2 9.7 4.7V400c0 26.5-21.5 48-48 48H48c-26.5 0-48-21.5-48-48V195.6c0-5 5.7-7.8 9.7-4.7 22.4 17.4 52.1 39.5 154.1 113.6 21.1 15.4 56.7 47.8 92.2 47.6 35.7.3 72-32.8 92.3-47.6 102-74.1 131.6-96.3 154-113.7zM256 320c23.2.4 56.6-29.2 73.4-41.4 132.7-96.3 142.8-104.7 173.4-128.7 5.8-4.5 9.2-11.5 9.2-18.9v-19c0-26.5-21.5-48-48-48H48C21.5 64 0 85.5 0 112v19c0 7.4 3.4 14.3 9.2 18.9 30.6 23.9 40.7 32.4 173.4 128.7 16.8 12.2 50.2 41.8 73.4 41.4z\"><\/path><\/svg>\t\t\t\t\t\t<\/span>\n\t\t\t\t\t\t\t\t\t\t<span class=\"elementor-icon-list-text\">sym@symsigorta.com<\/span>\n\t\t\t\t\t\t\t\t\t<\/li>\n\t\t\t\t\t\t\t\t<li class=\"elementor-icon-list-item\">\n\t\t\t\t\t\t\t\t\t\t\t<span class=\"elementor-icon-list-icon\">\n\t\t\t\t\t\t\t<svg aria-hidden=\"true\" class=\"e-font-icon-svg e-fas-map-marker-alt\" viewBox=\"0 0 384 512\" xmlns=\"http:\/\/www.w3.org\/2000\/svg\"><path d=\"M172.268 501.67C26.97 291.031 0 269.413 0 192 0 85.961 85.961 0 192 0s192 85.961 192 192c0 77.413-26.97 99.031-172.268 309.67-9.535 13.774-29.93 13.773-39.464 0zM192 272c44.183 0 80-35.817 80-80s-35.817-80-80-80-80 35.817-80 80 35.817 80 80 80z\"><\/path><\/svg>\t\t\t\t\t\t<\/span>\n\t\t\t\t\t\t\t\t\t\t<span class=\"elementor-icon-list-text\">Meltem Mh. 4. Cd. Belgen Sitesi 9.blok B Muratpa\u015fa Antalya<\/span>\n\t\t\t\t\t\t\t\t\t<\/li>\n\t\t\t\t\t\t<\/ul>\n\t\t\t\t\t\t<\/div>\n\t\t\t\t<div class=\"elementor-element elementor-element-fc68b40 e-grid-align-mobile-left elementor-shape-rounded elementor-grid-0 elementor-widget elementor-widget-social-icons\" data-id=\"fc68b40\" data-element_type=\"widget\" data-e-type=\"widget\" data-widget_type=\"social-icons.default\">\n\t\t\t\t\t\t\t<div class=\"elementor-social-icons-wrapper elementor-grid\" role=\"list\">\n\t\t\t\t\t\t\t<span class=\"elementor-grid-item\" role=\"listitem\">\n\t\t\t\t\t<a class=\"elementor-icon elementor-social-icon elementor-social-icon-facebook-f elementor-repeater-item-0267196\" href=\"https:\/\/www.facebook.com\/profile.php?id=100063577691944&#038;locale=gn_PY\" target=\"_blank\">\n\t\t\t\t\t\t<span class=\"elementor-screen-only\">Facebook-f<\/span>\n\t\t\t\t\t\t<svg aria-hidden=\"true\" class=\"e-font-icon-svg e-fab-facebook-f\" viewBox=\"0 0 320 512\" xmlns=\"http:\/\/www.w3.org\/2000\/svg\"><path d=\"M279.14 288l14.22-92.66h-88.91v-60.13c0-25.35 12.42-50.06 52.24-50.06h40.42V6.26S260.43 0 225.36 0c-73.22 0-121.08 44.38-121.08 124.72v70.62H22.89V288h81.39v224h100.17V288z\"><\/path><\/svg>\t\t\t\t\t<\/a>\n\t\t\t\t<\/span>\n\t\t\t\t\t\t\t<span class=\"elementor-grid-item\" role=\"listitem\">\n\t\t\t\t\t<a class=\"elementor-icon elementor-social-icon elementor-social-icon-whatsapp elementor-repeater-item-dc10550\" href=\"https:\/\/wa.me\/905492910707\" target=\"_blank\">\n\t\t\t\t\t\t<span class=\"elementor-screen-only\">Whatsapp<\/span>\n\t\t\t\t\t\t<svg aria-hidden=\"true\" class=\"e-font-icon-svg e-fab-whatsapp\" viewBox=\"0 0 448 512\" xmlns=\"http:\/\/www.w3.org\/2000\/svg\"><path d=\"M380.9 97.1C339 55.1 283.2 32 223.9 32c-122.4 0-222 99.6-222 222 0 39.1 10.2 77.3 29.6 111L0 480l117.7-30.9c32.4 17.7 68.9 27 106.1 27h.1c122.3 0 224.1-99.6 224.1-222 0-59.3-25.2-115-67.1-157zm-157 341.6c-33.2 0-65.7-8.9-94-25.7l-6.7-4-69.8 18.3L72 359.2l-4.4-7c-18.5-29.4-28.2-63.3-28.2-98.2 0-101.7 82.8-184.5 184.6-184.5 49.3 0 95.6 19.2 130.4 54.1 34.8 34.9 56.2 81.2 56.1 130.5 0 101.8-84.9 184.6-186.6 184.6zm101.2-138.2c-5.5-2.8-32.8-16.2-37.9-18-5.1-1.9-8.8-2.8-12.5 2.8-3.7 5.6-14.3 18-17.6 21.8-3.2 3.7-6.5 4.2-12 1.4-32.6-16.3-54-29.1-75.5-66-5.7-9.8 5.7-9.1 16.3-30.3 1.8-3.7.9-6.9-.5-9.7-1.4-2.8-12.5-30.1-17.1-41.2-4.5-10.8-9.1-9.3-12.5-9.5-3.2-.2-6.9-.2-10.6-.2-3.7 0-9.7 1.4-14.8 6.9-5.1 5.6-19.4 19-19.4 46.3 0 27.3 19.9 53.7 22.6 57.4 2.8 3.7 39.1 59.7 94.8 83.8 35.2 15.2 49 16.5 66.6 13.9 10.7-1.6 32.8-13.4 37.4-26.4 4.6-13 4.6-24.1 3.2-26.4-1.3-2.5-5-3.9-10.5-6.6z\"><\/path><\/svg>\t\t\t\t\t<\/a>\n\t\t\t\t<\/span>\n\t\t\t\t\t\t\t<span class=\"elementor-grid-item\" role=\"listitem\">\n\t\t\t\t\t<a class=\"elementor-icon elementor-social-icon elementor-social-icon-instagram elementor-repeater-item-2146622\" href=\"https:\/\/www.instagram.com\/sym_sigorta_ltd_sti\/\" target=\"_blank\">\n\t\t\t\t\t\t<span class=\"elementor-screen-only\">Instagram<\/span>\n\t\t\t\t\t\t<svg aria-hidden=\"true\" class=\"e-font-icon-svg e-fab-instagram\" viewBox=\"0 0 448 512\" xmlns=\"http:\/\/www.w3.org\/2000\/svg\"><path d=\"M224.1 141c-63.6 0-114.9 51.3-114.9 114.9s51.3 114.9 114.9 114.9S339 319.5 339 255.9 287.7 141 224.1 141zm0 189.6c-41.1 0-74.7-33.5-74.7-74.7s33.5-74.7 74.7-74.7 74.7 33.5 74.7 74.7-33.6 74.7-74.7 74.7zm146.4-194.3c0 14.9-12 26.8-26.8 26.8-14.9 0-26.8-12-26.8-26.8s12-26.8 26.8-26.8 26.8 12 26.8 26.8zm76.1 27.2c-1.7-35.9-9.9-67.7-36.2-93.9-26.2-26.2-58-34.4-93.9-36.2-37-2.1-147.9-2.1-184.9 0-35.8 1.7-67.6 9.9-93.9 36.1s-34.4 58-36.2 93.9c-2.1 37-2.1 147.9 0 184.9 1.7 35.9 9.9 67.7 36.2 93.9s58 34.4 93.9 36.2c37 2.1 147.9 2.1 184.9 0 35.9-1.7 67.7-9.9 93.9-36.2 26.2-26.2 34.4-58 36.2-93.9 2.1-37 2.1-147.8 0-184.8zM398.8 388c-7.8 19.6-22.9 34.7-42.6 42.6-29.5 11.7-99.5 9-132.1 9s-102.7 2.6-132.1-9c-19.6-7.8-34.7-22.9-42.6-42.6-11.7-29.5-9-99.5-9-132.1s-2.6-102.7 9-132.1c7.8-19.6 22.9-34.7 42.6-42.6 29.5-11.7 99.5-9 132.1-9s102.7-2.6 132.1 9c19.6 7.8 34.7 22.9 42.6 42.6 11.7 29.5 9 99.5 9 132.1s2.7 102.7-9 132.1z\"><\/path><\/svg>\t\t\t\t\t<\/a>\n\t\t\t\t<\/span>\n\t\t\t\t\t<\/div>\n\t\t\t\t\t\t<\/div>\n\t\t\t\t<\/div>\n\t\t<div class=\"elementor-element elementor-element-6daed80 e-con-full e-flex e-con e-child\" data-id=\"6daed80\" data-element_type=\"container\" data-e-type=\"container\">\n\t\t\t\t<div class=\"elementor-element elementor-element-cd12a8b elementor-widget elementor-widget-google_maps\" data-id=\"cd12a8b\" data-element_type=\"widget\" data-e-type=\"widget\" data-widget_type=\"google_maps.default\">\n\t\t\t\t\t\t\t<div class=\"elementor-custom-embed\">\n\t\t\t<iframe loading=\"lazy\"\n\t\t\t\t\tsrc=\"https:\/\/maps.google.com\/maps?q=sym%20sigorta&#038;t=m&#038;z=14&#038;output=embed&#038;iwloc=near\"\n\t\t\t\t\ttitle=\"sym sigorta\"\n\t\t\t\t\taria-label=\"sym sigorta\"\n\t\t\t><\/iframe>\n\t\t<\/div>\n\t\t\t\t\t\t<\/div>\n\t\t\t\t<\/div>\n\t\t\t\t<\/div>\n\t\t\t\t<\/div>\n\t\t\t\t\t<\/div>\n\t\t\t\t<\/div>\n\t\t\t\t<\/div>\n\t\t","protected":false},"excerpt":{"rendered":"<p>\u2764\ufe0f Hayat Sigortas\u0131 Nedir? Hayat Sigortas\u0131 ile Sevdiklerinizi G\u00fcvence Alt\u0131na Al\u0131n Hayat sigortas\u0131, vefat, kal\u0131c\u0131 sakatl\u0131k veya kritik hastal\u0131k gibi beklenmedik durumlarda, sigortal\u0131n\u0131n kendisini ve sevdiklerini maddi g\u00fcvence alt\u0131na alan \u00f6nemli bir sigorta t\u00fcr\u00fcd\u00fcr. Hayat sigortas\u0131 sayesinde, ailenizin ya\u015fam standard\u0131 korunur ve gelece\u011fe g\u00fcvenle bakman\u0131z sa\u011flan\u0131r. Beklenmedik riskler her zaman vard\u0131r; \u00f6nemli olan bu risklere [&hellip;]<\/p>\n","protected":false},"author":1,"featured_media":0,"parent":0,"menu_order":0,"comment_status":"closed","ping_status":"closed","template":"","meta":{"footnotes":""},"class_list":["post-406","page","type-page","status-publish","hentry"],"_links":{"self":[{"href":"https:\/\/bisigortayap.com\/index.php\/wp-json\/wp\/v2\/pages\/406","targetHints":{"allow":["GET"]}}],"collection":[{"href":"https:\/\/bisigortayap.com\/index.php\/wp-json\/wp\/v2\/pages"}],"about":[{"href":"https:\/\/bisigortayap.com\/index.php\/wp-json\/wp\/v2\/types\/page"}],"author":[{"embeddable":true,"href":"https:\/\/bisigortayap.com\/index.php\/wp-json\/wp\/v2\/users\/1"}],"replies":[{"embeddable":true,"href":"https:\/\/bisigortayap.com\/index.php\/wp-json\/wp\/v2\/comments?post=406"}],"version-history":[{"count":4,"href":"https:\/\/bisigortayap.com\/index.php\/wp-json\/wp\/v2\/pages\/406\/revisions"}],"predecessor-version":[{"id":411,"href":"https:\/\/bisigortayap.com\/index.php\/wp-json\/wp\/v2\/pages\/406\/revisions\/411"}],"wp:attachment":[{"href":"https:\/\/bisigortayap.com\/index.php\/wp-json\/wp\/v2\/media?parent=406"}],"curies":[{"name":"wp","href":"https:\/\/api.w.org\/{rel}","templated":true}]}}