{"id":445,"date":"2025-12-24T06:34:43","date_gmt":"2025-12-24T06:34:43","guid":{"rendered":"https:\/\/bisigortayap.com\/?page_id=445"},"modified":"2025-12-27T13:18:31","modified_gmt":"2025-12-27T13:18:31","slug":"gizlilik-politikasi","status":"publish","type":"page","link":"https:\/\/bisigortayap.com\/index.php\/gizlilik-politikasi\/","title":{"rendered":"Gizlilik Politikas\u0131"},"content":{"rendered":"\t\t<div data-elementor-type=\"wp-page\" data-elementor-id=\"445\" class=\"elementor elementor-445\" data-elementor-post-type=\"page\">\n\t\t\t\t<div class=\"elementor-element elementor-element-09f98dd e-flex e-con-boxed e-con e-parent\" data-id=\"09f98dd\" data-element_type=\"container\" data-e-type=\"container\">\n\t\t\t\t\t<div class=\"e-con-inner\">\n\t\t\t\t<div class=\"elementor-element elementor-element-8e81f41 elementor-widget elementor-widget-text-editor\" data-id=\"8e81f41\" data-element_type=\"widget\" data-e-type=\"widget\" data-widget_type=\"text-editor.default\">\n\t\t\t\t\t\t\t\t\t<h1 data-start=\"458\" data-end=\"507\"><strong data-start=\"460\" data-end=\"505\">SYM S\u0130GORTA ARACILIK H\u0130ZMETLER\u0130 LTD. \u015eT\u0130.<\/strong><\/h1><h2 data-start=\"508\" data-end=\"589\"><strong data-start=\"511\" data-end=\"589\">Ki\u015fisel Verilerin Korunmas\u0131 ve \u0130\u015flenmesine \u0130li\u015fkin Ayd\u0131nlatma Metni (KVKK)<\/strong><\/h2><h3 data-start=\"591\" data-end=\"627\"><strong data-start=\"595\" data-end=\"627\">1. Veri Sorumlusunun Kimli\u011fi<\/strong><\/h3><p data-start=\"629\" data-end=\"843\">6698 say\u0131l\u0131 Ki\u015fisel Verilerin Korunmas\u0131 Kanunu (\u201cKVKK\u201d) uyar\u0131nca, ki\u015fisel verileriniz; <strong data-start=\"716\" data-end=\"734\">veri sorumlusu<\/strong> s\u0131fat\u0131yla <strong data-start=\"745\" data-end=\"790\">SYM Sigorta Arac\u0131l\u0131k Hizmetleri Ltd. \u015eti.<\/strong> taraf\u0131ndan a\u015fa\u011f\u0131da a\u00e7\u0131klanan kapsamda i\u015flenmektedir.<\/p><p data-start=\"845\" data-end=\"1011\"><strong data-start=\"845\" data-end=\"855\">Adres:<\/strong> Meltem Mahallesi 4. Cadde Belgen Sitesi 9. Blok\/B Muratpa\u015fa \/ Antalya<br data-start=\"925\" data-end=\"928\" \/><strong data-start=\"928\" data-end=\"940\">Telefon:<\/strong> 0549 291 07 07<br data-start=\"955\" data-end=\"958\" \/><strong data-start=\"958\" data-end=\"970\">E-posta:<\/strong> <a class=\"decorated-link cursor-pointer\" rel=\"noopener\" data-start=\"971\" data-end=\"989\">sym@symsigorta.com<\/a><br data-start=\"989\" data-end=\"992\" \/><strong data-start=\"992\" data-end=\"1009\">Web Siteleri:<\/strong><\/p><ul data-start=\"1012\" data-end=\"1059\"><li data-start=\"1012\" data-end=\"1034\"><p data-start=\"1014\" data-end=\"1034\"><a class=\"decorated-link\" href=\"http:\/\/www.symsigorta.com\" target=\"_new\" rel=\"noopener\" data-start=\"1014\" data-end=\"1032\">www.symsigorta.com<\/a><\/p><\/li><li data-start=\"1035\" data-end=\"1059\"><p data-start=\"1037\" data-end=\"1059\"><a class=\"decorated-link\" href=\"http:\/\/www.bisigortayap.com\" target=\"_new\" rel=\"noopener\" data-start=\"1037\" data-end=\"1057\">www.bisigortayap.com<\/a><\/p><\/li><\/ul><hr data-start=\"1061\" data-end=\"1064\" \/><h3 data-start=\"1066\" data-end=\"1111\"><strong data-start=\"1070\" data-end=\"1111\">2. Ki\u015fisel Verilerin \u0130\u015flenme Ama\u00e7lar\u0131<\/strong><\/h3><p data-start=\"1113\" data-end=\"1167\">Ki\u015fisel verileriniz a\u015fa\u011f\u0131daki ama\u00e7larla i\u015flenmektedir:<\/p><ul data-start=\"1169\" data-end=\"1642\"><li data-start=\"1169\" data-end=\"1238\"><p data-start=\"1171\" data-end=\"1238\">Sigorta teklifi olu\u015fturulmas\u0131, poli\u00e7e d\u00fczenlenmesi ve yenilenmesi<\/p><\/li><li data-start=\"1239\" data-end=\"1282\"><p data-start=\"1241\" data-end=\"1282\">Sigorta \u00fcr\u00fcn ve hizmetlerinin sunulmas\u0131<\/p><\/li><li data-start=\"1283\" data-end=\"1327\"><p data-start=\"1285\" data-end=\"1327\">Hasar s\u00fcre\u00e7lerinin y\u00fcr\u00fct\u00fclmesi ve takibi<\/p><\/li><li data-start=\"1328\" data-end=\"1380\"><p data-start=\"1330\" data-end=\"1380\">M\u00fc\u015fteri ili\u015fkileri y\u00f6netimi ve destek hizmetleri<\/p><\/li><li data-start=\"1381\" data-end=\"1436\"><p data-start=\"1383\" data-end=\"1436\">Mevzuattan do\u011fan y\u00fck\u00fcml\u00fcl\u00fcklerin yerine getirilmesi<\/p><\/li><li data-start=\"1437\" data-end=\"1487\"><p data-start=\"1439\" data-end=\"1487\">Finansal ve muhasebesel i\u015flemlerin y\u00fcr\u00fct\u00fclmesi<\/p><\/li><li data-start=\"1488\" data-end=\"1570\"><p data-start=\"1490\" data-end=\"1570\">Bilgilendirme, kampanya ve pazarlama faaliyetleri (a\u00e7\u0131k r\u0131za al\u0131nmas\u0131 halinde)<\/p><\/li><li data-start=\"1571\" data-end=\"1642\"><p data-start=\"1573\" data-end=\"1642\">Hizmet kalitesinin art\u0131r\u0131lmas\u0131 ve m\u00fc\u015fteri memnuniyetinin sa\u011flanmas\u0131<\/p><\/li><\/ul><hr data-start=\"1644\" data-end=\"1647\" \/><h3 data-start=\"1649\" data-end=\"1688\"><strong data-start=\"1653\" data-end=\"1688\">3. \u0130\u015flenen Ki\u015fisel Veri T\u00fcrleri<\/strong><\/h3><p data-start=\"1690\" data-end=\"1762\">\u015eirketimiz taraf\u0131ndan i\u015flenebilecek ki\u015fisel veri kategorileri \u015funlard\u0131r:<\/p><ul data-start=\"1764\" data-end=\"2208\"><li data-start=\"1764\" data-end=\"1834\"><p data-start=\"1766\" data-end=\"1834\"><strong data-start=\"1766\" data-end=\"1786\">Kimlik Verileri:<\/strong> Ad, soyad, T.C. kimlik numaras\u0131, do\u011fum tarihi<\/p><\/li><li data-start=\"1835\" data-end=\"1909\"><p data-start=\"1837\" data-end=\"1909\"><strong data-start=\"1837\" data-end=\"1859\">\u0130leti\u015fim Verileri:<\/strong> Telefon numaras\u0131, e-posta adresi, ikamet adresi<\/p><\/li><li data-start=\"1910\" data-end=\"2002\"><p data-start=\"1912\" data-end=\"2002\"><strong data-start=\"1912\" data-end=\"1938\">Sigortac\u0131l\u0131k Verileri:<\/strong> Poli\u00e7e bilgileri, teminatlar, risk bilgileri, hasar kay\u0131tlar\u0131<\/p><\/li><li data-start=\"2003\" data-end=\"2066\"><p data-start=\"2005\" data-end=\"2066\"><strong data-start=\"2005\" data-end=\"2026\">Finansal Veriler:<\/strong> \u00d6deme bilgileri, banka\/IBAN bilgileri<\/p><\/li><li data-start=\"2067\" data-end=\"2125\"><p data-start=\"2069\" data-end=\"2125\"><strong data-start=\"2069\" data-end=\"2098\">\u0130\u015flem G\u00fcvenli\u011fi Verileri:<\/strong> IP adresi, log kay\u0131tlar\u0131<\/p><\/li><li data-start=\"2126\" data-end=\"2208\"><p data-start=\"2128\" data-end=\"2208\"><strong data-start=\"2128\" data-end=\"2159\">Web Site Kullan\u0131m Verileri:<\/strong> \u00c7erezler (cookies), ziyaret ve i\u015flem bilgileri<\/p><\/li><\/ul><hr data-start=\"2210\" data-end=\"2213\" \/><h3 data-start=\"2215\" data-end=\"2277\"><strong data-start=\"2219\" data-end=\"2277\">4. Ki\u015fisel Verilerin Toplanma Y\u00f6ntemi ve Hukuki Sebebi<\/strong><\/h3><p data-start=\"2279\" data-end=\"2299\">Ki\u015fisel verileriniz;<\/p><ul data-start=\"2301\" data-end=\"2471\"><li data-start=\"2301\" data-end=\"2346\"><p data-start=\"2303\" data-end=\"2346\">Web siteleri \u00fczerinden doldurulan formlar<\/p><\/li><li data-start=\"2347\" data-end=\"2395\"><p data-start=\"2349\" data-end=\"2395\">Telefon, e-posta ve di\u011fer ileti\u015fim kanallar\u0131<\/p><\/li><li data-start=\"2396\" data-end=\"2434\"><p data-start=\"2398\" data-end=\"2434\">Sigorta teklif ve poli\u00e7e s\u00fcre\u00e7leri<\/p><\/li><li data-start=\"2435\" data-end=\"2471\"><p data-start=\"2437\" data-end=\"2471\">S\u00f6zle\u015fmeler ve yasal bildirimler<\/p><\/li><\/ul><p data-start=\"2473\" data-end=\"2577\">arac\u0131l\u0131\u011f\u0131yla <strong data-start=\"2486\" data-end=\"2547\">KVKK\u2019n\u0131n 5. ve 6. maddelerinde belirtilen hukuki sebepler<\/strong> do\u011frultusunda toplanmaktad\u0131r.<\/p><hr data-start=\"2579\" data-end=\"2582\" \/><h3 data-start=\"2584\" data-end=\"2624\"><strong data-start=\"2588\" data-end=\"2624\">5. Ki\u015fisel Verilerin Aktar\u0131lmas\u0131<\/strong><\/h3><p data-start=\"2626\" data-end=\"2734\">Ki\u015fisel verileriniz, KVKK\u2019n\u0131n 8. ve 9. maddelerine uygun olarak a\u015fa\u011f\u0131daki ki\u015fi ve kurulu\u015flara aktar\u0131labilir:<\/p><ul data-start=\"2736\" data-end=\"2968\"><li data-start=\"2736\" data-end=\"2771\"><p data-start=\"2738\" data-end=\"2771\">Sigorta ve reas\u00fcrans \u015firketleri<\/p><\/li><li data-start=\"2772\" data-end=\"2847\"><p data-start=\"2774\" data-end=\"2847\">Yetkili kamu kurum ve kurulu\u015flar\u0131 (Hazine ve Maliye Bakanl\u0131\u011f\u0131, SGK vb.)<\/p><\/li><li data-start=\"2848\" data-end=\"2878\"><p data-start=\"2850\" data-end=\"2878\">Hukuki ve mali dan\u0131\u015fmanlar<\/p><\/li><li data-start=\"2879\" data-end=\"2912\"><p data-start=\"2881\" data-end=\"2912\">Bankalar ve \u00f6deme kurulu\u015flar\u0131<\/p><\/li><li data-start=\"2913\" data-end=\"2968\"><p data-start=\"2915\" data-end=\"2968\">Bilgi teknolojileri ve altyap\u0131 hizmet sa\u011flay\u0131c\u0131lar\u0131<\/p><\/li><\/ul><p data-start=\"2970\" data-end=\"3072\">Aktar\u0131m, yaln\u0131zca i\u015fleme ama\u00e7lar\u0131yla s\u0131n\u0131rl\u0131 ve gerekli g\u00fcvenlik tedbirleri al\u0131narak ger\u00e7ekle\u015ftirilir.<\/p><hr data-start=\"3074\" data-end=\"3077\" \/><h3 data-start=\"3079\" data-end=\"3122\"><strong data-start=\"3083\" data-end=\"3122\">6. Ki\u015fisel Verilerin Saklama S\u00fcresi<\/strong><\/h3><p data-start=\"3124\" data-end=\"3321\">Ki\u015fisel verileriniz, ilgili mevzuatta \u00f6ng\u00f6r\u00fclen s\u00fcreler boyunca ve i\u015fleme amac\u0131n\u0131n gerektirdi\u011fi s\u00fcreyle s\u0131n\u0131rl\u0131 olarak saklan\u0131r. S\u00fcre sonunda veriler silinir, yok edilir veya anonim hale getirilir.<\/p><hr data-start=\"3323\" data-end=\"3326\" \/><h3 data-start=\"3328\" data-end=\"3361\"><strong data-start=\"3332\" data-end=\"3361\">7. Veri Sahibinin Haklar\u0131<\/strong><\/h3><p data-start=\"3363\" data-end=\"3408\">KVKK\u2019n\u0131n 11. maddesi uyar\u0131nca veri sahipleri;<\/p><ul data-start=\"3410\" data-end=\"3764\"><li data-start=\"3410\" data-end=\"3463\"><p data-start=\"3412\" data-end=\"3463\">Ki\u015fisel verilerinin i\u015flenip i\u015flenmedi\u011fini \u00f6\u011frenme<\/p><\/li><li data-start=\"3464\" data-end=\"3495\"><p data-start=\"3466\" data-end=\"3495\">\u0130\u015flenmi\u015fse bilgi talep etme<\/p><\/li><li data-start=\"3496\" data-end=\"3523\"><p data-start=\"3498\" data-end=\"3523\">\u0130\u015flenme amac\u0131n\u0131 \u00f6\u011frenme<\/p><\/li><li data-start=\"3524\" data-end=\"3559\"><p data-start=\"3526\" data-end=\"3559\">Aktar\u0131lan \u00fc\u00e7\u00fcnc\u00fc ki\u015fileri bilme<\/p><\/li><li data-start=\"3560\" data-end=\"3621\"><p data-start=\"3562\" data-end=\"3621\">Eksik veya yanl\u0131\u015f i\u015flenen verilerin d\u00fczeltilmesini isteme<\/p><\/li><li data-start=\"3622\" data-end=\"3696\"><p data-start=\"3624\" data-end=\"3696\">Kanuni \u015fartlar \u00e7er\u00e7evesinde silinmesini veya yok edilmesini talep etme<\/p><\/li><li data-start=\"3697\" data-end=\"3764\"><p data-start=\"3699\" data-end=\"3764\">Kanuna ayk\u0131r\u0131 i\u015fleme nedeniyle zarar\u0131n giderilmesini talep etme<\/p><\/li><\/ul><p data-start=\"3766\" data-end=\"3785\">haklar\u0131na sahiptir.<\/p><hr data-start=\"3787\" data-end=\"3790\" \/><h3 data-start=\"3792\" data-end=\"3818\"><strong data-start=\"3796\" data-end=\"3818\">8. Ba\u015fvuru Y\u00f6ntemi<\/strong><\/h3><p data-start=\"3820\" data-end=\"3906\">KVKK kapsam\u0131ndaki taleplerinizi a\u015fa\u011f\u0131daki ileti\u015fim kanallar\u0131ndan bize iletebilirsiniz:<\/p><p data-start=\"3908\" data-end=\"4024\"><strong data-start=\"3908\" data-end=\"3920\">E-posta:<\/strong> <a class=\"decorated-link cursor-pointer\" rel=\"noopener\" data-start=\"3921\" data-end=\"3939\">sym@symsigorta.com<\/a><br data-start=\"3939\" data-end=\"3942\" \/><strong data-start=\"3942\" data-end=\"3952\">Adres:<\/strong> Meltem Mahallesi 4. Cadde Belgen Sitesi 9. Blok\/B Muratpa\u015fa \/ Antalya<\/p><p data-start=\"4026\" data-end=\"4096\">Ba\u015fvurular, KVKK\u2019ya uygun \u015fekilde <strong data-start=\"4060\" data-end=\"4084\">en ge\u00e7 30 g\u00fcn i\u00e7inde<\/strong> yan\u0131tlan\u0131r.<\/p><hr data-start=\"4098\" data-end=\"4101\" \/><h3 data-start=\"4103\" data-end=\"4139\"><strong data-start=\"4107\" data-end=\"4139\">9. \u00c7erez (Cookie) Politikas\u0131<\/strong><\/h3><p data-start=\"4141\" data-end=\"4276\">Web sitelerimizde kullan\u0131c\u0131 deneyimini geli\u015ftirmek amac\u0131yla \u00e7erezler kullan\u0131lmaktad\u0131r. \u00c7erez ayarlar\u0131 taray\u0131c\u0131 \u00fczerinden y\u00f6netilebilir.<\/p><hr data-start=\"4278\" data-end=\"4281\" \/><h3 data-start=\"4283\" data-end=\"4311\"><strong data-start=\"4287\" data-end=\"4311\">10. A\u00e7\u0131k R\u0131za Beyan\u0131<\/strong><\/h3><p data-start=\"4313\" data-end=\"4520\">Ki\u015fisel verilerimin, yukar\u0131da belirtilen ama\u00e7lar ve kapsam dahilinde <strong data-start=\"4382\" data-end=\"4427\">SYM Sigorta Arac\u0131l\u0131k Hizmetleri Ltd. \u015eti.<\/strong> taraf\u0131ndan i\u015flenmesini, saklanmas\u0131n\u0131 ve aktar\u0131lmas\u0131n\u0131 <strong data-start=\"4482\" data-end=\"4519\">okudum, anlad\u0131m ve kabul ediyorum<\/strong>.<\/p><p data-start=\"4522\" data-end=\"4548\">\u2610 <strong data-start=\"4524\" data-end=\"4548\">A\u00e7\u0131k r\u0131za veriyorum.<\/strong><\/p>\t\t\t\t\t\t\t\t<\/div>\n\t\t\t\t\t<\/div>\n\t\t\t\t<\/div>\n\t\t<div class=\"elementor-element elementor-element-98859c2 e-flex e-con-boxed e-con e-parent\" data-id=\"98859c2\" data-element_type=\"container\" data-e-type=\"container\">\n\t\t\t\t\t<div class=\"e-con-inner\">\n\t\t\t\t<div class=\"elementor-element elementor-element-33402c6 elementor-widget elementor-widget-text-editor\" data-id=\"33402c6\" data-element_type=\"widget\" data-e-type=\"widget\" data-widget_type=\"text-editor.default\">\n\t\t\t\t\t\t\t\t\t<h1 data-start=\"412\" data-end=\"448\">\ud83d\udd10 SYM Sigorta Gizlilik Politikas\u0131<\/h1><p data-start=\"450\" data-end=\"692\">Bu gizlilik politikas\u0131, <strong data-start=\"474\" data-end=\"519\">SYM Sigorta Arac\u0131l\u0131k Hizmetleri Ltd. \u015eti.<\/strong> (\u201cSYM Sigorta\u201d) taraf\u0131ndan i\u015fletilen web sitesi \u00fczerinden elde edilen ki\u015fisel verilerin toplanmas\u0131, kullan\u0131lmas\u0131, saklanmas\u0131 ve korunmas\u0131na ili\u015fkin esaslar\u0131 a\u00e7\u0131klamaktad\u0131r.<\/p><h2 data-start=\"694\" data-end=\"724\">1. Toplanan Ki\u015fisel Veriler<\/h2><p data-start=\"725\" data-end=\"786\">Web sitemiz \u00fczerinden a\u015fa\u011f\u0131daki ki\u015fisel veriler toplanabilir:<\/p><ul data-start=\"787\" data-end=\"935\"><li data-start=\"787\" data-end=\"798\"><p data-start=\"789\" data-end=\"798\">Ad, soyad<\/p><\/li><li data-start=\"799\" data-end=\"817\"><p data-start=\"801\" data-end=\"817\">Telefon numaras\u0131<\/p><\/li><li data-start=\"818\" data-end=\"834\"><p data-start=\"820\" data-end=\"834\">E-posta adresi<\/p><\/li><li data-start=\"835\" data-end=\"870\"><p data-start=\"837\" data-end=\"870\">Poli\u00e7e ve sigorta talep bilgileri<\/p><\/li><li data-start=\"871\" data-end=\"908\"><p data-start=\"873\" data-end=\"908\">IP adresi ve site kullan\u0131m verileri<\/p><\/li><li data-start=\"909\" data-end=\"935\"><p data-start=\"911\" data-end=\"935\">\u00c7erez (cookie) bilgileri<\/p><\/li><\/ul><h2 data-start=\"937\" data-end=\"977\">2. Ki\u015fisel Verilerin Toplanma Y\u00f6ntemi<\/h2><p data-start=\"978\" data-end=\"994\">Ki\u015fisel veriler;<\/p><ul data-start=\"995\" data-end=\"1105\"><li data-start=\"995\" data-end=\"1024\"><p data-start=\"997\" data-end=\"1024\">Teklif ve ileti\u015fim formlar\u0131<\/p><\/li><li data-start=\"1025\" data-end=\"1050\"><p data-start=\"1027\" data-end=\"1050\">Online ba\u015fvuru alanlar\u0131<\/p><\/li><li data-start=\"1051\" data-end=\"1061\"><p data-start=\"1053\" data-end=\"1061\">\u00c7erezler<\/p><\/li><li data-start=\"1062\" data-end=\"1105\"><p data-start=\"1064\" data-end=\"1105\">E-posta, telefon ve WhatsApp ileti\u015fimleri<\/p><\/li><\/ul><p data-start=\"1107\" data-end=\"1172\">arac\u0131l\u0131\u011f\u0131yla otomatik veya otomatik olmayan y\u00f6ntemlerle toplan\u0131r.<\/p><h2 data-start=\"1174\" data-end=\"1215\">3. Ki\u015fisel Verilerin Kullan\u0131m Ama\u00e7lar\u0131<\/h2><p data-start=\"1216\" data-end=\"1264\">Toplanan veriler a\u015fa\u011f\u0131daki ama\u00e7larla kullan\u0131l\u0131r:<\/p><ul data-start=\"1265\" data-end=\"1486\"><li data-start=\"1265\" data-end=\"1289\"><p data-start=\"1267\" data-end=\"1289\">Sigorta teklifi sunmak<\/p><\/li><li data-start=\"1290\" data-end=\"1330\"><p data-start=\"1292\" data-end=\"1330\">Poli\u00e7e d\u00fczenleme ve yenileme i\u015flemleri<\/p><\/li><li data-start=\"1331\" data-end=\"1373\"><p data-start=\"1333\" data-end=\"1373\">Hasar ve destek s\u00fcre\u00e7lerinin y\u00fcr\u00fct\u00fclmesi<\/p><\/li><li data-start=\"1374\" data-end=\"1410\"><p data-start=\"1376\" data-end=\"1410\">M\u00fc\u015fteri ileti\u015fimi ve bilgilendirme<\/p><\/li><li data-start=\"1411\" data-end=\"1453\"><p data-start=\"1413\" data-end=\"1453\">Yasal y\u00fck\u00fcml\u00fcl\u00fcklerin yerine getirilmesi<\/p><\/li><li data-start=\"1454\" data-end=\"1486\"><p data-start=\"1456\" data-end=\"1486\">Hizmet kalitesinin art\u0131r\u0131lmas\u0131<\/p><\/li><\/ul><h2 data-start=\"1488\" data-end=\"1521\">4. Ki\u015fisel Verilerin Payla\u015f\u0131m\u0131<\/h2><p data-start=\"1522\" data-end=\"1538\">Ki\u015fisel veriler;<\/p><ul data-start=\"1539\" data-end=\"1620\"><li data-start=\"1539\" data-end=\"1559\"><p data-start=\"1541\" data-end=\"1559\">Sigorta \u015firketleri<\/p><\/li><li data-start=\"1560\" data-end=\"1584\"><p data-start=\"1562\" data-end=\"1584\">Yetkili kamu kurumlar\u0131<\/p><\/li><li data-start=\"1585\" data-end=\"1620\"><p data-start=\"1587\" data-end=\"1620\">Yasal zorunluluk bulunan durumlar<\/p><\/li><\/ul><p data-start=\"1622\" data-end=\"1676\">haricinde \u00fc\u00e7\u00fcnc\u00fc ki\u015filerle <strong data-start=\"1649\" data-end=\"1675\">kesinlikle payla\u015f\u0131lmaz<\/strong>.<\/p><h2 data-start=\"1678\" data-end=\"1698\">5. Veri G\u00fcvenli\u011fi<\/h2><p data-start=\"1699\" data-end=\"1909\">SYM Sigorta, ki\u015fisel verilerin g\u00fcvenli\u011fini sa\u011flamak amac\u0131yla teknik ve idari tedbirleri almaktad\u0131r. Yetkisiz eri\u015fim, veri kayb\u0131 veya k\u00f6t\u00fcye kullan\u0131m\u0131n \u00f6nlenmesi i\u00e7in gerekli g\u00fcvenlik altyap\u0131s\u0131 kullan\u0131lmaktad\u0131r.<\/p><h2 data-start=\"1911\" data-end=\"1945\">6. KVKK Kapsam\u0131ndaki Haklar\u0131n\u0131z<\/h2><p data-start=\"1946\" data-end=\"1974\">6698 say\u0131l\u0131 KVKK kapsam\u0131nda:<\/p><ul data-start=\"1975\" data-end=\"2113\"><li data-start=\"1975\" data-end=\"2028\"><p data-start=\"1977\" data-end=\"2028\">Ki\u015fisel verilerinizin i\u015flenip i\u015flenmedi\u011fini \u00f6\u011frenme<\/p><\/li><li data-start=\"2029\" data-end=\"2073\"><p data-start=\"2031\" data-end=\"2073\">D\u00fczeltilmesini veya silinmesini talep etme<\/p><\/li><li data-start=\"2074\" data-end=\"2099\"><p data-start=\"2076\" data-end=\"2099\">\u0130\u015flenme amac\u0131n\u0131 \u00f6\u011frenme<\/p><\/li><li data-start=\"2100\" data-end=\"2113\"><p data-start=\"2102\" data-end=\"2113\">\u0130tiraz etme<\/p><\/li><\/ul><p data-start=\"2115\" data-end=\"2193\">haklar\u0131na sahipsiniz. Taleplerinizi bizimle ileti\u015fime ge\u00e7erek iletebilirsiniz.<\/p>\t\t\t\t\t\t\t\t<\/div>\n\t\t\t\t\t<\/div>\n\t\t\t\t<\/div>\n\t\t\t\t<\/div>\n\t\t","protected":false},"excerpt":{"rendered":"<p>SYM S\u0130GORTA ARACILIK H\u0130ZMETLER\u0130 LTD. \u015eT\u0130. Ki\u015fisel Verilerin Korunmas\u0131 ve \u0130\u015flenmesine \u0130li\u015fkin Ayd\u0131nlatma Metni (KVKK) 1. Veri Sorumlusunun Kimli\u011fi 6698 say\u0131l\u0131 Ki\u015fisel Verilerin Korunmas\u0131 Kanunu (\u201cKVKK\u201d) uyar\u0131nca, ki\u015fisel verileriniz; veri sorumlusu s\u0131fat\u0131yla SYM Sigorta Arac\u0131l\u0131k Hizmetleri Ltd. \u015eti. taraf\u0131ndan a\u015fa\u011f\u0131da a\u00e7\u0131klanan kapsamda i\u015flenmektedir. Adres: Meltem Mahallesi 4. Cadde Belgen Sitesi 9. Blok\/B Muratpa\u015fa \/ AntalyaTelefon: [&hellip;]<\/p>\n","protected":false},"author":1,"featured_media":0,"parent":0,"menu_order":0,"comment_status":"closed","ping_status":"closed","template":"","meta":{"footnotes":""},"class_list":["post-445","page","type-page","status-publish","hentry"],"_links":{"self":[{"href":"https:\/\/bisigortayap.com\/index.php\/wp-json\/wp\/v2\/pages\/445","targetHints":{"allow":["GET"]}}],"collection":[{"href":"https:\/\/bisigortayap.com\/index.php\/wp-json\/wp\/v2\/pages"}],"about":[{"href":"https:\/\/bisigortayap.com\/index.php\/wp-json\/wp\/v2\/types\/page"}],"author":[{"embeddable":true,"href":"https:\/\/bisigortayap.com\/index.php\/wp-json\/wp\/v2\/users\/1"}],"replies":[{"embeddable":true,"href":"https:\/\/bisigortayap.com\/index.php\/wp-json\/wp\/v2\/comments?post=445"}],"version-history":[{"count":7,"href":"https:\/\/bisigortayap.com\/index.php\/wp-json\/wp\/v2\/pages\/445\/revisions"}],"predecessor-version":[{"id":673,"href":"https:\/\/bisigortayap.com\/index.php\/wp-json\/wp\/v2\/pages\/445\/revisions\/673"}],"wp:attachment":[{"href":"https:\/\/bisigortayap.com\/index.php\/wp-json\/wp\/v2\/media?parent=445"}],"curies":[{"name":"wp","href":"https:\/\/api.w.org\/{rel}","templated":true}]}}