{"id":456,"date":"2025-12-24T06:38:06","date_gmt":"2025-12-24T06:38:06","guid":{"rendered":"https:\/\/bisigortayap.com\/?page_id=456"},"modified":"2025-12-24T06:38:39","modified_gmt":"2025-12-24T06:38:39","slug":"cerez-ayarlari","status":"publish","type":"page","link":"https:\/\/bisigortayap.com\/index.php\/cerez-ayarlari\/","title":{"rendered":"\u00c7erez Ayarlar\u0131"},"content":{"rendered":"\t\t<div data-elementor-type=\"wp-page\" data-elementor-id=\"456\" class=\"elementor elementor-456\" data-elementor-post-type=\"page\">\n\t\t\t\t<div class=\"elementor-element elementor-element-2a476ca e-flex e-con-boxed e-con e-parent\" data-id=\"2a476ca\" data-element_type=\"container\" data-e-type=\"container\">\n\t\t\t\t\t<div class=\"e-con-inner\">\n\t\t\t\t<div class=\"elementor-element elementor-element-90225b8 elementor-widget elementor-widget-text-editor\" data-id=\"90225b8\" data-element_type=\"widget\" data-e-type=\"widget\" data-widget_type=\"text-editor.default\">\n\t\t\t\t\t\t\t\t\t<h1 data-start=\"3353\" data-end=\"3404\">\ud83c\udf6a SYM Sigorta \u00c7erez Politikas\u0131 ve \u00c7erez Ayarlar\u0131<\/h1><h2 data-start=\"3406\" data-end=\"3430\">\u00c7erez (Cookie) Nedir?<\/h2><p data-start=\"3431\" data-end=\"3568\">\u00c7erezler, web sitesini ziyaret etti\u011finizde taray\u0131c\u0131n\u0131zda saklanan k\u00fc\u00e7\u00fck veri dosyalar\u0131d\u0131r. Web sitesinin daha verimli \u00e7al\u0131\u015fmas\u0131n\u0131 sa\u011flar.<\/p><h2 data-start=\"3570\" data-end=\"3597\">Kullan\u0131lan \u00c7erez T\u00fcrleri<\/h2><p data-start=\"3598\" data-end=\"3648\">Web sitemizde a\u015fa\u011f\u0131daki \u00e7erezler kullan\u0131lmaktad\u0131r:<\/p><h3 data-start=\"3650\" data-end=\"3670\">Zorunlu \u00c7erezler<\/h3><p data-start=\"3671\" data-end=\"3730\">Web sitesinin temel i\u015flevlerinin \u00e7al\u0131\u015fmas\u0131 i\u00e7in gereklidir.<\/p><h3 data-start=\"3732\" data-end=\"3767\">Performans ve Analitik \u00c7erezler<\/h3><p data-start=\"3768\" data-end=\"3843\">Site kullan\u0131m\u0131n\u0131 analiz ederek hizmet kalitesini art\u0131rmam\u0131za yard\u0131mc\u0131 olur.<\/p><h3 data-start=\"3845\" data-end=\"3869\">Fonksiyonel \u00c7erezler<\/h3><p data-start=\"3870\" data-end=\"3920\">Kullan\u0131c\u0131 tercihlerini hat\u0131rlamak i\u00e7in kullan\u0131l\u0131r.<\/p><h3 data-start=\"3922\" data-end=\"3945\">Pazarlama \u00c7erezleri<\/h3><p data-start=\"3946\" data-end=\"4013\">Kullan\u0131c\u0131ya \u00f6zel reklam ve kampanya sunmak amac\u0131yla kullan\u0131labilir.<\/p><h2 data-start=\"4015\" data-end=\"4056\">\u00c7erezleri Nas\u0131l Kontrol Edebilirsiniz?<\/h2><p data-start=\"4057\" data-end=\"4098\">Taray\u0131c\u0131 ayarlar\u0131n\u0131z \u00fczerinden \u00e7erezleri:<\/p><ul data-start=\"4099\" data-end=\"4142\"><li data-start=\"4099\" data-end=\"4115\"><p data-start=\"4101\" data-end=\"4115\">Kabul edebilir<\/p><\/li><li data-start=\"4116\" data-end=\"4130\"><p data-start=\"4118\" data-end=\"4130\">Reddedebilir<\/p><\/li><li data-start=\"4131\" data-end=\"4142\"><p data-start=\"4133\" data-end=\"4142\">Silebilir<\/p><\/li><\/ul><p data-start=\"4144\" data-end=\"4200\">veya sadece belirli \u00e7erez t\u00fcrlerine izin verebilirsiniz.<\/p><h2 data-start=\"4202\" data-end=\"4219\">\u00c7erez Ayarlar\u0131<\/h2><p data-start=\"4220\" data-end=\"4376\">Web sitemizi kullanmaya devam ederek \u00e7erez kullan\u0131m\u0131n\u0131 kabul etmi\u015f say\u0131l\u0131rs\u0131n\u0131z. Diledi\u011finiz zaman taray\u0131c\u0131 ayarlar\u0131ndan tercihlerinizi de\u011fi\u015ftirebilirsiniz.<\/p>\t\t\t\t\t\t\t\t<\/div>\n\t\t\t\t\t<\/div>\n\t\t\t\t<\/div>\n\t\t\t\t<\/div>\n\t\t","protected":false},"excerpt":{"rendered":"<p>\ud83c\udf6a SYM Sigorta \u00c7erez Politikas\u0131 ve \u00c7erez Ayarlar\u0131 \u00c7erez (Cookie) Nedir? \u00c7erezler, web sitesini ziyaret etti\u011finizde taray\u0131c\u0131n\u0131zda saklanan k\u00fc\u00e7\u00fck veri dosyalar\u0131d\u0131r. Web sitesinin daha verimli \u00e7al\u0131\u015fmas\u0131n\u0131 sa\u011flar. Kullan\u0131lan \u00c7erez T\u00fcrleri Web sitemizde a\u015fa\u011f\u0131daki \u00e7erezler kullan\u0131lmaktad\u0131r: Zorunlu \u00c7erezler Web sitesinin temel i\u015flevlerinin \u00e7al\u0131\u015fmas\u0131 i\u00e7in gereklidir. Performans ve Analitik \u00c7erezler Site kullan\u0131m\u0131n\u0131 analiz ederek hizmet kalitesini art\u0131rmam\u0131za [&hellip;]<\/p>\n","protected":false},"author":1,"featured_media":0,"parent":0,"menu_order":0,"comment_status":"closed","ping_status":"closed","template":"","meta":{"footnotes":""},"class_list":["post-456","page","type-page","status-publish","hentry"],"_links":{"self":[{"href":"https:\/\/bisigortayap.com\/index.php\/wp-json\/wp\/v2\/pages\/456","targetHints":{"allow":["GET"]}}],"collection":[{"href":"https:\/\/bisigortayap.com\/index.php\/wp-json\/wp\/v2\/pages"}],"about":[{"href":"https:\/\/bisigortayap.com\/index.php\/wp-json\/wp\/v2\/types\/page"}],"author":[{"embeddable":true,"href":"https:\/\/bisigortayap.com\/index.php\/wp-json\/wp\/v2\/users\/1"}],"replies":[{"embeddable":true,"href":"https:\/\/bisigortayap.com\/index.php\/wp-json\/wp\/v2\/comments?post=456"}],"version-history":[{"count":4,"href":"https:\/\/bisigortayap.com\/index.php\/wp-json\/wp\/v2\/pages\/456\/revisions"}],"predecessor-version":[{"id":460,"href":"https:\/\/bisigortayap.com\/index.php\/wp-json\/wp\/v2\/pages\/456\/revisions\/460"}],"wp:attachment":[{"href":"https:\/\/bisigortayap.com\/index.php\/wp-json\/wp\/v2\/media?parent=456"}],"curies":[{"name":"wp","href":"https:\/\/api.w.org\/{rel}","templated":true}]}}