{"id":538,"date":"2025-12-27T06:55:31","date_gmt":"2025-12-27T06:55:31","guid":{"rendered":"https:\/\/bisigortayap.com\/?page_id=538"},"modified":"2025-12-27T13:36:56","modified_gmt":"2025-12-27T13:36:56","slug":"tamamlayici-saglik-sigortasi","status":"publish","type":"page","link":"https:\/\/bisigortayap.com\/index.php\/tamamlayici-saglik-sigortasi\/","title":{"rendered":"Tamamlay\u0131c\u0131 Sa\u011fl\u0131k Sigortas\u0131"},"content":{"rendered":"\t\t<div data-elementor-type=\"wp-page\" data-elementor-id=\"538\" class=\"elementor elementor-538\" data-elementor-post-type=\"page\">\n\t\t\t\t<div class=\"elementor-element elementor-element-14acb22 e-flex e-con-boxed e-con e-parent\" data-id=\"14acb22\" data-element_type=\"container\" data-e-type=\"container\">\n\t\t\t\t\t<div class=\"e-con-inner\">\n\t\t<div class=\"elementor-element elementor-element-af535d8 e-con-full e-flex e-con e-child\" data-id=\"af535d8\" data-element_type=\"container\" data-e-type=\"container\">\n\t\t<div class=\"elementor-element elementor-element-c486a62 e-con-full e-flex e-con e-child\" data-id=\"c486a62\" data-element_type=\"container\" data-e-type=\"container\">\n\t\t\t\t<div class=\"elementor-element elementor-element-a5414d9 elementor-widget elementor-widget-text-editor\" data-id=\"a5414d9\" data-element_type=\"widget\" data-e-type=\"widget\" data-widget_type=\"text-editor.default\">\n\t\t\t\t\t\t\t\t\t<h2 data-start=\"235\" data-end=\"273\">Tamamlay\u0131c\u0131 Sa\u011fl\u0131k Sigortas\u0131 Nedir?<\/h2><p data-start=\"275\" data-end=\"579\">Tamamlay\u0131c\u0131 Sa\u011fl\u0131k Sigortas\u0131 (TSS), SGK\u2019l\u0131 bireylerin \u00f6zel hastanelerde ek \u00fccret \u00f6demeden ya da \u00e7ok d\u00fc\u015f\u00fck farklarla sa\u011fl\u0131k hizmeti almas\u0131n\u0131 sa\u011flayan sigorta t\u00fcr\u00fcd\u00fcr. SGK\u2019n\u0131n kar\u015f\u0131lad\u0131\u011f\u0131 tutarlar\u0131n \u00fczerinde kalan fark \u00fccretleri sigorta taraf\u0131ndan kar\u015f\u0131lan\u0131r ve \u00f6zel hastane hizmetleri ekonomik hale gelir.<\/p><h2 data-start=\"581\" data-end=\"620\">Tamamlay\u0131c\u0131 Sa\u011fl\u0131k Sigortas\u0131 Kapsam\u0131<\/h2><p data-start=\"622\" data-end=\"716\">Tamamlay\u0131c\u0131 Sa\u011fl\u0131k Sigortas\u0131, SGK ile anla\u015fmal\u0131 \u00f6zel hastanelerde a\u015fa\u011f\u0131daki hizmetleri kapsar:<\/p><ul data-start=\"718\" data-end=\"980\"><li data-start=\"718\" data-end=\"866\"><p data-start=\"720\" data-end=\"746\">Ayakta tedavi hizmetleri<\/p><ul data-start=\"749\" data-end=\"866\"><li data-start=\"749\" data-end=\"771\"><p data-start=\"751\" data-end=\"771\">Doktor muayeneleri<\/p><\/li><li data-start=\"774\" data-end=\"809\"><p data-start=\"776\" data-end=\"809\">Laboratuvar ve tahlil i\u015flemleri<\/p><\/li><li data-start=\"812\" data-end=\"866\"><p data-start=\"814\" data-end=\"866\">R\u00f6ntgen, MR, tomografi gibi g\u00f6r\u00fcnt\u00fcleme hizmetleri<\/p><\/li><\/ul><\/li><li data-start=\"868\" data-end=\"980\"><p data-start=\"870\" data-end=\"897\">Yatarak tedavi hizmetleri<\/p><ul data-start=\"900\" data-end=\"980\"><li data-start=\"900\" data-end=\"915\"><p data-start=\"902\" data-end=\"915\">Ameliyatlar<\/p><\/li><li data-start=\"918\" data-end=\"939\"><p data-start=\"920\" data-end=\"939\">Hastane yat\u0131\u015flar\u0131<\/p><\/li><li data-start=\"942\" data-end=\"980\"><p data-start=\"944\" data-end=\"980\">Yo\u011fun bak\u0131m ve refakat\u00e7i giderleri<\/p><\/li><\/ul><\/li><\/ul><p data-start=\"982\" data-end=\"1101\">Bu hizmetlerden, anla\u015fmal\u0131 \u00f6zel hastanelerde ilave \u00fccret \u00f6demeden veya \u00e7ok d\u00fc\u015f\u00fck katk\u0131 paylar\u0131 ile yararlanabilirsiniz.<\/p><h2 data-start=\"1103\" data-end=\"1149\">Tamamlay\u0131c\u0131 Sa\u011fl\u0131k Sigortas\u0131n\u0131n Avantajlar\u0131<\/h2><ul data-start=\"1151\" data-end=\"1455\"><li data-start=\"1151\" data-end=\"1200\"><p data-start=\"1153\" data-end=\"1200\">\u00d6zel hastanelerde y\u00fcksek \u00fccretler \u00f6demezsiniz<\/p><\/li><li data-start=\"1201\" data-end=\"1261\"><p data-start=\"1203\" data-end=\"1261\">SGK ve \u00f6zel sigorta avantajlar\u0131n\u0131 birlikte kullan\u0131rs\u0131n\u0131z<\/p><\/li><li data-start=\"1262\" data-end=\"1324\"><p data-start=\"1264\" data-end=\"1324\">Uygun primlerle geni\u015f kapsaml\u0131 teminatlara sahip olursunuz<\/p><\/li><li data-start=\"1325\" data-end=\"1385\"><p data-start=\"1327\" data-end=\"1385\">K\u0131sa bekleme s\u00fcreleri ile h\u0131zl\u0131 sa\u011fl\u0131k hizmeti al\u0131rs\u0131n\u0131z<\/p><\/li><li data-start=\"1386\" data-end=\"1455\"><p data-start=\"1388\" data-end=\"1455\">Aile bireyleri i\u00e7in ayr\u0131 ayr\u0131 veya aile paketleri olu\u015fturulabilir<\/p><\/li><\/ul><h2 data-start=\"1457\" data-end=\"1509\">Kimler Tamamlay\u0131c\u0131 Sa\u011fl\u0131k Sigortas\u0131 Yapt\u0131rabilir?<\/h2><ul data-start=\"1511\" data-end=\"1628\"><li data-start=\"1511\" data-end=\"1532\"><p data-start=\"1513\" data-end=\"1532\">SGK\u2019l\u0131 \u00e7al\u0131\u015fanlar<\/p><\/li><li data-start=\"1533\" data-end=\"1546\"><p data-start=\"1535\" data-end=\"1546\">Emekliler<\/p><\/li><li data-start=\"1547\" data-end=\"1628\"><p data-start=\"1549\" data-end=\"1628\">Sigorta \u015firketine g\u00f6re de\u011fi\u015fmekle birlikte genellikle 0\u201365 ya\u015f aras\u0131 bireyler<\/p><\/li><\/ul><p data-start=\"1630\" data-end=\"1723\">SGK kayd\u0131 bulunan ki\u015filer, sa\u011fl\u0131k durumlar\u0131na g\u00f6re Tamamlay\u0131c\u0131 Sa\u011fl\u0131k Sigortas\u0131 yapt\u0131rabilir.<\/p><h2 data-start=\"1725\" data-end=\"1782\">Neden Tamamlay\u0131c\u0131 Sa\u011fl\u0131k Sigortas\u0131 Tercih Edilmelidir?<\/h2><p data-start=\"1784\" data-end=\"2054\">Sa\u011fl\u0131k harcamalar\u0131n\u0131n her ge\u00e7en g\u00fcn artmas\u0131, Tamamlay\u0131c\u0131 Sa\u011fl\u0131k Sigortas\u0131n\u0131 \u00f6nemli bir ihtiya\u00e7 haline getirmi\u015ftir. Bu sigorta t\u00fcr\u00fc, \u00f6zel hastane kalitesinde sa\u011fl\u0131k hizmeti al\u0131rken b\u00fct\u00e7enizi koruman\u0131za yard\u0131mc\u0131 olur ve beklenmedik sa\u011fl\u0131k giderlerine kar\u015f\u0131 g\u00fcvence sa\u011flar.<\/p><h2 data-start=\"2056\" data-end=\"2107\">En Uygun Tamamlay\u0131c\u0131 Sa\u011fl\u0131k Sigortas\u0131 Teklifleri<\/h2><p data-start=\"2109\" data-end=\"2326\">Web sitemiz \u00fczerinden ihtiya\u00e7lar\u0131n\u0131za uygun teminatlar\u0131 belirleyebilir, birden fazla sigorta \u015firketinden kar\u015f\u0131la\u015ft\u0131rmal\u0131 teklif alabilir ve size en uygun Tamamlay\u0131c\u0131 Sa\u011fl\u0131k Sigortas\u0131 poli\u00e7esini kolayca se\u00e7ebilirsiniz.<\/p><p data-start=\"2328\" data-end=\"2389\">Hemen teklif alarak sa\u011fl\u0131\u011f\u0131n\u0131z\u0131 g\u00fcvence alt\u0131na alabilirsiniz.<\/p><p data-start=\"2328\" data-end=\"2389\">\u00d6zel Sa\u011fl\u0131k Sigortan\u0131z\u0131 SYM Sigortadan yapt\u0131r\u0131p uzman ekibimiz taraf\u0131ndan 7 \/ 24 destek alabilirsiniz. SYM Sigorta size en uygun teminatlar\u0131 hedefleyek do\u011fru sa\u011fl\u0131k sigortas\u0131n\u0131 se\u00e7menize yard\u0131mc\u0131 olur.<\/p><p data-start=\"2328\" data-end=\"2389\">Tamamlay\u0131c\u0131 Sa\u011fl\u0131k Sigortan\u0131z\u0131 SYM Sigortadan yapt\u0131r\u0131p profesyonel sa\u011fl\u0131k sigortas\u0131 deste\u011finizi 7\/24 ekibimizden alabilirsin. Size en uygun sigorta modelini se\u00e7memiz i\u00e7in hemen ula\u015f\u0131n.<\/p>\t\t\t\t\t\t\t\t<\/div>\n\t\t\t\t<\/div>\n\t\t<div class=\"elementor-element elementor-element-086ebed e-con-full e-flex e-con e-child\" data-id=\"086ebed\" data-element_type=\"container\" data-e-type=\"container\">\n\t\t<div class=\"elementor-element elementor-element-fb7f22a e-con-full e-flex e-con e-child\" data-id=\"fb7f22a\" data-element_type=\"container\" data-e-type=\"container\">\n\t\t<div class=\"elementor-element elementor-element-6ed0d13 e-con-full e-flex e-con e-child\" data-id=\"6ed0d13\" data-element_type=\"container\" data-e-type=\"container\">\n\t\t<div class=\"elementor-element elementor-element-c28a166 e-con-full e-flex e-con e-child\" data-id=\"c28a166\" data-element_type=\"container\" data-e-type=\"container\">\n\t\t\t\t<div class=\"elementor-element elementor-element-bf02975 elementor-widget elementor-widget-heading\" data-id=\"bf02975\" data-element_type=\"widget\" data-e-type=\"widget\" data-widget_type=\"heading.default\">\n\t\t\t\t\t<h2 class=\"elementor-heading-title elementor-size-default\">Tamamlay\u0131c\u0131 Sa\u011fl\u0131k Sigortas\u0131 Teklifiniz i\u00e7in Hemen formu doldurunuz<\/h2>\t\t\t\t<\/div>\n\t\t\t\t<\/div>\n\t\t\t\t<div class=\"elementor-element elementor-element-806a062 elementor-button-align-stretch elementor-widget elementor-widget-form\" data-id=\"806a062\" data-element_type=\"widget\" data-e-type=\"widget\" data-settings=\"{&quot;step_next_label&quot;:&quot;Next&quot;,&quot;step_previous_label&quot;:&quot;Previous&quot;,&quot;button_width&quot;:&quot;100&quot;,&quot;step_type&quot;:&quot;number_text&quot;,&quot;step_icon_shape&quot;:&quot;circle&quot;}\" data-widget_type=\"form.default\">\n\t\t\t\t\t\t\t<form class=\"elementor-form\" method=\"post\" name=\"Saglik\" aria-label=\"Saglik\">\n\t\t\t<input type=\"hidden\" name=\"post_id\" value=\"538\"\/>\n\t\t\t<input type=\"hidden\" name=\"form_id\" value=\"806a062\"\/>\n\t\t\t<input type=\"hidden\" name=\"referer_title\" value=\"Tamamlay\u0131c\u0131 Sa\u011fl\u0131k Sigortas\u0131\" \/>\n\n\t\t\t\t\t\t\t<input type=\"hidden\" name=\"queried_id\" value=\"538\"\/>\n\t\t\t\n\t\t\t<div class=\"elementor-form-fields-wrapper elementor-labels-above\">\n\t\t\t\t\t\t\t\t<div class=\"elementor-field-type-text elementor-field-group elementor-column elementor-field-group-field_0b03625 elementor-col-100\">\n\t\t\t\t\t\t\t\t\t\t\t\t<label for=\"form-field-field_0b03625\" class=\"elementor-field-label\">\n\t\t\t\t\t\t\t\tTC. Kimlik No(Vergi Numaras\u0131)\t\t\t\t\t\t\t<\/label>\n\t\t\t\t\t\t\t\t\t\t\t\t\t\t<input size=\"1\" type=\"text\" name=\"form_fields[field_0b03625]\" id=\"form-field-field_0b03625\" class=\"elementor-field elementor-size-xs  elementor-field-textual\" placeholder=\"TC Kimlik veya Vergi Numaras\u0131\">\n\t\t\t\t\t\t\t\t\t\t\t<\/div>\n\t\t\t\t\t\t\t\t<div class=\"elementor-field-type-tel elementor-field-group elementor-column elementor-field-group-email elementor-col-100 elementor-field-required elementor-mark-required\">\n\t\t\t\t\t\t\t\t\t\t\t\t<label for=\"form-field-email\" class=\"elementor-field-label\">\n\t\t\t\t\t\t\t\tTelefon Numaras\u0131\t\t\t\t\t\t\t<\/label>\n\t\t\t\t\t\t\t\t<input size=\"1\" type=\"tel\" name=\"form_fields[email]\" id=\"form-field-email\" class=\"elementor-field elementor-size-xs  elementor-field-textual\" placeholder=\"Telefon Numaras\u0131\" required=\"required\" pattern=\"[0-9()#&amp;+*-=.]+\" title=\"Only numbers and phone characters (#, -, *, etc) are accepted.\">\n\n\t\t\t\t\t\t<\/div>\n\t\t\t\t\t\t\t\t<div class=\"elementor-field-type-date elementor-field-group elementor-column elementor-field-group-field_50d4c1f elementor-col-100 elementor-field-required elementor-mark-required\">\n\t\t\t\t\t\t\t\t\t\t\t\t<label for=\"form-field-field_50d4c1f\" class=\"elementor-field-label\">\n\t\t\t\t\t\t\t\tDo\u011fum Tarihi\t\t\t\t\t\t\t<\/label>\n\t\t\t\t\t\t\n\t\t<input type=\"date\" name=\"form_fields[field_50d4c1f]\" id=\"form-field-field_50d4c1f\" class=\"elementor-field elementor-size-xs  elementor-field-textual elementor-date-field\" placeholder=\"01.01.2000\" required=\"required\" pattern=\"[0-9]{4}-[0-9]{2}-[0-9]{2}\" min=\"2005-08-08\">\n\t\t\t\t\t\t<\/div>\n\t\t\t\t\t\t\t\t<div class=\"elementor-field-type-checkbox elementor-field-group elementor-column elementor-field-group-field_b1bf96e elementor-col-100\">\n\t\t\t\t\t\t\t\t\t\t\t\t<label for=\"form-field-field_b1bf96e\" class=\"elementor-field-label\">\n\t\t\t\t\t\t\t\tKVKK Onay\u0131\t\t\t\t\t\t\t<\/label>\n\t\t\t\t\t\t<div class=\"elementor-field-subgroup  \"><span class=\"elementor-field-option\"><input type=\"checkbox\" value=\"\" id=\"form-field-field_b1bf96e-0\" name=\"form_fields[field_b1bf96e]\"> <label for=\"form-field-field_b1bf96e-0\"><\/label><\/span><\/div>\t\t\t\t<\/div>\n\t\t\t\t\t\t\t\t<div class=\"elementor-field-group elementor-column elementor-field-type-submit elementor-col-100 e-form__buttons\">\n\t\t\t\t\t<button class=\"elementor-button elementor-size-sm\" type=\"submit\">\n\t\t\t\t\t\t<span class=\"elementor-button-content-wrapper\">\n\t\t\t\t\t\t\t\t\t\t\t\t\t\t\t\t\t\t\t\t\t\t<span class=\"elementor-button-text\">G\u00f6nder<\/span>\n\t\t\t\t\t\t\t\t\t\t\t\t\t<\/span>\n\t\t\t\t\t<\/button>\n\t\t\t\t<\/div>\n\t\t\t<\/div>\n\t\t<\/form>\n\t\t\t\t\t\t<\/div>\n\t\t\t\t<div class=\"elementor-element elementor-element-f1d48a9 elementor-align-justify elementor-widget elementor-widget-button\" data-id=\"f1d48a9\" data-element_type=\"widget\" data-e-type=\"widget\" data-widget_type=\"button.default\">\n\t\t\t\t\t\t\t\t\t\t<a class=\"elementor-button elementor-button-link elementor-size-sm\" href=\"https:\/\/bisigortayap.com\/index.php\/gizlilik-politikasi\/\">\n\t\t\t\t\t\t<span class=\"elementor-button-content-wrapper\">\n\t\t\t\t\t\t\t\t\t<span class=\"elementor-button-text\">KVKK ve Gizlilik Politikam\u0131z\u0131 Okumak i\u00e7in L\u00fctfen T\u0131klay\u0131n\u0131z.<\/span>\n\t\t\t\t\t<\/span>\n\t\t\t\t\t<\/a>\n\t\t\t\t\t\t\t\t<\/div>\n\t\t\t\t<\/div>\n\t\t\t\t<\/div>\n\t\t<div class=\"elementor-element elementor-element-d399f07 e-con-full e-flex e-con e-child\" data-id=\"d399f07\" data-element_type=\"container\" data-e-type=\"container\">\n\t\t\t\t<div class=\"elementor-element elementor-element-b15ae9c elementor-widget elementor-widget-image\" data-id=\"b15ae9c\" data-element_type=\"widget\" data-e-type=\"widget\" data-widget_type=\"image.default\">\n\t\t\t\t\t\t\t\t\t\t\t\t\t\t\t<img fetchpriority=\"high\" decoding=\"async\" width=\"800\" height=\"800\" src=\"http:\/\/bisigortayap.com\/wp-content\/uploads\/2025\/12\/Blue-And-White-Modern-Car-Insurance-Instagram-Post-3-1024x1024.png\" class=\"attachment-large size-large wp-image-201\" alt=\"\" srcset=\"http:\/\/bisigortayap.com\/wp-content\/uploads\/2025\/12\/Blue-And-White-Modern-Car-Insurance-Instagram-Post-3-1024x1024.png 1024w, http:\/\/bisigortayap.com\/wp-content\/uploads\/2025\/12\/Blue-And-White-Modern-Car-Insurance-Instagram-Post-3-300x300.png 300w, http:\/\/bisigortayap.com\/wp-content\/uploads\/2025\/12\/Blue-And-White-Modern-Car-Insurance-Instagram-Post-3-150x150.png 150w, http:\/\/bisigortayap.com\/wp-content\/uploads\/2025\/12\/Blue-And-White-Modern-Car-Insurance-Instagram-Post-3-768x768.png 768w, http:\/\/bisigortayap.com\/wp-content\/uploads\/2025\/12\/Blue-And-White-Modern-Car-Insurance-Instagram-Post-3.png 1080w\" sizes=\"(max-width: 800px) 100vw, 800px\" \/>\t\t\t\t\t\t\t\t\t\t\t\t\t\t\t<\/div>\n\t\t\t\t<\/div>\n\t\t\t\t<\/div>\n\t\t\t\t<\/div>\n\t\t\t\t\t<\/div>\n\t\t\t\t<\/div>\n\t\t<div class=\"elementor-element elementor-element-4fe3792 e-flex e-con-boxed e-con e-parent\" data-id=\"4fe3792\" data-element_type=\"container\" data-e-type=\"container\">\n\t\t\t\t\t<div class=\"e-con-inner\">\n\t\t<div class=\"elementor-element elementor-element-b8da6e1 e-con-full e-flex e-con e-child\" data-id=\"b8da6e1\" data-element_type=\"container\" data-e-type=\"container\">\n\t\t<div class=\"elementor-element elementor-element-bce9f1f e-con-full e-flex e-con e-child\" data-id=\"bce9f1f\" data-element_type=\"container\" data-e-type=\"container\">\n\t\t<div class=\"elementor-element elementor-element-4384e48 e-con-full e-flex e-con e-child\" data-id=\"4384e48\" data-element_type=\"container\" data-e-type=\"container\">\n\t\t<div class=\"elementor-element elementor-element-7e9e2b0 e-con-full e-flex e-con e-child\" data-id=\"7e9e2b0\" data-element_type=\"container\" data-e-type=\"container\">\n\t\t\t\t<div class=\"elementor-element elementor-element-8a972b6 elementor-widget elementor-widget-heading\" data-id=\"8a972b6\" data-element_type=\"widget\" data-e-type=\"widget\" data-widget_type=\"heading.default\">\n\t\t\t\t\t<h2 class=\"elementor-heading-title elementor-size-default\">Bize Ula\u015f\u0131n<\/h2>\t\t\t\t<\/div>\n\t\t\t\t<div class=\"elementor-element elementor-element-ec2e363 elementor-widget elementor-widget-heading\" data-id=\"ec2e363\" data-element_type=\"widget\" data-e-type=\"widget\" data-widget_type=\"heading.default\">\n\t\t\t\t\t<h2 class=\"elementor-heading-title elementor-size-default\">\u0130leti\u015fim Bilgileri<\/h2>\t\t\t\t<\/div>\n\t\t\t\t<div class=\"elementor-element elementor-element-051d50c elementor-widget elementor-widget-text-editor\" data-id=\"051d50c\" data-element_type=\"widget\" data-e-type=\"widget\" data-widget_type=\"text-editor.default\">\n\t\t\t\t\t\t\t\t\t<p>Bizimle ileti\u015fime ge\u00e7mek i\u00e7in gerekli bilgileri a\u015fa\u011f\u0131da bulabilirsiniz. Size en k\u0131sa s\u00fcrede d\u00f6n\u00fc\u015f yapmaktan memnuniyet duyar\u0131z.<\/p>\t\t\t\t\t\t\t\t<\/div>\n\t\t\t\t<div class=\"elementor-element elementor-element-6936510 elementor-tablet-align-start elementor-mobile-align-start elementor-icon-list--layout-traditional elementor-list-item-link-full_width elementor-widget elementor-widget-icon-list\" data-id=\"6936510\" data-element_type=\"widget\" data-e-type=\"widget\" data-widget_type=\"icon-list.default\">\n\t\t\t\t\t\t\t<ul class=\"elementor-icon-list-items\">\n\t\t\t\t\t\t\t<li class=\"elementor-icon-list-item\">\n\t\t\t\t\t\t\t\t\t\t\t<span class=\"elementor-icon-list-icon\">\n\t\t\t\t\t\t\t<svg aria-hidden=\"true\" class=\"e-font-icon-svg e-fas-phone\" viewBox=\"0 0 512 512\" xmlns=\"http:\/\/www.w3.org\/2000\/svg\"><path d=\"M493.4 24.6l-104-24c-11.3-2.6-22.9 3.3-27.5 13.9l-48 112c-4.2 9.8-1.4 21.3 6.9 28l60.6 49.6c-36 76.7-98.9 140.5-177.2 177.2l-49.6-60.6c-6.8-8.3-18.2-11.1-28-6.9l-112 48C3.9 366.5-2 378.1.6 389.4l24 104C27.1 504.2 36.7 512 48 512c256.1 0 464-207.5 464-464 0-11.2-7.7-20.9-18.6-23.4z\"><\/path><\/svg>\t\t\t\t\t\t<\/span>\n\t\t\t\t\t\t\t\t\t\t<span class=\"elementor-icon-list-text\">+90 549 291 07 07<\/span>\n\t\t\t\t\t\t\t\t\t<\/li>\n\t\t\t\t\t\t\t\t<li class=\"elementor-icon-list-item\">\n\t\t\t\t\t\t\t\t\t\t\t<span class=\"elementor-icon-list-icon\">\n\t\t\t\t\t\t\t<svg aria-hidden=\"true\" class=\"e-font-icon-svg e-fas-envelope\" viewBox=\"0 0 512 512\" xmlns=\"http:\/\/www.w3.org\/2000\/svg\"><path d=\"M502.3 190.8c3.9-3.1 9.7-.2 9.7 4.7V400c0 26.5-21.5 48-48 48H48c-26.5 0-48-21.5-48-48V195.6c0-5 5.7-7.8 9.7-4.7 22.4 17.4 52.1 39.5 154.1 113.6 21.1 15.4 56.7 47.8 92.2 47.6 35.7.3 72-32.8 92.3-47.6 102-74.1 131.6-96.3 154-113.7zM256 320c23.2.4 56.6-29.2 73.4-41.4 132.7-96.3 142.8-104.7 173.4-128.7 5.8-4.5 9.2-11.5 9.2-18.9v-19c0-26.5-21.5-48-48-48H48C21.5 64 0 85.5 0 112v19c0 7.4 3.4 14.3 9.2 18.9 30.6 23.9 40.7 32.4 173.4 128.7 16.8 12.2 50.2 41.8 73.4 41.4z\"><\/path><\/svg>\t\t\t\t\t\t<\/span>\n\t\t\t\t\t\t\t\t\t\t<span class=\"elementor-icon-list-text\">sym@symsigorta.com<\/span>\n\t\t\t\t\t\t\t\t\t<\/li>\n\t\t\t\t\t\t\t\t<li class=\"elementor-icon-list-item\">\n\t\t\t\t\t\t\t\t\t\t\t<span class=\"elementor-icon-list-icon\">\n\t\t\t\t\t\t\t<svg aria-hidden=\"true\" class=\"e-font-icon-svg e-fas-map-marker-alt\" viewBox=\"0 0 384 512\" xmlns=\"http:\/\/www.w3.org\/2000\/svg\"><path d=\"M172.268 501.67C26.97 291.031 0 269.413 0 192 0 85.961 85.961 0 192 0s192 85.961 192 192c0 77.413-26.97 99.031-172.268 309.67-9.535 13.774-29.93 13.773-39.464 0zM192 272c44.183 0 80-35.817 80-80s-35.817-80-80-80-80 35.817-80 80 35.817 80 80 80z\"><\/path><\/svg>\t\t\t\t\t\t<\/span>\n\t\t\t\t\t\t\t\t\t\t<span class=\"elementor-icon-list-text\">Meltem Mh. 4. Cd. Belgen Sitesi 9.blok B Muratpa\u015fa Antalya<\/span>\n\t\t\t\t\t\t\t\t\t<\/li>\n\t\t\t\t\t\t<\/ul>\n\t\t\t\t\t\t<\/div>\n\t\t\t\t<div class=\"elementor-element elementor-element-42c1325 e-grid-align-mobile-left elementor-shape-rounded elementor-grid-0 elementor-widget elementor-widget-social-icons\" data-id=\"42c1325\" data-element_type=\"widget\" data-e-type=\"widget\" data-widget_type=\"social-icons.default\">\n\t\t\t\t\t\t\t<div class=\"elementor-social-icons-wrapper elementor-grid\" role=\"list\">\n\t\t\t\t\t\t\t<span class=\"elementor-grid-item\" role=\"listitem\">\n\t\t\t\t\t<a class=\"elementor-icon elementor-social-icon elementor-social-icon-facebook-f elementor-repeater-item-0267196\" href=\"https:\/\/www.facebook.com\/profile.php?id=100063577691944&#038;locale=gn_PY\" target=\"_blank\">\n\t\t\t\t\t\t<span class=\"elementor-screen-only\">Facebook-f<\/span>\n\t\t\t\t\t\t<svg aria-hidden=\"true\" class=\"e-font-icon-svg e-fab-facebook-f\" viewBox=\"0 0 320 512\" xmlns=\"http:\/\/www.w3.org\/2000\/svg\"><path d=\"M279.14 288l14.22-92.66h-88.91v-60.13c0-25.35 12.42-50.06 52.24-50.06h40.42V6.26S260.43 0 225.36 0c-73.22 0-121.08 44.38-121.08 124.72v70.62H22.89V288h81.39v224h100.17V288z\"><\/path><\/svg>\t\t\t\t\t<\/a>\n\t\t\t\t<\/span>\n\t\t\t\t\t\t\t<span class=\"elementor-grid-item\" role=\"listitem\">\n\t\t\t\t\t<a class=\"elementor-icon elementor-social-icon elementor-social-icon-whatsapp elementor-repeater-item-dc10550\" href=\"https:\/\/wa.me\/905492910707\" target=\"_blank\">\n\t\t\t\t\t\t<span class=\"elementor-screen-only\">Whatsapp<\/span>\n\t\t\t\t\t\t<svg aria-hidden=\"true\" class=\"e-font-icon-svg e-fab-whatsapp\" viewBox=\"0 0 448 512\" xmlns=\"http:\/\/www.w3.org\/2000\/svg\"><path d=\"M380.9 97.1C339 55.1 283.2 32 223.9 32c-122.4 0-222 99.6-222 222 0 39.1 10.2 77.3 29.6 111L0 480l117.7-30.9c32.4 17.7 68.9 27 106.1 27h.1c122.3 0 224.1-99.6 224.1-222 0-59.3-25.2-115-67.1-157zm-157 341.6c-33.2 0-65.7-8.9-94-25.7l-6.7-4-69.8 18.3L72 359.2l-4.4-7c-18.5-29.4-28.2-63.3-28.2-98.2 0-101.7 82.8-184.5 184.6-184.5 49.3 0 95.6 19.2 130.4 54.1 34.8 34.9 56.2 81.2 56.1 130.5 0 101.8-84.9 184.6-186.6 184.6zm101.2-138.2c-5.5-2.8-32.8-16.2-37.9-18-5.1-1.9-8.8-2.8-12.5 2.8-3.7 5.6-14.3 18-17.6 21.8-3.2 3.7-6.5 4.2-12 1.4-32.6-16.3-54-29.1-75.5-66-5.7-9.8 5.7-9.1 16.3-30.3 1.8-3.7.9-6.9-.5-9.7-1.4-2.8-12.5-30.1-17.1-41.2-4.5-10.8-9.1-9.3-12.5-9.5-3.2-.2-6.9-.2-10.6-.2-3.7 0-9.7 1.4-14.8 6.9-5.1 5.6-19.4 19-19.4 46.3 0 27.3 19.9 53.7 22.6 57.4 2.8 3.7 39.1 59.7 94.8 83.8 35.2 15.2 49 16.5 66.6 13.9 10.7-1.6 32.8-13.4 37.4-26.4 4.6-13 4.6-24.1 3.2-26.4-1.3-2.5-5-3.9-10.5-6.6z\"><\/path><\/svg>\t\t\t\t\t<\/a>\n\t\t\t\t<\/span>\n\t\t\t\t\t\t\t<span class=\"elementor-grid-item\" role=\"listitem\">\n\t\t\t\t\t<a class=\"elementor-icon elementor-social-icon elementor-social-icon-instagram elementor-repeater-item-2146622\" href=\"https:\/\/www.instagram.com\/sym_sigorta_ltd_sti\/\" target=\"_blank\">\n\t\t\t\t\t\t<span class=\"elementor-screen-only\">Instagram<\/span>\n\t\t\t\t\t\t<svg aria-hidden=\"true\" class=\"e-font-icon-svg e-fab-instagram\" viewBox=\"0 0 448 512\" xmlns=\"http:\/\/www.w3.org\/2000\/svg\"><path d=\"M224.1 141c-63.6 0-114.9 51.3-114.9 114.9s51.3 114.9 114.9 114.9S339 319.5 339 255.9 287.7 141 224.1 141zm0 189.6c-41.1 0-74.7-33.5-74.7-74.7s33.5-74.7 74.7-74.7 74.7 33.5 74.7 74.7-33.6 74.7-74.7 74.7zm146.4-194.3c0 14.9-12 26.8-26.8 26.8-14.9 0-26.8-12-26.8-26.8s12-26.8 26.8-26.8 26.8 12 26.8 26.8zm76.1 27.2c-1.7-35.9-9.9-67.7-36.2-93.9-26.2-26.2-58-34.4-93.9-36.2-37-2.1-147.9-2.1-184.9 0-35.8 1.7-67.6 9.9-93.9 36.1s-34.4 58-36.2 93.9c-2.1 37-2.1 147.9 0 184.9 1.7 35.9 9.9 67.7 36.2 93.9s58 34.4 93.9 36.2c37 2.1 147.9 2.1 184.9 0 35.9-1.7 67.7-9.9 93.9-36.2 26.2-26.2 34.4-58 36.2-93.9 2.1-37 2.1-147.8 0-184.8zM398.8 388c-7.8 19.6-22.9 34.7-42.6 42.6-29.5 11.7-99.5 9-132.1 9s-102.7 2.6-132.1-9c-19.6-7.8-34.7-22.9-42.6-42.6-11.7-29.5-9-99.5-9-132.1s-2.6-102.7 9-132.1c7.8-19.6 22.9-34.7 42.6-42.6 29.5-11.7 99.5-9 132.1-9s102.7-2.6 132.1 9c19.6 7.8 34.7 22.9 42.6 42.6 11.7 29.5 9 99.5 9 132.1s2.7 102.7-9 132.1z\"><\/path><\/svg>\t\t\t\t\t<\/a>\n\t\t\t\t<\/span>\n\t\t\t\t\t<\/div>\n\t\t\t\t\t\t<\/div>\n\t\t\t\t<\/div>\n\t\t\t\t<\/div>\n\t\t<div class=\"elementor-element elementor-element-f2b2fbb e-con-full e-flex e-con e-child\" data-id=\"f2b2fbb\" data-element_type=\"container\" data-e-type=\"container\">\n\t\t\t\t<div class=\"elementor-element elementor-element-f1a2bc8 elementor-widget elementor-widget-google_maps\" data-id=\"f1a2bc8\" data-element_type=\"widget\" data-e-type=\"widget\" data-widget_type=\"google_maps.default\">\n\t\t\t\t\t\t\t<div class=\"elementor-custom-embed\">\n\t\t\t<iframe loading=\"lazy\"\n\t\t\t\t\tsrc=\"https:\/\/maps.google.com\/maps?q=sym%20sigorta&#038;t=m&#038;z=13&#038;output=embed&#038;iwloc=near\"\n\t\t\t\t\ttitle=\"sym sigorta\"\n\t\t\t\t\taria-label=\"sym sigorta\"\n\t\t\t><\/iframe>\n\t\t<\/div>\n\t\t\t\t\t\t<\/div>\n\t\t\t\t<\/div>\n\t\t\t\t<\/div>\n\t\t\t\t<\/div>\n\t\t\t\t\t<\/div>\n\t\t\t\t<\/div>\n\t\t\t\t<\/div>\n\t\t","protected":false},"excerpt":{"rendered":"<p>Tamamlay\u0131c\u0131 Sa\u011fl\u0131k Sigortas\u0131 Nedir? Tamamlay\u0131c\u0131 Sa\u011fl\u0131k Sigortas\u0131 (TSS), SGK\u2019l\u0131 bireylerin \u00f6zel hastanelerde ek \u00fccret \u00f6demeden ya da \u00e7ok d\u00fc\u015f\u00fck farklarla sa\u011fl\u0131k hizmeti almas\u0131n\u0131 sa\u011flayan sigorta t\u00fcr\u00fcd\u00fcr. SGK\u2019n\u0131n kar\u015f\u0131lad\u0131\u011f\u0131 tutarlar\u0131n \u00fczerinde kalan fark \u00fccretleri sigorta taraf\u0131ndan kar\u015f\u0131lan\u0131r ve \u00f6zel hastane hizmetleri ekonomik hale gelir. Tamamlay\u0131c\u0131 Sa\u011fl\u0131k Sigortas\u0131 Kapsam\u0131 Tamamlay\u0131c\u0131 Sa\u011fl\u0131k Sigortas\u0131, SGK ile anla\u015fmal\u0131 \u00f6zel hastanelerde [&hellip;]<\/p>\n","protected":false},"author":1,"featured_media":0,"parent":0,"menu_order":0,"comment_status":"closed","ping_status":"closed","template":"","meta":{"footnotes":""},"class_list":["post-538","page","type-page","status-publish","hentry"],"_links":{"self":[{"href":"https:\/\/bisigortayap.com\/index.php\/wp-json\/wp\/v2\/pages\/538","targetHints":{"allow":["GET"]}}],"collection":[{"href":"https:\/\/bisigortayap.com\/index.php\/wp-json\/wp\/v2\/pages"}],"about":[{"href":"https:\/\/bisigortayap.com\/index.php\/wp-json\/wp\/v2\/types\/page"}],"author":[{"embeddable":true,"href":"https:\/\/bisigortayap.com\/index.php\/wp-json\/wp\/v2\/users\/1"}],"replies":[{"embeddable":true,"href":"https:\/\/bisigortayap.com\/index.php\/wp-json\/wp\/v2\/comments?post=538"}],"version-history":[{"count":13,"href":"https:\/\/bisigortayap.com\/index.php\/wp-json\/wp\/v2\/pages\/538\/revisions"}],"predecessor-version":[{"id":700,"href":"https:\/\/bisigortayap.com\/index.php\/wp-json\/wp\/v2\/pages\/538\/revisions\/700"}],"wp:attachment":[{"href":"https:\/\/bisigortayap.com\/index.php\/wp-json\/wp\/v2\/media?parent=538"}],"curies":[{"name":"wp","href":"https:\/\/api.w.org\/{rel}","templated":true}]}}