{"id":549,"date":"2025-12-27T07:05:39","date_gmt":"2025-12-27T07:05:39","guid":{"rendered":"https:\/\/bisigortayap.com\/?page_id=549"},"modified":"2025-12-27T13:38:32","modified_gmt":"2025-12-27T13:38:32","slug":"seyahat-saglik-sigortasi","status":"publish","type":"page","link":"https:\/\/bisigortayap.com\/index.php\/seyahat-saglik-sigortasi\/","title":{"rendered":"Seyahat Sa\u011fl\u0131k Sigortas\u0131"},"content":{"rendered":"\t\t<div data-elementor-type=\"wp-page\" data-elementor-id=\"549\" class=\"elementor elementor-549\" data-elementor-post-type=\"page\">\n\t\t\t\t<div class=\"elementor-element elementor-element-4a7094e e-flex e-con-boxed e-con e-parent\" data-id=\"4a7094e\" data-element_type=\"container\" data-e-type=\"container\">\n\t\t\t\t\t<div class=\"e-con-inner\">\n\t\t<div class=\"elementor-element elementor-element-12ffae9 e-con-full e-flex e-con e-child\" data-id=\"12ffae9\" data-element_type=\"container\" data-e-type=\"container\">\n\t\t<div class=\"elementor-element elementor-element-a06713e e-con-full e-flex e-con e-child\" data-id=\"a06713e\" data-element_type=\"container\" data-e-type=\"container\">\n\t\t<div class=\"elementor-element elementor-element-6f6d37b e-con-full e-flex e-con e-child\" data-id=\"6f6d37b\" data-element_type=\"container\" data-e-type=\"container\">\n\t\t\t\t<div class=\"elementor-element elementor-element-c19a381 elementor-widget elementor-widget-text-editor\" data-id=\"c19a381\" data-element_type=\"widget\" data-e-type=\"widget\" data-widget_type=\"text-editor.default\">\n\t\t\t\t\t\t\t\t\t<h1 data-start=\"214\" data-end=\"249\">Seyahat Sa\u011fl\u0131k Sigortas\u0131 Nedir?<\/h1><h2 data-start=\"250\" data-end=\"299\">SYM Sigorta ile G\u00fcvenli ve Huzurlu Yolculuklar<\/h2><p data-start=\"301\" data-end=\"686\">Yurt i\u00e7i veya yurt d\u0131\u015f\u0131 seyahatlerinizde kar\u015f\u0131la\u015fabilece\u011finiz sa\u011fl\u0131k sorunlar\u0131, tatilinizi veya i\u015f seyahatinizi olumsuz etkileyebilir. <strong data-start=\"436\" data-end=\"464\">Seyahat Sa\u011fl\u0131k Sigortas\u0131<\/strong>, seyahatiniz s\u0131ras\u0131nda olu\u015fabilecek beklenmedik sa\u011fl\u0131k harcamalar\u0131na kar\u015f\u0131 sizi g\u00fcvence alt\u0131na al\u0131r. <strong data-start=\"566\" data-end=\"581\">SYM Sigorta<\/strong> olarak, seyahat planlar\u0131n\u0131za ve ihtiya\u00e7lar\u0131n\u0131za en uygun seyahat sa\u011fl\u0131k sigortas\u0131 \u00e7\u00f6z\u00fcmlerini sunuyoruz.<\/p><hr data-start=\"688\" data-end=\"691\" \/><h2 data-start=\"693\" data-end=\"727\">Seyahat Sa\u011fl\u0131k Sigortas\u0131 Nedir?<\/h2><p data-start=\"728\" data-end=\"1029\"><strong data-start=\"728\" data-end=\"756\">Seyahat Sa\u011fl\u0131k Sigortas\u0131<\/strong>, seyahat s\u00fcresi boyunca ya\u015fanabilecek ani hastal\u0131k, kaza veya acil sa\u011fl\u0131k durumlar\u0131nda ortaya \u00e7\u0131kan tedavi masraflar\u0131n\u0131 teminat alt\u0131na alan sigorta t\u00fcr\u00fcd\u00fcr. \u00d6zellikle yurt d\u0131\u015f\u0131 seyahatlerde, vize ba\u015fvurular\u0131nda zorunlu tutulan bu sigorta, seyahatinizi g\u00fcvence alt\u0131na al\u0131r.<\/p><hr data-start=\"1031\" data-end=\"1034\" \/><h2 data-start=\"1036\" data-end=\"1078\">Seyahat Sa\u011fl\u0131k Sigortas\u0131 Neleri Kapsar?<\/h2><p data-start=\"1079\" data-end=\"1201\">Poli\u00e7e kapsam\u0131na g\u00f6re de\u011fi\u015fiklik g\u00f6stermekle birlikte, seyahat sa\u011fl\u0131k sigortas\u0131 genel olarak a\u015fa\u011f\u0131daki teminatlar\u0131 i\u00e7erir:<\/p><h3 data-start=\"1203\" data-end=\"1238\">\ud83d\udd39 Sa\u011fl\u0131k ve Tedavi Teminatlar\u0131<\/h3><ul data-start=\"1239\" data-end=\"1395\"><li data-start=\"1239\" data-end=\"1287\"><p data-start=\"1241\" data-end=\"1287\">Ani hastal\u0131k ve kaza sonucu tedavi giderleri<\/p><\/li><li data-start=\"1288\" data-end=\"1335\"><p data-start=\"1290\" data-end=\"1335\">Acil doktor muayenesi ve hastane masraflar\u0131<\/p><\/li><li data-start=\"1336\" data-end=\"1354\"><p data-start=\"1338\" data-end=\"1354\">\u0130la\u00e7 giderleri<\/p><\/li><li data-start=\"1355\" data-end=\"1395\"><p data-start=\"1357\" data-end=\"1395\">Ambulans ve acil m\u00fcdahale hizmetleri<\/p><\/li><\/ul><h3 data-start=\"1397\" data-end=\"1427\">\ud83d\udd39 Ek G\u00fcvence ve Hizmetler<\/h3><ul data-start=\"1428\" data-end=\"1608\"><li data-start=\"1428\" data-end=\"1460\"><p data-start=\"1430\" data-end=\"1460\">T\u0131bbi dan\u0131\u015fmanl\u0131k hizmetleri<\/p><\/li><li data-start=\"1461\" data-end=\"1524\"><p data-start=\"1463\" data-end=\"1524\">Acil durumlarda sigortal\u0131n\u0131n \u00fclkesine geri d\u00f6n\u00fc\u015f masraflar\u0131<\/p><\/li><li data-start=\"1525\" data-end=\"1560\"><p data-start=\"1527\" data-end=\"1560\">Vefat durumunda cenazenin nakli<\/p><\/li><li data-start=\"1561\" data-end=\"1608\"><p data-start=\"1563\" data-end=\"1608\">Refakat\u00e7i giderleri (poli\u00e7e \u015fartlar\u0131na ba\u011fl\u0131)<\/p><\/li><\/ul><hr data-start=\"1610\" data-end=\"1613\" \/><h2 data-start=\"1615\" data-end=\"1660\">Seyahat Sa\u011fl\u0131k Sigortas\u0131 Neden Gereklidir?<\/h2><ul data-start=\"1661\" data-end=\"1916\"><li data-start=\"1661\" data-end=\"1724\"><p data-start=\"1663\" data-end=\"1724\">Yurt d\u0131\u015f\u0131nda y\u00fcksek sa\u011fl\u0131k masraflar\u0131na kar\u015f\u0131 koruma sa\u011flar<\/p><\/li><li data-start=\"1725\" data-end=\"1796\"><p data-start=\"1727\" data-end=\"1796\">Vize ba\u015fvurular\u0131nda (Schengen vb.) zorunlu sigorta \u015fart\u0131n\u0131 kar\u015f\u0131lar<\/p><\/li><li data-start=\"1797\" data-end=\"1859\"><p data-start=\"1799\" data-end=\"1859\">Seyahat s\u0131ras\u0131nda beklenmedik risklere kar\u015f\u0131 g\u00fcvence sunar<\/p><\/li><li data-start=\"1860\" data-end=\"1916\"><p data-start=\"1862\" data-end=\"1916\">Seyahatinizin huzur ve g\u00fcven i\u00e7inde ge\u00e7mesini sa\u011flar<\/p><\/li><\/ul><hr data-start=\"1918\" data-end=\"1921\" \/><h2 data-start=\"1923\" data-end=\"1980\">SYM Sigorta ile Seyahat Sa\u011fl\u0131k Sigortas\u0131 Ayr\u0131cal\u0131klar\u0131<\/h2><p data-start=\"1981\" data-end=\"2103\"><strong data-start=\"1981\" data-end=\"1996\">SYM Sigorta<\/strong>, seyahat sigortas\u0131 s\u00fcrecinde yaln\u0131zca poli\u00e7e d\u00fczenlemekle kalmaz; t\u00fcm yolculu\u011funuz boyunca yan\u0131n\u0131zda olur.<\/p><p data-start=\"2105\" data-end=\"2124\">SYM Sigorta olarak:<\/p><ul data-start=\"2125\" data-end=\"2333\"><li data-start=\"2125\" data-end=\"2172\"><p data-start=\"2127\" data-end=\"2172\">Seyahat s\u00fcrenize uygun poli\u00e7eler haz\u0131rlar\u0131z<\/p><\/li><li data-start=\"2173\" data-end=\"2218\"><p data-start=\"2175\" data-end=\"2218\">Vize \u015fartlar\u0131na uygun teminatlar\u0131 sunar\u0131z<\/p><\/li><li data-start=\"2219\" data-end=\"2271\"><p data-start=\"2221\" data-end=\"2271\">H\u0131zl\u0131 poli\u00e7e d\u00fczenleme ve destek hizmeti veririz<\/p><\/li><li data-start=\"2272\" data-end=\"2333\"><p data-start=\"2274\" data-end=\"2333\">Olas\u0131 hasar s\u00fcre\u00e7lerinde profesyonel dan\u0131\u015fmanl\u0131k sa\u011flar\u0131z<\/p><\/li><\/ul><hr data-start=\"2335\" data-end=\"2338\" \/><h2 data-start=\"2340\" data-end=\"2377\">Seyahat Sa\u011fl\u0131k Sigortas\u0131 Fiyatlar\u0131<\/h2><p data-start=\"2378\" data-end=\"2618\">Seyahat sa\u011fl\u0131k sigortas\u0131 fiyatlar\u0131; seyahat edilecek \u00fclke, seyahat s\u00fcresi, sigortal\u0131n\u0131n ya\u015f\u0131 ve poli\u00e7e kapsam\u0131na g\u00f6re de\u011fi\u015fiklik g\u00f6sterir. <strong data-start=\"2517\" data-end=\"2532\">SYM Sigorta<\/strong> arac\u0131l\u0131\u011f\u0131yla alaca\u011f\u0131n\u0131z teklifler, seyahat planlar\u0131n\u0131za en uygun \u015fekilde olu\u015fturulur.<\/p><hr data-start=\"2620\" data-end=\"2623\" \/><h2 data-start=\"2625\" data-end=\"2661\">G\u00fcvenli Seyahat, Huzurlu Yolculuk<\/h2><p data-start=\"2662\" data-end=\"2850\">Seyahatinizi riske atmadan, sa\u011fl\u0131\u011f\u0131n\u0131z\u0131 g\u00fcvence alt\u0131na almak i\u00e7in <strong data-start=\"2728\" data-end=\"2756\">Seyahat Sa\u011fl\u0131k Sigortas\u0131<\/strong> yapt\u0131rmay\u0131 ihmal etmeyin. <strong data-start=\"2783\" data-end=\"2798\">SYM Sigorta<\/strong> ile d\u00fcnyan\u0131n neresinde olursan\u0131z olun g\u00fcvendesiniz.<\/p><p data-start=\"2852\" data-end=\"2936\">\ud83d\udc49 <strong data-start=\"2855\" data-end=\"2936\">\u00dccretsiz seyahat sa\u011fl\u0131k sigortas\u0131 teklifi almak i\u00e7in bizimle ileti\u015fime ge\u00e7in.<\/strong><\/p>\t\t\t\t\t\t\t\t<\/div>\n\t\t\t\t<\/div>\n\t\t<div class=\"elementor-element elementor-element-c7c10cd e-con-full e-flex e-con e-child\" data-id=\"c7c10cd\" data-element_type=\"container\" data-e-type=\"container\">\n\t\t<div class=\"elementor-element elementor-element-b358cd6 e-con-full e-flex e-con e-child\" data-id=\"b358cd6\" data-element_type=\"container\" data-e-type=\"container\">\n\t\t<div class=\"elementor-element elementor-element-052f3ae e-con-full e-flex e-con e-child\" data-id=\"052f3ae\" data-element_type=\"container\" data-e-type=\"container\">\n\t\t<div class=\"elementor-element elementor-element-fe401c9 e-con-full e-flex e-con e-child\" data-id=\"fe401c9\" data-element_type=\"container\" data-e-type=\"container\">\n\t\t\t\t<div class=\"elementor-element elementor-element-244fd7b elementor-widget elementor-widget-heading\" data-id=\"244fd7b\" data-element_type=\"widget\" data-e-type=\"widget\" data-widget_type=\"heading.default\">\n\t\t\t\t\t<h2 class=\"elementor-heading-title elementor-size-default\">\u00d6zel Sa\u011fl\u0131k Sigortas\u0131 Teklif Formu(\u00d6SS)<\/h2>\t\t\t\t<\/div>\n\t\t\t\t<\/div>\n\t\t\t\t<div class=\"elementor-element elementor-element-9f3c288 elementor-button-align-stretch elementor-widget elementor-widget-form\" data-id=\"9f3c288\" data-element_type=\"widget\" data-e-type=\"widget\" data-settings=\"{&quot;step_next_label&quot;:&quot;Next&quot;,&quot;step_previous_label&quot;:&quot;Previous&quot;,&quot;button_width&quot;:&quot;100&quot;,&quot;step_type&quot;:&quot;number_text&quot;,&quot;step_icon_shape&quot;:&quot;circle&quot;}\" data-widget_type=\"form.default\">\n\t\t\t\t\t\t\t<form class=\"elementor-form\" method=\"post\" name=\"Saglik\" aria-label=\"Saglik\">\n\t\t\t<input type=\"hidden\" name=\"post_id\" value=\"549\"\/>\n\t\t\t<input type=\"hidden\" name=\"form_id\" value=\"9f3c288\"\/>\n\t\t\t<input type=\"hidden\" name=\"referer_title\" value=\"\" \/>\n\n\t\t\t\n\t\t\t<div class=\"elementor-form-fields-wrapper elementor-labels-above\">\n\t\t\t\t\t\t\t\t<div class=\"elementor-field-type-number elementor-field-group elementor-column elementor-field-group-field_0b03625 elementor-col-100 elementor-field-required elementor-mark-required\">\n\t\t\t\t\t\t\t\t\t\t\t\t<label for=\"form-field-field_0b03625\" class=\"elementor-field-label\">\n\t\t\t\t\t\t\t\tTC. Kimlik No\t\t\t\t\t\t\t<\/label>\n\t\t\t\t\t\t\t\t\t<input type=\"number\" name=\"form_fields[field_0b03625]\" id=\"form-field-field_0b03625\" class=\"elementor-field elementor-size-xs  elementor-field-textual\" placeholder=\"TC Kimlik veya Vergi Numaras\u0131\" required=\"required\" min=\"\" max=\"\" >\n\t\t\t\t\t\t<\/div>\n\t\t\t\t\t\t\t\t<div class=\"elementor-field-type-tel elementor-field-group elementor-column elementor-field-group-email elementor-col-100 elementor-field-required elementor-mark-required\">\n\t\t\t\t\t\t\t\t\t\t\t\t<label for=\"form-field-email\" class=\"elementor-field-label\">\n\t\t\t\t\t\t\t\tTelefon Numaras\u0131\t\t\t\t\t\t\t<\/label>\n\t\t\t\t\t\t\t\t<input size=\"1\" type=\"tel\" name=\"form_fields[email]\" id=\"form-field-email\" class=\"elementor-field elementor-size-xs  elementor-field-textual\" placeholder=\"Telefon Numaras\u0131\" required=\"required\" pattern=\"[0-9()#&amp;+*-=.]+\" title=\"Only numbers and phone characters (#, -, *, etc) are accepted.\">\n\n\t\t\t\t\t\t<\/div>\n\t\t\t\t\t\t\t\t<div class=\"elementor-field-type-date elementor-field-group elementor-column elementor-field-group-field_50d4c1f elementor-col-100 elementor-field-required elementor-mark-required\">\n\t\t\t\t\t\t\t\t\t\t\t\t<label for=\"form-field-field_50d4c1f\" class=\"elementor-field-label\">\n\t\t\t\t\t\t\t\tDo\u011fum Tarihi\t\t\t\t\t\t\t<\/label>\n\t\t\t\t\t\t\n\t\t<input type=\"date\" name=\"form_fields[field_50d4c1f]\" id=\"form-field-field_50d4c1f\" class=\"elementor-field elementor-size-xs  elementor-field-textual elementor-date-field\" placeholder=\"01.01.2000\" required=\"required\" pattern=\"[0-9]{4}-[0-9]{2}-[0-9]{2}\" min=\"2005-08-08\">\n\t\t\t\t\t\t<\/div>\n\t\t\t\t\t\t\t\t<div class=\"elementor-field-type-checkbox elementor-field-group elementor-column elementor-field-group-field_b1bf96e elementor-col-100\">\n\t\t\t\t\t\t\t\t\t\t\t\t<label for=\"form-field-field_b1bf96e\" class=\"elementor-field-label\">\n\t\t\t\t\t\t\t\tKVKK Onay\u0131.\t\t\t\t\t\t\t<\/label>\n\t\t\t\t\t\t<div class=\"elementor-field-subgroup  \"><span class=\"elementor-field-option\"><input type=\"checkbox\" value=\"\" id=\"form-field-field_b1bf96e-0\" name=\"form_fields[field_b1bf96e]\"> <label for=\"form-field-field_b1bf96e-0\"><\/label><\/span><\/div>\t\t\t\t<\/div>\n\t\t\t\t\t\t\t\t<div class=\"elementor-field-group elementor-column elementor-field-type-submit elementor-col-100 e-form__buttons\">\n\t\t\t\t\t<button class=\"elementor-button elementor-size-sm\" type=\"submit\">\n\t\t\t\t\t\t<span class=\"elementor-button-content-wrapper\">\n\t\t\t\t\t\t\t\t\t\t\t\t\t\t\t\t\t\t\t\t\t\t<span class=\"elementor-button-text\">G\u00f6nder<\/span>\n\t\t\t\t\t\t\t\t\t\t\t\t\t<\/span>\n\t\t\t\t\t<\/button>\n\t\t\t\t<\/div>\n\t\t\t<\/div>\n\t\t<\/form>\n\t\t\t\t\t\t<\/div>\n\t\t\t\t<\/div>\n\t\t\t\t<div class=\"elementor-element elementor-element-29c7688 elementor-align-justify elementor-widget elementor-widget-button\" data-id=\"29c7688\" data-element_type=\"widget\" data-e-type=\"widget\" data-widget_type=\"button.default\">\n\t\t\t\t\t\t\t\t\t\t<a class=\"elementor-button elementor-button-link elementor-size-sm\" href=\"https:\/\/bisigortayap.com\/index.php\/gizlilik-politikasi\/\">\n\t\t\t\t\t\t<span class=\"elementor-button-content-wrapper\">\n\t\t\t\t\t\t\t\t\t<span class=\"elementor-button-text\">KVKK ve Gizlilik Politikam\u0131z\u0131 Okumak i\u00e7in L\u00fctfen T\u0131klay\u0131n\u0131z.<\/span>\n\t\t\t\t\t<\/span>\n\t\t\t\t\t<\/a>\n\t\t\t\t\t\t\t\t<\/div>\n\t\t\t\t<\/div>\n\t\t<div class=\"elementor-element elementor-element-56394fd e-con-full e-flex e-con e-child\" data-id=\"56394fd\" data-element_type=\"container\" data-e-type=\"container\">\n\t\t\t\t<div class=\"elementor-element elementor-element-c5ee381 elementor-widget elementor-widget-image\" data-id=\"c5ee381\" data-element_type=\"widget\" data-e-type=\"widget\" data-widget_type=\"image.default\">\n\t\t\t\t\t\t\t\t\t\t\t\t\t\t\t<img fetchpriority=\"high\" decoding=\"async\" width=\"800\" height=\"800\" src=\"https:\/\/bisigortayap.com\/wp-content\/uploads\/2025\/12\/Blue-And-White-Modern-Car-Insurance-Instagram-Post-3-1024x1024.png\" class=\"attachment-large size-large wp-image-201\" alt=\"\" srcset=\"https:\/\/bisigortayap.com\/wp-content\/uploads\/2025\/12\/Blue-And-White-Modern-Car-Insurance-Instagram-Post-3-1024x1024.png 1024w, https:\/\/bisigortayap.com\/wp-content\/uploads\/2025\/12\/Blue-And-White-Modern-Car-Insurance-Instagram-Post-3-300x300.png 300w, https:\/\/bisigortayap.com\/wp-content\/uploads\/2025\/12\/Blue-And-White-Modern-Car-Insurance-Instagram-Post-3-150x150.png 150w, https:\/\/bisigortayap.com\/wp-content\/uploads\/2025\/12\/Blue-And-White-Modern-Car-Insurance-Instagram-Post-3-768x768.png 768w, https:\/\/bisigortayap.com\/wp-content\/uploads\/2025\/12\/Blue-And-White-Modern-Car-Insurance-Instagram-Post-3.png 1080w\" sizes=\"(max-width: 800px) 100vw, 800px\" \/>\t\t\t\t\t\t\t\t\t\t\t\t\t\t\t<\/div>\n\t\t\t\t<\/div>\n\t\t\t\t<\/div>\n\t\t\t\t<\/div>\n\t\t\t\t<\/div>\n\t\t\t\t\t<\/div>\n\t\t\t\t<\/div>\n\t\t<div class=\"elementor-element elementor-element-e66261c e-flex e-con-boxed e-con e-parent\" data-id=\"e66261c\" data-element_type=\"container\" data-e-type=\"container\">\n\t\t\t\t\t<div class=\"e-con-inner\">\n\t\t<div class=\"elementor-element elementor-element-f9487e4 e-con-full e-flex e-con e-child\" data-id=\"f9487e4\" data-element_type=\"container\" data-e-type=\"container\">\n\t\t<div class=\"elementor-element elementor-element-5a72851 e-con-full e-flex e-con e-child\" data-id=\"5a72851\" data-element_type=\"container\" data-e-type=\"container\">\n\t\t<div class=\"elementor-element elementor-element-ade2fc1 e-con-full e-flex e-con e-child\" data-id=\"ade2fc1\" data-element_type=\"container\" data-e-type=\"container\">\n\t\t<div class=\"elementor-element elementor-element-d1331c4 e-con-full e-flex e-con e-child\" data-id=\"d1331c4\" data-element_type=\"container\" data-e-type=\"container\">\n\t\t\t\t<div class=\"elementor-element elementor-element-066fb6f elementor-widget elementor-widget-heading\" data-id=\"066fb6f\" data-element_type=\"widget\" data-e-type=\"widget\" data-widget_type=\"heading.default\">\n\t\t\t\t\t<h2 class=\"elementor-heading-title elementor-size-default\">Bize Ula\u015f\u0131n<\/h2>\t\t\t\t<\/div>\n\t\t\t\t<div class=\"elementor-element elementor-element-e24f046 elementor-widget elementor-widget-heading\" data-id=\"e24f046\" data-element_type=\"widget\" data-e-type=\"widget\" data-widget_type=\"heading.default\">\n\t\t\t\t\t<h2 class=\"elementor-heading-title elementor-size-default\">\u0130leti\u015fim Bilgileri<\/h2>\t\t\t\t<\/div>\n\t\t\t\t<div class=\"elementor-element elementor-element-ce29205 elementor-widget elementor-widget-text-editor\" data-id=\"ce29205\" data-element_type=\"widget\" data-e-type=\"widget\" data-widget_type=\"text-editor.default\">\n\t\t\t\t\t\t\t\t\t<p>Bizimle ileti\u015fime ge\u00e7mek i\u00e7in gerekli bilgileri a\u015fa\u011f\u0131da bulabilirsiniz. Size en k\u0131sa s\u00fcrede d\u00f6n\u00fc\u015f yapmaktan memnuniyet duyar\u0131z.<\/p>\t\t\t\t\t\t\t\t<\/div>\n\t\t\t\t<div class=\"elementor-element elementor-element-2db9bc0 elementor-tablet-align-start elementor-mobile-align-start elementor-icon-list--layout-traditional elementor-list-item-link-full_width elementor-widget elementor-widget-icon-list\" data-id=\"2db9bc0\" data-element_type=\"widget\" data-e-type=\"widget\" data-widget_type=\"icon-list.default\">\n\t\t\t\t\t\t\t<ul class=\"elementor-icon-list-items\">\n\t\t\t\t\t\t\t<li class=\"elementor-icon-list-item\">\n\t\t\t\t\t\t\t\t\t\t\t<span class=\"elementor-icon-list-icon\">\n\t\t\t\t\t\t\t<svg aria-hidden=\"true\" class=\"e-font-icon-svg e-fas-phone\" viewBox=\"0 0 512 512\" xmlns=\"http:\/\/www.w3.org\/2000\/svg\"><path d=\"M493.4 24.6l-104-24c-11.3-2.6-22.9 3.3-27.5 13.9l-48 112c-4.2 9.8-1.4 21.3 6.9 28l60.6 49.6c-36 76.7-98.9 140.5-177.2 177.2l-49.6-60.6c-6.8-8.3-18.2-11.1-28-6.9l-112 48C3.9 366.5-2 378.1.6 389.4l24 104C27.1 504.2 36.7 512 48 512c256.1 0 464-207.5 464-464 0-11.2-7.7-20.9-18.6-23.4z\"><\/path><\/svg>\t\t\t\t\t\t<\/span>\n\t\t\t\t\t\t\t\t\t\t<span class=\"elementor-icon-list-text\">+90 549 291 07 07<\/span>\n\t\t\t\t\t\t\t\t\t<\/li>\n\t\t\t\t\t\t\t\t<li class=\"elementor-icon-list-item\">\n\t\t\t\t\t\t\t\t\t\t\t<span class=\"elementor-icon-list-icon\">\n\t\t\t\t\t\t\t<svg aria-hidden=\"true\" class=\"e-font-icon-svg e-fas-envelope\" viewBox=\"0 0 512 512\" xmlns=\"http:\/\/www.w3.org\/2000\/svg\"><path d=\"M502.3 190.8c3.9-3.1 9.7-.2 9.7 4.7V400c0 26.5-21.5 48-48 48H48c-26.5 0-48-21.5-48-48V195.6c0-5 5.7-7.8 9.7-4.7 22.4 17.4 52.1 39.5 154.1 113.6 21.1 15.4 56.7 47.8 92.2 47.6 35.7.3 72-32.8 92.3-47.6 102-74.1 131.6-96.3 154-113.7zM256 320c23.2.4 56.6-29.2 73.4-41.4 132.7-96.3 142.8-104.7 173.4-128.7 5.8-4.5 9.2-11.5 9.2-18.9v-19c0-26.5-21.5-48-48-48H48C21.5 64 0 85.5 0 112v19c0 7.4 3.4 14.3 9.2 18.9 30.6 23.9 40.7 32.4 173.4 128.7 16.8 12.2 50.2 41.8 73.4 41.4z\"><\/path><\/svg>\t\t\t\t\t\t<\/span>\n\t\t\t\t\t\t\t\t\t\t<span class=\"elementor-icon-list-text\">sym@symsigorta.com<\/span>\n\t\t\t\t\t\t\t\t\t<\/li>\n\t\t\t\t\t\t\t\t<li class=\"elementor-icon-list-item\">\n\t\t\t\t\t\t\t\t\t\t\t<span class=\"elementor-icon-list-icon\">\n\t\t\t\t\t\t\t<svg aria-hidden=\"true\" class=\"e-font-icon-svg e-fas-map-marker-alt\" viewBox=\"0 0 384 512\" xmlns=\"http:\/\/www.w3.org\/2000\/svg\"><path d=\"M172.268 501.67C26.97 291.031 0 269.413 0 192 0 85.961 85.961 0 192 0s192 85.961 192 192c0 77.413-26.97 99.031-172.268 309.67-9.535 13.774-29.93 13.773-39.464 0zM192 272c44.183 0 80-35.817 80-80s-35.817-80-80-80-80 35.817-80 80 35.817 80 80 80z\"><\/path><\/svg>\t\t\t\t\t\t<\/span>\n\t\t\t\t\t\t\t\t\t\t<span class=\"elementor-icon-list-text\">Meltem Mh. 4. Cd. Belgen Sitesi 9.blok B Muratpa\u015fa Antalya<\/span>\n\t\t\t\t\t\t\t\t\t<\/li>\n\t\t\t\t\t\t<\/ul>\n\t\t\t\t\t\t<\/div>\n\t\t\t\t<div class=\"elementor-element elementor-element-102f91e e-grid-align-mobile-left elementor-shape-rounded elementor-grid-0 elementor-widget elementor-widget-social-icons\" data-id=\"102f91e\" data-element_type=\"widget\" data-e-type=\"widget\" data-widget_type=\"social-icons.default\">\n\t\t\t\t\t\t\t<div class=\"elementor-social-icons-wrapper elementor-grid\" role=\"list\">\n\t\t\t\t\t\t\t<span class=\"elementor-grid-item\" role=\"listitem\">\n\t\t\t\t\t<a class=\"elementor-icon elementor-social-icon elementor-social-icon-facebook-f elementor-repeater-item-0267196\" href=\"https:\/\/www.facebook.com\/profile.php?id=100063577691944&#038;locale=gn_PY\" target=\"_blank\">\n\t\t\t\t\t\t<span class=\"elementor-screen-only\">Facebook-f<\/span>\n\t\t\t\t\t\t<svg aria-hidden=\"true\" class=\"e-font-icon-svg e-fab-facebook-f\" viewBox=\"0 0 320 512\" xmlns=\"http:\/\/www.w3.org\/2000\/svg\"><path d=\"M279.14 288l14.22-92.66h-88.91v-60.13c0-25.35 12.42-50.06 52.24-50.06h40.42V6.26S260.43 0 225.36 0c-73.22 0-121.08 44.38-121.08 124.72v70.62H22.89V288h81.39v224h100.17V288z\"><\/path><\/svg>\t\t\t\t\t<\/a>\n\t\t\t\t<\/span>\n\t\t\t\t\t\t\t<span class=\"elementor-grid-item\" role=\"listitem\">\n\t\t\t\t\t<a class=\"elementor-icon elementor-social-icon elementor-social-icon-whatsapp elementor-repeater-item-dc10550\" href=\"https:\/\/wa.me\/905492910707\" target=\"_blank\">\n\t\t\t\t\t\t<span class=\"elementor-screen-only\">Whatsapp<\/span>\n\t\t\t\t\t\t<svg aria-hidden=\"true\" class=\"e-font-icon-svg e-fab-whatsapp\" viewBox=\"0 0 448 512\" xmlns=\"http:\/\/www.w3.org\/2000\/svg\"><path d=\"M380.9 97.1C339 55.1 283.2 32 223.9 32c-122.4 0-222 99.6-222 222 0 39.1 10.2 77.3 29.6 111L0 480l117.7-30.9c32.4 17.7 68.9 27 106.1 27h.1c122.3 0 224.1-99.6 224.1-222 0-59.3-25.2-115-67.1-157zm-157 341.6c-33.2 0-65.7-8.9-94-25.7l-6.7-4-69.8 18.3L72 359.2l-4.4-7c-18.5-29.4-28.2-63.3-28.2-98.2 0-101.7 82.8-184.5 184.6-184.5 49.3 0 95.6 19.2 130.4 54.1 34.8 34.9 56.2 81.2 56.1 130.5 0 101.8-84.9 184.6-186.6 184.6zm101.2-138.2c-5.5-2.8-32.8-16.2-37.9-18-5.1-1.9-8.8-2.8-12.5 2.8-3.7 5.6-14.3 18-17.6 21.8-3.2 3.7-6.5 4.2-12 1.4-32.6-16.3-54-29.1-75.5-66-5.7-9.8 5.7-9.1 16.3-30.3 1.8-3.7.9-6.9-.5-9.7-1.4-2.8-12.5-30.1-17.1-41.2-4.5-10.8-9.1-9.3-12.5-9.5-3.2-.2-6.9-.2-10.6-.2-3.7 0-9.7 1.4-14.8 6.9-5.1 5.6-19.4 19-19.4 46.3 0 27.3 19.9 53.7 22.6 57.4 2.8 3.7 39.1 59.7 94.8 83.8 35.2 15.2 49 16.5 66.6 13.9 10.7-1.6 32.8-13.4 37.4-26.4 4.6-13 4.6-24.1 3.2-26.4-1.3-2.5-5-3.9-10.5-6.6z\"><\/path><\/svg>\t\t\t\t\t<\/a>\n\t\t\t\t<\/span>\n\t\t\t\t\t\t\t<span class=\"elementor-grid-item\" role=\"listitem\">\n\t\t\t\t\t<a class=\"elementor-icon elementor-social-icon elementor-social-icon-instagram elementor-repeater-item-2146622\" href=\"https:\/\/www.instagram.com\/sym_sigorta_ltd_sti\/\" target=\"_blank\">\n\t\t\t\t\t\t<span class=\"elementor-screen-only\">Instagram<\/span>\n\t\t\t\t\t\t<svg aria-hidden=\"true\" class=\"e-font-icon-svg e-fab-instagram\" viewBox=\"0 0 448 512\" xmlns=\"http:\/\/www.w3.org\/2000\/svg\"><path d=\"M224.1 141c-63.6 0-114.9 51.3-114.9 114.9s51.3 114.9 114.9 114.9S339 319.5 339 255.9 287.7 141 224.1 141zm0 189.6c-41.1 0-74.7-33.5-74.7-74.7s33.5-74.7 74.7-74.7 74.7 33.5 74.7 74.7-33.6 74.7-74.7 74.7zm146.4-194.3c0 14.9-12 26.8-26.8 26.8-14.9 0-26.8-12-26.8-26.8s12-26.8 26.8-26.8 26.8 12 26.8 26.8zm76.1 27.2c-1.7-35.9-9.9-67.7-36.2-93.9-26.2-26.2-58-34.4-93.9-36.2-37-2.1-147.9-2.1-184.9 0-35.8 1.7-67.6 9.9-93.9 36.1s-34.4 58-36.2 93.9c-2.1 37-2.1 147.9 0 184.9 1.7 35.9 9.9 67.7 36.2 93.9s58 34.4 93.9 36.2c37 2.1 147.9 2.1 184.9 0 35.9-1.7 67.7-9.9 93.9-36.2 26.2-26.2 34.4-58 36.2-93.9 2.1-37 2.1-147.8 0-184.8zM398.8 388c-7.8 19.6-22.9 34.7-42.6 42.6-29.5 11.7-99.5 9-132.1 9s-102.7 2.6-132.1-9c-19.6-7.8-34.7-22.9-42.6-42.6-11.7-29.5-9-99.5-9-132.1s-2.6-102.7 9-132.1c7.8-19.6 22.9-34.7 42.6-42.6 29.5-11.7 99.5-9 132.1-9s102.7-2.6 132.1 9c19.6 7.8 34.7 22.9 42.6 42.6 11.7 29.5 9 99.5 9 132.1s2.7 102.7-9 132.1z\"><\/path><\/svg>\t\t\t\t\t<\/a>\n\t\t\t\t<\/span>\n\t\t\t\t\t<\/div>\n\t\t\t\t\t\t<\/div>\n\t\t\t\t<\/div>\n\t\t\t\t<\/div>\n\t\t<div class=\"elementor-element elementor-element-eb13f9a e-con-full e-flex e-con e-child\" data-id=\"eb13f9a\" data-element_type=\"container\" data-e-type=\"container\">\n\t\t\t\t<div class=\"elementor-element elementor-element-3b54e78 elementor-widget elementor-widget-google_maps\" data-id=\"3b54e78\" data-element_type=\"widget\" data-e-type=\"widget\" data-widget_type=\"google_maps.default\">\n\t\t\t\t\t\t\t<div class=\"elementor-custom-embed\">\n\t\t\t<iframe loading=\"lazy\"\n\t\t\t\t\tsrc=\"https:\/\/maps.google.com\/maps?q=sym%20sigorta&#038;t=m&#038;z=13&#038;output=embed&#038;iwloc=near\"\n\t\t\t\t\ttitle=\"sym sigorta\"\n\t\t\t\t\taria-label=\"sym sigorta\"\n\t\t\t><\/iframe>\n\t\t<\/div>\n\t\t\t\t\t\t<\/div>\n\t\t\t\t<\/div>\n\t\t\t\t<\/div>\n\t\t\t\t<\/div>\n\t\t\t\t\t<\/div>\n\t\t\t\t<\/div>\n\t\t\t\t<\/div>\n\t\t","protected":false},"excerpt":{"rendered":"<p>Seyahat Sa\u011fl\u0131k Sigortas\u0131 Nedir? SYM Sigorta ile G\u00fcvenli ve Huzurlu Yolculuklar Yurt i\u00e7i veya yurt d\u0131\u015f\u0131 seyahatlerinizde kar\u015f\u0131la\u015fabilece\u011finiz sa\u011fl\u0131k sorunlar\u0131, tatilinizi veya i\u015f seyahatinizi olumsuz etkileyebilir. Seyahat Sa\u011fl\u0131k Sigortas\u0131, seyahatiniz s\u0131ras\u0131nda olu\u015fabilecek beklenmedik sa\u011fl\u0131k harcamalar\u0131na kar\u015f\u0131 sizi g\u00fcvence alt\u0131na al\u0131r. SYM Sigorta olarak, seyahat planlar\u0131n\u0131za ve ihtiya\u00e7lar\u0131n\u0131za en uygun seyahat sa\u011fl\u0131k sigortas\u0131 \u00e7\u00f6z\u00fcmlerini sunuyoruz. Seyahat [&hellip;]<\/p>\n","protected":false},"author":1,"featured_media":0,"parent":0,"menu_order":0,"comment_status":"closed","ping_status":"closed","template":"","meta":{"footnotes":""},"class_list":["post-549","page","type-page","status-publish","hentry"],"_links":{"self":[{"href":"https:\/\/bisigortayap.com\/index.php\/wp-json\/wp\/v2\/pages\/549","targetHints":{"allow":["GET"]}}],"collection":[{"href":"https:\/\/bisigortayap.com\/index.php\/wp-json\/wp\/v2\/pages"}],"about":[{"href":"https:\/\/bisigortayap.com\/index.php\/wp-json\/wp\/v2\/types\/page"}],"author":[{"embeddable":true,"href":"https:\/\/bisigortayap.com\/index.php\/wp-json\/wp\/v2\/users\/1"}],"replies":[{"embeddable":true,"href":"https:\/\/bisigortayap.com\/index.php\/wp-json\/wp\/v2\/comments?post=549"}],"version-history":[{"count":7,"href":"https:\/\/bisigortayap.com\/index.php\/wp-json\/wp\/v2\/pages\/549\/revisions"}],"predecessor-version":[{"id":703,"href":"https:\/\/bisigortayap.com\/index.php\/wp-json\/wp\/v2\/pages\/549\/revisions\/703"}],"wp:attachment":[{"href":"https:\/\/bisigortayap.com\/index.php\/wp-json\/wp\/v2\/media?parent=549"}],"curies":[{"name":"wp","href":"https:\/\/api.w.org\/{rel}","templated":true}]}}