{"id":555,"date":"2025-12-27T07:09:40","date_gmt":"2025-12-27T07:09:40","guid":{"rendered":"https:\/\/bisigortayap.com\/?page_id=555"},"modified":"2025-12-27T13:39:14","modified_gmt":"2025-12-27T13:39:14","slug":"yabanci-saglik-sigortasi","status":"publish","type":"page","link":"https:\/\/bisigortayap.com\/index.php\/yabanci-saglik-sigortasi\/","title":{"rendered":"Yabanc\u0131 Sa\u011fl\u0131k Sigortas\u0131"},"content":{"rendered":"\t\t<div data-elementor-type=\"wp-page\" data-elementor-id=\"555\" class=\"elementor elementor-555\" data-elementor-post-type=\"page\">\n\t\t\t\t<div class=\"elementor-element elementor-element-5d30ea7 e-flex e-con-boxed e-con e-parent\" data-id=\"5d30ea7\" data-element_type=\"container\" data-e-type=\"container\">\n\t\t\t\t\t<div class=\"e-con-inner\">\n\t\t<div class=\"elementor-element elementor-element-0eb0779 e-con-full e-flex e-con e-child\" data-id=\"0eb0779\" data-element_type=\"container\" data-e-type=\"container\">\n\t\t\t\t<div class=\"elementor-element elementor-element-ccc7c58 elementor-widget elementor-widget-text-editor\" data-id=\"ccc7c58\" data-element_type=\"widget\" data-e-type=\"widget\" data-widget_type=\"text-editor.default\">\n\t\t\t\t\t\t\t\t\t<h1 data-start=\"207\" data-end=\"242\">Yabanc\u0131 Sa\u011fl\u0131k Sigortas\u0131 Nedir?<\/h1><h2 data-start=\"243\" data-end=\"285\">SYM Sigorta ile T\u00fcrkiye\u2019de G\u00fcvende Olun<\/h2><p data-start=\"287\" data-end=\"718\">T\u00fcrkiye\u2019de ikamet eden veya uzun s\u00fcreli bulunacak yabanc\u0131 uyruklu ki\u015filer i\u00e7in sa\u011fl\u0131k g\u00fcvencesi b\u00fcy\u00fck \u00f6nem ta\u015f\u0131r. <strong data-start=\"401\" data-end=\"429\">Yabanc\u0131 Sa\u011fl\u0131k Sigortas\u0131<\/strong>, T\u00fcrkiye\u2019de ya\u015fayan yabanc\u0131lar\u0131n \u00f6zel hastanelerde ve sa\u011fl\u0131k kurulu\u015flar\u0131nda sa\u011fl\u0131k hizmetlerinden yararlanabilmesini sa\u011flayan yasal ve g\u00fcvenilir bir sigorta \u00e7\u00f6z\u00fcm\u00fcd\u00fcr. <strong data-start=\"598\" data-end=\"613\">SYM Sigorta<\/strong> olarak, oturum izni ve ikamet s\u00fcre\u00e7lerine uygun yabanc\u0131 sa\u011fl\u0131k sigortas\u0131 poli\u00e7elerini sizlere sunuyoruz.<\/p><hr data-start=\"720\" data-end=\"723\" \/><h2 data-start=\"725\" data-end=\"759\">Yabanc\u0131 Sa\u011fl\u0131k Sigortas\u0131 Nedir?<\/h2><p data-start=\"760\" data-end=\"1067\"><strong data-start=\"760\" data-end=\"788\">Yabanc\u0131 Sa\u011fl\u0131k Sigortas\u0131<\/strong>, T\u00fcrkiye\u2019de ikamet eden yabanc\u0131 uyruklu ki\u015filerin, ikamet izni ba\u015fvurular\u0131nda zorunlu tutulan sa\u011fl\u0131k sigortas\u0131 \u015fart\u0131n\u0131 kar\u015f\u0131layan bir sigorta t\u00fcr\u00fcd\u00fcr. Poli\u00e7e s\u00fcresi boyunca meydana gelebilecek ani hastal\u0131k ve kazalara ba\u011fl\u0131 tedavi masraflar\u0131 poli\u00e7e kapsam\u0131 dahilinde kar\u015f\u0131lan\u0131r.<\/p><hr data-start=\"1069\" data-end=\"1072\" \/><h2 data-start=\"1074\" data-end=\"1116\">Yabanc\u0131 Sa\u011fl\u0131k Sigortas\u0131 Neleri Kapsar?<\/h2><p data-start=\"1117\" data-end=\"1256\">Yabanc\u0131 sa\u011fl\u0131k sigortas\u0131, Sa\u011fl\u0131k Bakanl\u0131\u011f\u0131 ve G\u00f6\u00e7 \u0130daresi Genel M\u00fcd\u00fcrl\u00fc\u011f\u00fc kriterlerine uygun teminatlar i\u00e7erir. Genel kapsam \u015fu \u015fekildedir:<\/p><h3 data-start=\"1258\" data-end=\"1290\">\ud83d\udd39 Ayakta Tedavi Teminatlar\u0131<\/h3><ul data-start=\"1291\" data-end=\"1387\"><li data-start=\"1291\" data-end=\"1313\"><p data-start=\"1293\" data-end=\"1313\">Doktor muayeneleri<\/p><\/li><li data-start=\"1314\" data-end=\"1349\"><p data-start=\"1316\" data-end=\"1349\">Laboratuvar ve tahlil i\u015flemleri<\/p><\/li><li data-start=\"1350\" data-end=\"1387\"><p data-start=\"1352\" data-end=\"1387\">R\u00f6ntgen ve g\u00f6r\u00fcnt\u00fcleme hizmetleri<\/p><\/li><\/ul><h3 data-start=\"1389\" data-end=\"1422\">\ud83d\udd39 Yatarak Tedavi Teminatlar\u0131<\/h3><ul data-start=\"1423\" data-end=\"1515\"><li data-start=\"1423\" data-end=\"1444\"><p data-start=\"1425\" data-end=\"1444\">Hastane yat\u0131\u015flar\u0131<\/p><\/li><li data-start=\"1445\" data-end=\"1467\"><p data-start=\"1447\" data-end=\"1467\">Ameliyat giderleri<\/p><\/li><li data-start=\"1468\" data-end=\"1494\"><p data-start=\"1470\" data-end=\"1494\">Yo\u011fun bak\u0131m hizmetleri<\/p><\/li><li data-start=\"1495\" data-end=\"1515\"><p data-start=\"1497\" data-end=\"1515\">Acil m\u00fcdahaleler<\/p><\/li><\/ul><blockquote data-start=\"1517\" data-end=\"1605\"><p data-start=\"1519\" data-end=\"1605\">Teminat limitleri sigorta \u015firketine ve poli\u00e7e \u015fartlar\u0131na g\u00f6re de\u011fi\u015fiklik g\u00f6sterebilir.<\/p><\/blockquote><hr data-start=\"1607\" data-end=\"1610\" \/><h2 data-start=\"1612\" data-end=\"1657\">Yabanc\u0131 Sa\u011fl\u0131k Sigortas\u0131 Neden Gereklidir?<\/h2><ul data-start=\"1658\" data-end=\"1877\"><li data-start=\"1658\" data-end=\"1703\"><p data-start=\"1660\" data-end=\"1703\">\u0130kamet izni ba\u015fvurular\u0131nda <strong data-start=\"1687\" data-end=\"1701\">zorunludur<\/strong><\/p><\/li><li data-start=\"1704\" data-end=\"1765\"><p data-start=\"1706\" data-end=\"1765\">T\u00fcrkiye\u2019de \u00f6zel hastanelerde sa\u011fl\u0131k hizmeti almay\u0131 sa\u011flar<\/p><\/li><li data-start=\"1766\" data-end=\"1825\"><p data-start=\"1768\" data-end=\"1825\">Y\u00fcksek tedavi maliyetlerine kar\u015f\u0131 ekonomik koruma sunar<\/p><\/li><li data-start=\"1826\" data-end=\"1877\"><p data-start=\"1828\" data-end=\"1877\">Yabanc\u0131 uyruklular i\u00e7in yasal g\u00fcvence olu\u015fturur<\/p><\/li><\/ul><hr data-start=\"1879\" data-end=\"1882\" \/><h2 data-start=\"1884\" data-end=\"1941\">SYM Sigorta ile Yabanc\u0131 Sa\u011fl\u0131k Sigortas\u0131 Ayr\u0131cal\u0131klar\u0131<\/h2><p data-start=\"1942\" data-end=\"2041\"><strong data-start=\"1942\" data-end=\"1957\">SYM Sigorta<\/strong>, yabanc\u0131 sa\u011fl\u0131k sigortas\u0131 s\u00fcrecinde do\u011fru poli\u00e7eyi h\u0131zl\u0131 ve sorunsuz \u015fekilde sunar.<\/p><p data-start=\"2043\" data-end=\"2062\">SYM Sigorta olarak:<\/p><ul data-start=\"2063\" data-end=\"2262\"><li data-start=\"2063\" data-end=\"2104\"><p data-start=\"2065\" data-end=\"2104\">\u0130kamet iznine uygun poli\u00e7e d\u00fczenleriz<\/p><\/li><li data-start=\"2105\" data-end=\"2155\"><p data-start=\"2107\" data-end=\"2155\">H\u0131zl\u0131 teklif ve ayn\u0131 g\u00fcn poli\u00e7e imk\u00e2n\u0131 sunar\u0131z<\/p><\/li><li data-start=\"2156\" data-end=\"2198\"><p data-start=\"2158\" data-end=\"2198\">\u00c7ok dilli dan\u0131\u015fmanl\u0131k deste\u011fi sa\u011flar\u0131z<\/p><\/li><li data-start=\"2199\" data-end=\"2262\"><p data-start=\"2201\" data-end=\"2262\">Sat\u0131\u015f sonras\u0131 destek ve hasar s\u00fcre\u00e7lerinde yan\u0131n\u0131zda oluruz<\/p><\/li><\/ul><hr data-start=\"2264\" data-end=\"2267\" \/><h2 data-start=\"2269\" data-end=\"2306\">Yabanc\u0131 Sa\u011fl\u0131k Sigortas\u0131 Fiyatlar\u0131<\/h2><p data-start=\"2307\" data-end=\"2538\">Yabanc\u0131 sa\u011fl\u0131k sigortas\u0131 fiyatlar\u0131; sigortal\u0131n\u0131n ya\u015f\u0131, poli\u00e7e s\u00fcresi ve se\u00e7ilen teminatlara g\u00f6re de\u011fi\u015fiklik g\u00f6sterir. <strong data-start=\"2425\" data-end=\"2440\">SYM Sigorta<\/strong> arac\u0131l\u0131\u011f\u0131yla sunulan poli\u00e7eler, hem yasal gerekliliklere uygundur hem de ekonomik \u00e7\u00f6z\u00fcmler sunar.<\/p><hr data-start=\"2540\" data-end=\"2543\" \/><h2 data-start=\"2545\" data-end=\"2590\">T\u00fcrkiye\u2019de Sa\u011fl\u0131\u011f\u0131n\u0131z\u0131 G\u00fcvence Alt\u0131na Al\u0131n<\/h2><p data-start=\"2591\" data-end=\"2792\">T\u00fcrkiye\u2019de g\u00fcvenli ve sorunsuz bir ya\u015fam i\u00e7in <strong data-start=\"2637\" data-end=\"2665\">Yabanc\u0131 Sa\u011fl\u0131k Sigortas\u0131<\/strong> yapt\u0131rmak b\u00fcy\u00fck \u00f6nem ta\u015f\u0131r. \u0130kamet izni s\u00fcrecinizde zaman kaybetmeden, <strong data-start=\"2737\" data-end=\"2752\">SYM Sigorta<\/strong> g\u00fcvencesiyle do\u011fru poli\u00e7eye sahip olun.<\/p><p data-start=\"2794\" data-end=\"2875\">\ud83d\udc49 <strong data-start=\"2797\" data-end=\"2875\">Yabanc\u0131 sa\u011fl\u0131k sigortas\u0131 teklifi almak i\u00e7in bizimle hemen ileti\u015fime ge\u00e7in.<\/strong><\/p>\t\t\t\t\t\t\t\t<\/div>\n\t\t\t\t<\/div>\n\t\t<div class=\"elementor-element elementor-element-c191572 e-con-full e-flex e-con e-child\" data-id=\"c191572\" data-element_type=\"container\" data-e-type=\"container\">\n\t\t<div class=\"elementor-element elementor-element-49dbc50 e-con-full e-flex e-con e-child\" data-id=\"49dbc50\" data-element_type=\"container\" data-e-type=\"container\">\n\t\t\t\t<div class=\"elementor-element elementor-element-cc6da4b elementor-widget elementor-widget-heading\" data-id=\"cc6da4b\" data-element_type=\"widget\" data-e-type=\"widget\" data-widget_type=\"heading.default\">\n\t\t\t\t\t<h2 class=\"elementor-heading-title elementor-size-default\">Yabanc\u0131 Sa\u011fl\u0131k Sigortas\u0131 Formu<\/h2>\t\t\t\t<\/div>\n\t\t\t\t<\/div>\n\t\t<div class=\"elementor-element elementor-element-e1194dc e-con-full e-flex e-con e-child\" data-id=\"e1194dc\" data-element_type=\"container\" data-e-type=\"container\">\n\t\t\t\t<div class=\"elementor-element elementor-element-ae1492b elementor-button-align-stretch elementor-widget elementor-widget-form\" data-id=\"ae1492b\" data-element_type=\"widget\" data-e-type=\"widget\" data-settings=\"{&quot;step_next_label&quot;:&quot;Next&quot;,&quot;step_previous_label&quot;:&quot;Previous&quot;,&quot;button_width&quot;:&quot;100&quot;,&quot;step_type&quot;:&quot;number_text&quot;,&quot;step_icon_shape&quot;:&quot;circle&quot;}\" data-widget_type=\"form.default\">\n\t\t\t\t\t\t\t<form class=\"elementor-form\" method=\"post\" name=\"New Form\" aria-label=\"New Form\">\n\t\t\t<input type=\"hidden\" name=\"post_id\" value=\"555\"\/>\n\t\t\t<input type=\"hidden\" name=\"form_id\" value=\"ae1492b\"\/>\n\t\t\t<input type=\"hidden\" name=\"referer_title\" value=\"Yabanc\u0131 Sa\u011fl\u0131k Sigortas\u0131\" \/>\n\n\t\t\t\t\t\t\t<input type=\"hidden\" name=\"queried_id\" value=\"555\"\/>\n\t\t\t\n\t\t\t<div class=\"elementor-form-fields-wrapper elementor-labels-above\">\n\t\t\t\t\t\t\t\t<div class=\"elementor-field-type-text elementor-field-group elementor-column elementor-field-group-name elementor-col-100\">\n\t\t\t\t\t\t\t\t\t\t\t\t<label for=\"form-field-name\" class=\"elementor-field-label\">\n\t\t\t\t\t\t\t\t\u0130sim\t\t\t\t\t\t\t<\/label>\n\t\t\t\t\t\t\t\t\t\t\t\t\t\t<input size=\"1\" type=\"text\" name=\"form_fields[name]\" id=\"form-field-name\" class=\"elementor-field elementor-size-sm  elementor-field-textual\" placeholder=\"\u0130sim\">\n\t\t\t\t\t\t\t\t\t\t\t<\/div>\n\t\t\t\t\t\t\t\t<div class=\"elementor-field-type-tel elementor-field-group elementor-column elementor-field-group-email elementor-col-100 elementor-field-required\">\n\t\t\t\t\t\t\t\t\t\t\t\t<label for=\"form-field-email\" class=\"elementor-field-label\">\n\t\t\t\t\t\t\t\tTelefon Numaras\u0131\t\t\t\t\t\t\t<\/label>\n\t\t\t\t\t\t\t\t<input size=\"1\" type=\"tel\" name=\"form_fields[email]\" id=\"form-field-email\" class=\"elementor-field elementor-size-sm  elementor-field-textual\" placeholder=\"Telefon Numaras\u0131\" required=\"required\" pattern=\"[0-9()#&amp;+*-=.]+\" title=\"Only numbers and phone characters (#, -, *, etc) are accepted.\">\n\n\t\t\t\t\t\t<\/div>\n\t\t\t\t\t\t\t\t<div class=\"elementor-field-type-textarea elementor-field-group elementor-column elementor-field-group-message elementor-col-100\">\n\t\t\t\t\t\t\t\t\t\t\t\t<label for=\"form-field-message\" class=\"elementor-field-label\">\n\t\t\t\t\t\t\t\tMesaj\u0131n\u0131z\t\t\t\t\t\t\t<\/label>\n\t\t\t\t\t\t<textarea class=\"elementor-field-textual elementor-field  elementor-size-sm\" name=\"form_fields[message]\" id=\"form-field-message\" rows=\"4\" placeholder=\"Mesaj\"><\/textarea>\t\t\t\t<\/div>\n\t\t\t\t\t\t\t\t<div class=\"elementor-field-group elementor-column elementor-field-type-submit elementor-col-100 e-form__buttons\">\n\t\t\t\t\t<button class=\"elementor-button elementor-size-sm\" type=\"submit\">\n\t\t\t\t\t\t<span class=\"elementor-button-content-wrapper\">\n\t\t\t\t\t\t\t\t\t\t\t\t\t\t\t\t\t\t\t\t\t\t<span class=\"elementor-button-text\">Send<\/span>\n\t\t\t\t\t\t\t\t\t\t\t\t\t<\/span>\n\t\t\t\t\t<\/button>\n\t\t\t\t<\/div>\n\t\t\t<\/div>\n\t\t<\/form>\n\t\t\t\t\t\t<\/div>\n\t\t\t\t<\/div>\n\t\t<div class=\"elementor-element elementor-element-84a6081 e-con-full e-flex e-con e-child\" data-id=\"84a6081\" data-element_type=\"container\" data-e-type=\"container\">\n\t\t\t\t<\/div>\n\t\t\t\t<\/div>\n\t\t\t\t\t<\/div>\n\t\t\t\t<\/div>\n\t\t<div class=\"elementor-element elementor-element-3a1ea37 e-flex e-con-boxed e-con e-parent\" data-id=\"3a1ea37\" data-element_type=\"container\" data-e-type=\"container\">\n\t\t\t\t\t<div class=\"e-con-inner\">\n\t\t<div class=\"elementor-element elementor-element-6b89aa3 e-con-full e-flex e-con e-child\" data-id=\"6b89aa3\" data-element_type=\"container\" data-e-type=\"container\">\n\t\t<div class=\"elementor-element elementor-element-c37f2bc e-con-full e-flex e-con e-child\" data-id=\"c37f2bc\" data-element_type=\"container\" data-e-type=\"container\">\n\t\t<div class=\"elementor-element elementor-element-6285859 e-con-full e-flex e-con e-child\" data-id=\"6285859\" data-element_type=\"container\" data-e-type=\"container\">\n\t\t<div class=\"elementor-element elementor-element-0647734 e-con-full e-flex e-con e-child\" data-id=\"0647734\" data-element_type=\"container\" data-e-type=\"container\">\n\t\t<div class=\"elementor-element elementor-element-8e2bd9d e-con-full e-flex e-con e-child\" data-id=\"8e2bd9d\" data-element_type=\"container\" data-e-type=\"container\">\n\t\t\t\t<div class=\"elementor-element elementor-element-f7e366f elementor-widget elementor-widget-heading\" data-id=\"f7e366f\" data-element_type=\"widget\" data-e-type=\"widget\" data-widget_type=\"heading.default\">\n\t\t\t\t\t<h2 class=\"elementor-heading-title elementor-size-default\">Bize Ula\u015f\u0131n<\/h2>\t\t\t\t<\/div>\n\t\t\t\t<div class=\"elementor-element elementor-element-0e79c6e elementor-widget elementor-widget-heading\" data-id=\"0e79c6e\" data-element_type=\"widget\" data-e-type=\"widget\" data-widget_type=\"heading.default\">\n\t\t\t\t\t<h2 class=\"elementor-heading-title elementor-size-default\">\u0130leti\u015fim Bilgileri<\/h2>\t\t\t\t<\/div>\n\t\t\t\t<div class=\"elementor-element elementor-element-9fb41ec elementor-widget elementor-widget-text-editor\" data-id=\"9fb41ec\" data-element_type=\"widget\" data-e-type=\"widget\" data-widget_type=\"text-editor.default\">\n\t\t\t\t\t\t\t\t\t<p>Bizimle ileti\u015fime ge\u00e7mek i\u00e7in gerekli bilgileri a\u015fa\u011f\u0131da bulabilirsiniz. Size en k\u0131sa s\u00fcrede d\u00f6n\u00fc\u015f yapmaktan memnuniyet duyar\u0131z.<\/p>\t\t\t\t\t\t\t\t<\/div>\n\t\t\t\t<div class=\"elementor-element elementor-element-c8292cb elementor-tablet-align-start elementor-mobile-align-start elementor-icon-list--layout-traditional elementor-list-item-link-full_width elementor-widget elementor-widget-icon-list\" data-id=\"c8292cb\" data-element_type=\"widget\" data-e-type=\"widget\" data-widget_type=\"icon-list.default\">\n\t\t\t\t\t\t\t<ul class=\"elementor-icon-list-items\">\n\t\t\t\t\t\t\t<li class=\"elementor-icon-list-item\">\n\t\t\t\t\t\t\t\t\t\t\t<span class=\"elementor-icon-list-icon\">\n\t\t\t\t\t\t\t<svg aria-hidden=\"true\" class=\"e-font-icon-svg e-fas-phone\" viewBox=\"0 0 512 512\" xmlns=\"http:\/\/www.w3.org\/2000\/svg\"><path d=\"M493.4 24.6l-104-24c-11.3-2.6-22.9 3.3-27.5 13.9l-48 112c-4.2 9.8-1.4 21.3 6.9 28l60.6 49.6c-36 76.7-98.9 140.5-177.2 177.2l-49.6-60.6c-6.8-8.3-18.2-11.1-28-6.9l-112 48C3.9 366.5-2 378.1.6 389.4l24 104C27.1 504.2 36.7 512 48 512c256.1 0 464-207.5 464-464 0-11.2-7.7-20.9-18.6-23.4z\"><\/path><\/svg>\t\t\t\t\t\t<\/span>\n\t\t\t\t\t\t\t\t\t\t<span class=\"elementor-icon-list-text\">+90 549 291 07 07<\/span>\n\t\t\t\t\t\t\t\t\t<\/li>\n\t\t\t\t\t\t\t\t<li class=\"elementor-icon-list-item\">\n\t\t\t\t\t\t\t\t\t\t\t<span class=\"elementor-icon-list-icon\">\n\t\t\t\t\t\t\t<svg aria-hidden=\"true\" class=\"e-font-icon-svg e-fas-envelope\" viewBox=\"0 0 512 512\" xmlns=\"http:\/\/www.w3.org\/2000\/svg\"><path d=\"M502.3 190.8c3.9-3.1 9.7-.2 9.7 4.7V400c0 26.5-21.5 48-48 48H48c-26.5 0-48-21.5-48-48V195.6c0-5 5.7-7.8 9.7-4.7 22.4 17.4 52.1 39.5 154.1 113.6 21.1 15.4 56.7 47.8 92.2 47.6 35.7.3 72-32.8 92.3-47.6 102-74.1 131.6-96.3 154-113.7zM256 320c23.2.4 56.6-29.2 73.4-41.4 132.7-96.3 142.8-104.7 173.4-128.7 5.8-4.5 9.2-11.5 9.2-18.9v-19c0-26.5-21.5-48-48-48H48C21.5 64 0 85.5 0 112v19c0 7.4 3.4 14.3 9.2 18.9 30.6 23.9 40.7 32.4 173.4 128.7 16.8 12.2 50.2 41.8 73.4 41.4z\"><\/path><\/svg>\t\t\t\t\t\t<\/span>\n\t\t\t\t\t\t\t\t\t\t<span class=\"elementor-icon-list-text\">sym@symsigorta.com<\/span>\n\t\t\t\t\t\t\t\t\t<\/li>\n\t\t\t\t\t\t\t\t<li class=\"elementor-icon-list-item\">\n\t\t\t\t\t\t\t\t\t\t\t<span class=\"elementor-icon-list-icon\">\n\t\t\t\t\t\t\t<svg aria-hidden=\"true\" class=\"e-font-icon-svg e-fas-map-marker-alt\" viewBox=\"0 0 384 512\" xmlns=\"http:\/\/www.w3.org\/2000\/svg\"><path d=\"M172.268 501.67C26.97 291.031 0 269.413 0 192 0 85.961 85.961 0 192 0s192 85.961 192 192c0 77.413-26.97 99.031-172.268 309.67-9.535 13.774-29.93 13.773-39.464 0zM192 272c44.183 0 80-35.817 80-80s-35.817-80-80-80-80 35.817-80 80 35.817 80 80 80z\"><\/path><\/svg>\t\t\t\t\t\t<\/span>\n\t\t\t\t\t\t\t\t\t\t<span class=\"elementor-icon-list-text\">Meltem Mh. 4. Cd. Belgen Sitesi 9.blok B Muratpa\u015fa Antalya<\/span>\n\t\t\t\t\t\t\t\t\t<\/li>\n\t\t\t\t\t\t<\/ul>\n\t\t\t\t\t\t<\/div>\n\t\t\t\t<div class=\"elementor-element elementor-element-1ee7e29 e-grid-align-mobile-left elementor-shape-rounded elementor-grid-0 elementor-widget elementor-widget-social-icons\" data-id=\"1ee7e29\" data-element_type=\"widget\" data-e-type=\"widget\" data-widget_type=\"social-icons.default\">\n\t\t\t\t\t\t\t<div class=\"elementor-social-icons-wrapper elementor-grid\" role=\"list\">\n\t\t\t\t\t\t\t<span class=\"elementor-grid-item\" role=\"listitem\">\n\t\t\t\t\t<a class=\"elementor-icon elementor-social-icon elementor-social-icon-facebook-f elementor-repeater-item-0267196\" href=\"https:\/\/www.facebook.com\/profile.php?id=100063577691944&#038;locale=gn_PY\" target=\"_blank\">\n\t\t\t\t\t\t<span class=\"elementor-screen-only\">Facebook-f<\/span>\n\t\t\t\t\t\t<svg aria-hidden=\"true\" class=\"e-font-icon-svg e-fab-facebook-f\" viewBox=\"0 0 320 512\" xmlns=\"http:\/\/www.w3.org\/2000\/svg\"><path d=\"M279.14 288l14.22-92.66h-88.91v-60.13c0-25.35 12.42-50.06 52.24-50.06h40.42V6.26S260.43 0 225.36 0c-73.22 0-121.08 44.38-121.08 124.72v70.62H22.89V288h81.39v224h100.17V288z\"><\/path><\/svg>\t\t\t\t\t<\/a>\n\t\t\t\t<\/span>\n\t\t\t\t\t\t\t<span class=\"elementor-grid-item\" role=\"listitem\">\n\t\t\t\t\t<a class=\"elementor-icon elementor-social-icon elementor-social-icon-whatsapp elementor-repeater-item-dc10550\" href=\"https:\/\/wa.me\/905492910707\" target=\"_blank\">\n\t\t\t\t\t\t<span class=\"elementor-screen-only\">Whatsapp<\/span>\n\t\t\t\t\t\t<svg aria-hidden=\"true\" class=\"e-font-icon-svg e-fab-whatsapp\" viewBox=\"0 0 448 512\" xmlns=\"http:\/\/www.w3.org\/2000\/svg\"><path d=\"M380.9 97.1C339 55.1 283.2 32 223.9 32c-122.4 0-222 99.6-222 222 0 39.1 10.2 77.3 29.6 111L0 480l117.7-30.9c32.4 17.7 68.9 27 106.1 27h.1c122.3 0 224.1-99.6 224.1-222 0-59.3-25.2-115-67.1-157zm-157 341.6c-33.2 0-65.7-8.9-94-25.7l-6.7-4-69.8 18.3L72 359.2l-4.4-7c-18.5-29.4-28.2-63.3-28.2-98.2 0-101.7 82.8-184.5 184.6-184.5 49.3 0 95.6 19.2 130.4 54.1 34.8 34.9 56.2 81.2 56.1 130.5 0 101.8-84.9 184.6-186.6 184.6zm101.2-138.2c-5.5-2.8-32.8-16.2-37.9-18-5.1-1.9-8.8-2.8-12.5 2.8-3.7 5.6-14.3 18-17.6 21.8-3.2 3.7-6.5 4.2-12 1.4-32.6-16.3-54-29.1-75.5-66-5.7-9.8 5.7-9.1 16.3-30.3 1.8-3.7.9-6.9-.5-9.7-1.4-2.8-12.5-30.1-17.1-41.2-4.5-10.8-9.1-9.3-12.5-9.5-3.2-.2-6.9-.2-10.6-.2-3.7 0-9.7 1.4-14.8 6.9-5.1 5.6-19.4 19-19.4 46.3 0 27.3 19.9 53.7 22.6 57.4 2.8 3.7 39.1 59.7 94.8 83.8 35.2 15.2 49 16.5 66.6 13.9 10.7-1.6 32.8-13.4 37.4-26.4 4.6-13 4.6-24.1 3.2-26.4-1.3-2.5-5-3.9-10.5-6.6z\"><\/path><\/svg>\t\t\t\t\t<\/a>\n\t\t\t\t<\/span>\n\t\t\t\t\t\t\t<span class=\"elementor-grid-item\" role=\"listitem\">\n\t\t\t\t\t<a class=\"elementor-icon elementor-social-icon elementor-social-icon-instagram elementor-repeater-item-2146622\" href=\"https:\/\/www.instagram.com\/sym_sigorta_ltd_sti\/\" target=\"_blank\">\n\t\t\t\t\t\t<span class=\"elementor-screen-only\">Instagram<\/span>\n\t\t\t\t\t\t<svg aria-hidden=\"true\" class=\"e-font-icon-svg e-fab-instagram\" viewBox=\"0 0 448 512\" xmlns=\"http:\/\/www.w3.org\/2000\/svg\"><path d=\"M224.1 141c-63.6 0-114.9 51.3-114.9 114.9s51.3 114.9 114.9 114.9S339 319.5 339 255.9 287.7 141 224.1 141zm0 189.6c-41.1 0-74.7-33.5-74.7-74.7s33.5-74.7 74.7-74.7 74.7 33.5 74.7 74.7-33.6 74.7-74.7 74.7zm146.4-194.3c0 14.9-12 26.8-26.8 26.8-14.9 0-26.8-12-26.8-26.8s12-26.8 26.8-26.8 26.8 12 26.8 26.8zm76.1 27.2c-1.7-35.9-9.9-67.7-36.2-93.9-26.2-26.2-58-34.4-93.9-36.2-37-2.1-147.9-2.1-184.9 0-35.8 1.7-67.6 9.9-93.9 36.1s-34.4 58-36.2 93.9c-2.1 37-2.1 147.9 0 184.9 1.7 35.9 9.9 67.7 36.2 93.9s58 34.4 93.9 36.2c37 2.1 147.9 2.1 184.9 0 35.9-1.7 67.7-9.9 93.9-36.2 26.2-26.2 34.4-58 36.2-93.9 2.1-37 2.1-147.8 0-184.8zM398.8 388c-7.8 19.6-22.9 34.7-42.6 42.6-29.5 11.7-99.5 9-132.1 9s-102.7 2.6-132.1-9c-19.6-7.8-34.7-22.9-42.6-42.6-11.7-29.5-9-99.5-9-132.1s-2.6-102.7 9-132.1c7.8-19.6 22.9-34.7 42.6-42.6 29.5-11.7 99.5-9 132.1-9s102.7-2.6 132.1 9c19.6 7.8 34.7 22.9 42.6 42.6 11.7 29.5 9 99.5 9 132.1s2.7 102.7-9 132.1z\"><\/path><\/svg>\t\t\t\t\t<\/a>\n\t\t\t\t<\/span>\n\t\t\t\t\t<\/div>\n\t\t\t\t\t\t<\/div>\n\t\t\t\t<\/div>\n\t\t\t\t<\/div>\n\t\t<div class=\"elementor-element elementor-element-c5ea8e2 e-con-full e-flex e-con e-child\" data-id=\"c5ea8e2\" data-element_type=\"container\" data-e-type=\"container\">\n\t\t\t\t<div class=\"elementor-element elementor-element-eb06006 elementor-widget elementor-widget-google_maps\" data-id=\"eb06006\" data-element_type=\"widget\" data-e-type=\"widget\" data-widget_type=\"google_maps.default\">\n\t\t\t\t\t\t\t<div class=\"elementor-custom-embed\">\n\t\t\t<iframe loading=\"lazy\"\n\t\t\t\t\tsrc=\"https:\/\/maps.google.com\/maps?q=sym%20sigorta&#038;t=m&#038;z=13&#038;output=embed&#038;iwloc=near\"\n\t\t\t\t\ttitle=\"sym sigorta\"\n\t\t\t\t\taria-label=\"sym sigorta\"\n\t\t\t><\/iframe>\n\t\t<\/div>\n\t\t\t\t\t\t<\/div>\n\t\t\t\t<\/div>\n\t\t\t\t<\/div>\n\t\t\t\t<\/div>\n\t\t\t\t<\/div>\n\t\t\t\t\t<\/div>\n\t\t\t\t<\/div>\n\t\t\t\t<\/div>\n\t\t","protected":false},"excerpt":{"rendered":"<p>Yabanc\u0131 Sa\u011fl\u0131k Sigortas\u0131 Nedir? SYM Sigorta ile T\u00fcrkiye\u2019de G\u00fcvende Olun T\u00fcrkiye\u2019de ikamet eden veya uzun s\u00fcreli bulunacak yabanc\u0131 uyruklu ki\u015filer i\u00e7in sa\u011fl\u0131k g\u00fcvencesi b\u00fcy\u00fck \u00f6nem ta\u015f\u0131r. Yabanc\u0131 Sa\u011fl\u0131k Sigortas\u0131, T\u00fcrkiye\u2019de ya\u015fayan yabanc\u0131lar\u0131n \u00f6zel hastanelerde ve sa\u011fl\u0131k kurulu\u015flar\u0131nda sa\u011fl\u0131k hizmetlerinden yararlanabilmesini sa\u011flayan yasal ve g\u00fcvenilir bir sigorta \u00e7\u00f6z\u00fcm\u00fcd\u00fcr. SYM Sigorta olarak, oturum izni ve ikamet s\u00fcre\u00e7lerine [&hellip;]<\/p>\n","protected":false},"author":1,"featured_media":0,"parent":0,"menu_order":0,"comment_status":"closed","ping_status":"closed","template":"","meta":{"footnotes":""},"class_list":["post-555","page","type-page","status-publish","hentry"],"_links":{"self":[{"href":"https:\/\/bisigortayap.com\/index.php\/wp-json\/wp\/v2\/pages\/555","targetHints":{"allow":["GET"]}}],"collection":[{"href":"https:\/\/bisigortayap.com\/index.php\/wp-json\/wp\/v2\/pages"}],"about":[{"href":"https:\/\/bisigortayap.com\/index.php\/wp-json\/wp\/v2\/types\/page"}],"author":[{"embeddable":true,"href":"https:\/\/bisigortayap.com\/index.php\/wp-json\/wp\/v2\/users\/1"}],"replies":[{"embeddable":true,"href":"https:\/\/bisigortayap.com\/index.php\/wp-json\/wp\/v2\/comments?post=555"}],"version-history":[{"count":7,"href":"https:\/\/bisigortayap.com\/index.php\/wp-json\/wp\/v2\/pages\/555\/revisions"}],"predecessor-version":[{"id":706,"href":"https:\/\/bisigortayap.com\/index.php\/wp-json\/wp\/v2\/pages\/555\/revisions\/706"}],"wp:attachment":[{"href":"https:\/\/bisigortayap.com\/index.php\/wp-json\/wp\/v2\/media?parent=555"}],"curies":[{"name":"wp","href":"https:\/\/api.w.org\/{rel}","templated":true}]}}